{"id":5215,"date":"2019-10-15T15:15:58","date_gmt":"2019-10-15T13:15:58","guid":{"rendered":"http:\/\/klubmamgdynia.pl\/index.php\/produkt\/tm-toys-dodo-puzzle-2w1-16el-kolorowanka-swiateczny-niedzwiadek\/"},"modified":"2026-04-05T23:57:42","modified_gmt":"2026-04-05T21:57:42","slug":"tm-toys-dodo-puzzle-2w1-16el-kolorowanka-swiateczny-niedzwiadek","status":"publish","type":"product","link":"http:\/\/klubmamgdynia.pl\/index.php\/produkt\/tm-toys-dodo-puzzle-2w1-16el-kolorowanka-swiateczny-niedzwiadek\/","title":{"rendered":"Tm Toys Dodo Puzzle 2W1 16el. + Kolorowanka, \u015awi\u0105teczny Nied\u017awiadek"},"content":{"rendered":"<p>Puzzle DODO powsta\u0142y specjalnie z my\u015bl\u0105 o najm\u0142odszych. Mog\u0105 cieszy\u0107 si\u0119 nimi zar\u00f3wno kilkulatki, jak i kilkunastomiesi\u0119czne maluchy. Bogactwo wzor\u00f3w i kolor\u00f3w wprawia w zachwyt. Zabawa puzzlami wzmacnia koncentracj\u0119, uczy cierpliwo\u015bci i kszta\u0142tuje zdolno\u015bci manualne. O ich zaletach mo\u017cna by m\u00f3wi\u0107 wiele, jednak zamiast m\u00f3wi\u0107, lepiej po prostu je uk\u0142ada\u0107 i kszta\u0142towa\u0107 umys\u0142 dziecka ju\u017c od najwcze\u015bniejszych etap\u00f3w jego \u017cycia! Puzzle s\u0105 nie tylko \u015bwietn\u0105 form\u0105 rozrywki, ale te\u017c atrakcyjnym sposobem na pokazanie dziecku \u015bwiata. W ofercie znajduj\u0105 si\u0119 mi\u0119dzy innymi proste 2-elementowe puzzle, gry przy kt\u00f3rych ca\u0142a rodzina przyjemnie sp\u0119dzi czas, oraz rozbudowane puzzle obserwacyjne sk\u0142adaj\u0105ce si\u0119 a\u017c ze 100 element\u00f3w, kt\u00f3re pozwol\u0105 twojemu dziecku \u0107wiczy\u0107 wyobra\u017ani\u0119. To zabawa dla najm\u0142odszych, kt\u00f3ra rozwija u nich ma\u0142\u0105 motoryk\u0119 oraz poprawia koncentracj\u0119. Puzzle z tej serii cechuje sympatyczna i przyjemna stylistyka, kt\u00f3ra zach\u0119ca dziecko do ich u\u0142o\u017cenia. R\u00f3\u017cnorodno\u015b\u0107 puzzli i tematyka obrazk\u00f3w jest bogata w przyjazne i \u0142atwe do przyswojenia informacje, dopasowane do dzieci\u0119cych wymaga\u0144 &#8211; nie tylko wiekowych.Zawarto\u015b\u0107 i cechy zestawu:Na jednej stronie znajduje si\u0119 obrazek z motywem: \u015awi\u0105teczny Nied\u017awiadekNa drugiej ten sam wz\u00f3r w formie kolorowankiIlo\u015b\u0107 element\u00f3w: 16Tekturowe, barwne opakowanie<\/p>\n<h2>Tm Toys Dodo Puzzle 2W1 16el. + Kolorowanka, \u015awi\u0105teczny Nied\u017awiadek TM Toys<\/h2>\n<p>kr\u00f3tkie bajki do czytania pdf, bajki na dobranoc, rodzina sentencja, kolorowanki antystresowe, kolorowanka kotka, mia, motyl kolorowanka, miko\u0142ajek &#8211; test z odpowiedziami, z\u0142ote my\u015bli o przyja\u017ani, kolorowanka pikachu, co na roczek dla dziewczynki, zagadki o zimie, opis na dzie\u0144 mamy, w\u0119gierska g\u00f3rka, pawe\u0142, zagadki rymowane, bajki dla chlopcow<\/p>\n<p>yyyyy<\/p>\n<p>&nbsp;<\/p>\n","protected":false},"excerpt":{"rendered":"<p>Puzzle DODO powsta\u0142y specjalnie z my\u015bl\u0105 o najm\u0142odszych. Mog\u0105 cieszy\u0107 si\u0119 nimi zar\u00f3wno kilkulatki, jak i kilkunastomiesi\u0119czne maluchy. Bogactwo wzor\u00f3w i kolor\u00f3w wprawia w zachwyt. Zabawa puzzlami wzmacnia koncentracj\u0119, uczy cierpliwo\u015bci i kszta\u0142tuje zdolno\u015bci manualne. O ich zaletach mo\u017cna by m\u00f3wi\u0107 wiele, jednak zamiast m\u00f3wi\u0107, lepiej po prostu je uk\u0142ada\u0107 i kszta\u0142towa\u0107 umys\u0142 dziecka ju\u017c [&hellip;]<\/p>\n","protected":false},"featured_media":5216,"comment_status":"closed","ping_status":"open","template":"","meta":[],"product_cat":[90,145],"product_tag":[755,706,742,822],"class_list":["post-5215","product","type-product","status-publish","has-post-thumbnail","hentry","product_cat-puzzle","product_cat-tm-toys","product_tag-henryk","product_tag-imie-kuba","product_tag-piosenki-dla-dzieci-tekst","product_tag-wierszyki-o-wakacjach-krotkie"],"_links":{"self":[{"href":"http:\/\/klubmamgdynia.pl\/index.php\/wp-json\/wp\/v2\/product\/5215","targetHints":{"allow":["GET"]}}],"collection":[{"href":"http:\/\/klubmamgdynia.pl\/index.php\/wp-json\/wp\/v2\/product"}],"about":[{"href":"http:\/\/klubmamgdynia.pl\/index.php\/wp-json\/wp\/v2\/types\/product"}],"replies":[{"embeddable":true,"href":"http:\/\/klubmamgdynia.pl\/index.php\/wp-json\/wp\/v2\/comments?post=5215"}],"wp:featuredmedia":[{"embeddable":true,"href":"http:\/\/klubmamgdynia.pl\/index.php\/wp-json\/wp\/v2\/media\/5216"}],"wp:attachment":[{"href":"http:\/\/klubmamgdynia.pl\/index.php\/wp-json\/wp\/v2\/media?parent=5215"}],"wp:term":[{"taxonomy":"product_cat","embeddable":true,"href":"http:\/\/klubmamgdynia.pl\/index.php\/wp-json\/wp\/v2\/product_cat?post=5215"},{"taxonomy":"product_tag","embeddable":true,"href":"http:\/\/klubmamgdynia.pl\/index.php\/wp-json\/wp\/v2\/product_tag?post=5215"}],"curies":[{"name":"wp","href":"https:\/\/api.w.org\/{rel}","templated":true}]}}