{"id":5223,"date":"2023-07-27T12:25:40","date_gmt":"2023-07-27T10:25:40","guid":{"rendered":"http:\/\/klubmamgdynia.pl\/?post_type=product&#038;p=5223"},"modified":"2026-05-02T11:28:46","modified_gmt":"2026-05-02T09:28:46","slug":"kociolek-zeliwny-mysliwski-garnek-ognisko-duzy-8-l","status":"publish","type":"product","link":"http:\/\/klubmamgdynia.pl\/index.php\/produkt\/kociolek-zeliwny-mysliwski-garnek-ognisko-duzy-8-l\/","title":{"rendered":"Kocio\u0142ek \u017beliwny My\u015bliwski Garnek Ognisko Du\u017cy 8 L"},"content":{"rendered":"<p>KOCIO\u0141EK \u017bELIWNY MY\u015aLIWSKI GARNEK OGNISKO DU\u017bY 8 LKOCIO\u0141EK \u017bELIWNY MY\u015aLIWSKIEMALIA RYBNIK &#8211; 8LDoskona\u0142y kocio\u0142ek \u017celiwny wraz z solidn\u0105 pokryw\u0105 oraz stabilnymi n\u00f3\u017ckami. Potrawy przygotowane w kocio\u0142ku maj\u0105 wyj\u0105tkowy smak &#8211; idealny posi\u0142ek w plenerze.\u2714 &#8211; WYSOKA JAKO\u015a\u0106 WYKONANIA\u2714 &#8211; SOLIDNO\u015a\u0106\u2714 &#8211; MO\u017bLIWO\u015a\u0106 ZAWIESZENIA\u2714 &#8211; DOSKONA\u0141Y SMAK POTRAWKocio\u0142ek &#8211; 8 LFUNKCJONALNO\u015a\u0106Kocio\u0142ek zosta\u0142 wykonany z wysokiej jako\u015bci stopu \u017celiwa odpornego na najwy\u017csze temperatury, a tak\u017ce metoda jak\u0105 zosta\u0142 wytworzony gwarantuje:Zachowanie formyOdporny na wysokie temperaturyDobrze i r\u00f3wnomiernie przewodzi ciep\u0142o\u25b6 SOLIDNY, STABILNY, WYTRZYMA\u0141YW\u0141A\u015aCIWO\u015aCIKocio\u0142ek posiada szereg udogodnie\u0144, dzi\u0119ki kt\u00f3rym przygotowanie potrawy b\u0119dzie \u0142atwe w ka\u017cdych warunkach:Kocio\u0142ek mo\u017ce sta\u0107 bezpo\u015brednio na ogniskuPokrywa z otworem &#8211; reguluj\u0105cym ci\u015bnienieMo\u017cliwo\u015b\u0107 zawieszenia nad paleniskiemOdkr\u0119cane n\u00f3\u017ckiPrzykr\u0119cana pokrywaWYJ\u0104TKOWY SMAKKocio\u0142ek my\u015bliwski to doskona\u0142y spos\u00f3b na przygotowanie wyj\u0105tkowych potraw w plenerze.\u25b6 Dobrze przewodzi ciep\u0142o i je r\u00f3wnomiernie rozprowadza. Gruba pow\u0142oka \u017celiwna sprawia, \u017ce bardzo wolno stygnie.Idealny do postawienia na ognisku i przygotowania w nim:chrupi\u0105cych przek\u0105sekgulaszyzupr\u00f3\u017cnych mi\u0119s z warzywamii wiele innych da\u0144.SPECYFIKACJAPojemno\u015b\u0107: 8 LMateria\u0142: \u017beliwoSzeroko\u015b\u0107: 29,5 cmWysoko\u015b\u0107: 27 cmWaga: 12 kg<\/p>\n<h2>Kocio\u0142ek \u017beliwny My\u015bliwski Garnek Ognisko Du\u017cy 8 L Inny<\/h2>\n<p>miasto dzieci, znane misie z film\u00f3w animowanych, filmy na \u015bwi\u0119ta bo\u017cego narodzenia, kolorowanka minionki, prezent na roczek od babci, filmy familijne walta disneya, warszawa dzieci, zabawy z 7 latkiem, dawne ko\u0142ysanki teksty, pomys\u0142 na prezent dla nastolatk\u00f3w, zagadki trudne, jak narysowac kota, prezent dla dziecka na roczek, wierszyk o wakacjach, ko\u0142ysanki dla dzieci + tekst, gad\u017cety dla nastolatek<\/p>\n<p>yyyyy<\/p>\n<p>&nbsp;<\/p>\n","protected":false},"excerpt":{"rendered":"<p>KOCIO\u0141EK \u017bELIWNY MY\u015aLIWSKI GARNEK OGNISKO DU\u017bY 8 LKOCIO\u0141EK \u017bELIWNY MY\u015aLIWSKIEMALIA RYBNIK &#8211; 8LDoskona\u0142y kocio\u0142ek \u017celiwny wraz z solidn\u0105 pokryw\u0105 oraz stabilnymi n\u00f3\u017ckami. Potrawy przygotowane w kocio\u0142ku maj\u0105 wyj\u0105tkowy smak &#8211; idealny posi\u0142ek w plenerze.\u2714 &#8211; WYSOKA JAKO\u015a\u0106 WYKONANIA\u2714 &#8211; SOLIDNO\u015a\u0106\u2714 &#8211; MO\u017bLIWO\u015a\u0106 ZAWIESZENIA\u2714 &#8211; DOSKONA\u0141Y SMAK POTRAWKocio\u0142ek &#8211; 8 LFUNKCJONALNO\u015a\u0106Kocio\u0142ek zosta\u0142 wykonany z wysokiej jako\u015bci [&hellip;]<\/p>\n","protected":false},"featured_media":5224,"comment_status":"closed","ping_status":"open","template":"","meta":[],"product_cat":[169,1316],"product_tag":[845,807,718,846,721],"class_list":["post-5223","product","type-product","status-publish","has-post-thumbnail","hentry","product_cat-inny","product_cat-kociolki","product_tag-ach-spij-kochanie-tekst","product_tag-logiczne-zagadki","product_tag-prezent-na-roczek-dla-chrzesniaka","product_tag-rysowanki","product_tag-zagadki-matematyczne"],"_links":{"self":[{"href":"http:\/\/klubmamgdynia.pl\/index.php\/wp-json\/wp\/v2\/product\/5223","targetHints":{"allow":["GET"]}}],"collection":[{"href":"http:\/\/klubmamgdynia.pl\/index.php\/wp-json\/wp\/v2\/product"}],"about":[{"href":"http:\/\/klubmamgdynia.pl\/index.php\/wp-json\/wp\/v2\/types\/product"}],"replies":[{"embeddable":true,"href":"http:\/\/klubmamgdynia.pl\/index.php\/wp-json\/wp\/v2\/comments?post=5223"}],"wp:featuredmedia":[{"embeddable":true,"href":"http:\/\/klubmamgdynia.pl\/index.php\/wp-json\/wp\/v2\/media\/5224"}],"wp:attachment":[{"href":"http:\/\/klubmamgdynia.pl\/index.php\/wp-json\/wp\/v2\/media?parent=5223"}],"wp:term":[{"taxonomy":"product_cat","embeddable":true,"href":"http:\/\/klubmamgdynia.pl\/index.php\/wp-json\/wp\/v2\/product_cat?post=5223"},{"taxonomy":"product_tag","embeddable":true,"href":"http:\/\/klubmamgdynia.pl\/index.php\/wp-json\/wp\/v2\/product_tag?post=5223"}],"curies":[{"name":"wp","href":"https:\/\/api.w.org\/{rel}","templated":true}]}}