{"id":5225,"date":"2016-01-16T10:08:24","date_gmt":"2016-01-16T09:08:24","guid":{"rendered":"http:\/\/klubmamgdynia.pl\/index.php\/produkt\/nuk-butelka-first-choice-pp-300ml-myszka-miki-mix-kolorow-741717\/"},"modified":"2026-05-17T22:11:29","modified_gmt":"2026-05-17T20:11:29","slug":"nuk-butelka-first-choice-pp-300ml-myszka-miki-mix-kolorow-741717","status":"publish","type":"product","link":"http:\/\/klubmamgdynia.pl\/index.php\/produkt\/nuk-butelka-first-choice-pp-300ml-myszka-miki-mix-kolorow-741717\/","title":{"rendered":"Nuk Butelka First Choice+ Pp 300ml Myszka Miki Mix Kolor\u00f3w 741717"},"content":{"rendered":"<p>NUK Butelka zosta\u0142a wykonana z lekkiego, niet\u0142uk\u0105cego si\u0119 polipropylenu, bez udzia\u0142u bisfenolu A. Wygodnie si\u0119 j\u0105 nape\u0142nia i czy\u015bci. Ponadto jej ergonomiczny kszta\u0142t gwarantuje wygod\u0119 podczas karmienia lub samodzielnego picia. Ulepszony system antykolkowy minimalizuje ryzyko wyst\u0105pienia kolki, kt\u00f3r\u0105 powoduje nadmiar po\u0142ykanego powietrza podczas jedzenia. Smoczek silikonowy z serii First Choice+ ma kszta\u0142t zbli\u017cony do piersi matki i zapewnia prawid\u0142owy rozw\u00f3j szcz\u0119ki, j\u0119zyka i podniebienia, co jest niezmiernie wa\u017cne w p\u00f3\u017aniejszej nauce m\u00f3wienia. Smoczek w razie zniszczenia zawsze mo\u017cna dokupi\u0107. Butelka posiada zdobienia z bajki MYSZKA MIKI.CECHY PRODUKTU:pojemno\u015b\u0107 300 mlwykonana z lekkiego, wytrzyma\u0142ego, niet\u0142uk\u0105cego polipropylenubez bisfenolu A\u0142atwa do nape\u0142nienia i czyszczeniaergonomiczny kszta\u0142t u\u0142atwia karmienie i samodzielne picieseria First Choice +antykolkowy system odpowietrzaj\u0105cysmoczek silikonowy przypominaj\u0105cy pier\u015b matkiwspiera prawid\u0142owy rozw\u00f3j ca\u0142ego aparatu mowy: j\u0119zyka, podniebienia i szcz\u0119kiserii: MYSZKA MIKI1 sztuka.<\/p>\n<h2>Nuk Butelka First Choice+ Pp 300ml Myszka Miki Mix Kolor\u00f3w 741717 NUK<\/h2>\n<p>anio\u0142ki w niebie pisz\u0105, zabawki na roczek dla dziewczynki, wiersze o wio\u015bnie jana brzechwy, znaczenie imienia milosz, zabawy z pi\u0142k\u0105, prima aprilis w szkole, kolorowanka kotki, prezent dla nastolatki<\/p>\n<p>yyyyy<\/p>\n<p>&nbsp;<\/p>\n","protected":false},"excerpt":{"rendered":"<p>NUK Butelka zosta\u0142a wykonana z lekkiego, niet\u0142uk\u0105cego si\u0119 polipropylenu, bez udzia\u0142u bisfenolu A. Wygodnie si\u0119 j\u0105 nape\u0142nia i czy\u015bci. Ponadto jej ergonomiczny kszta\u0142t gwarantuje wygod\u0119 podczas karmienia lub samodzielnego picia. Ulepszony system antykolkowy minimalizuje ryzyko wyst\u0105pienia kolki, kt\u00f3r\u0105 powoduje nadmiar po\u0142ykanego powietrza podczas jedzenia. Smoczek silikonowy z serii First Choice+ ma kszta\u0142t zbli\u017cony do piersi [&hellip;]<\/p>\n","protected":false},"featured_media":5226,"comment_status":"closed","ping_status":"open","template":"","meta":[],"product_cat":[195,251],"product_tag":[593,687,804,773,741],"class_list":["post-5225","product","type-product","status-publish","has-post-thumbnail","hentry","product_cat-butelki","product_cat-nuk","product_tag-jak-narysowac-konia","product_tag-podchwytliwe-zagadki-matematyczne","product_tag-ryz-z-owocami","product_tag-test-z-lektury-opowiesci-z-narnii-lew-czarownica-i-stara-szafa","product_tag-wlochy"],"_links":{"self":[{"href":"http:\/\/klubmamgdynia.pl\/index.php\/wp-json\/wp\/v2\/product\/5225","targetHints":{"allow":["GET"]}}],"collection":[{"href":"http:\/\/klubmamgdynia.pl\/index.php\/wp-json\/wp\/v2\/product"}],"about":[{"href":"http:\/\/klubmamgdynia.pl\/index.php\/wp-json\/wp\/v2\/types\/product"}],"replies":[{"embeddable":true,"href":"http:\/\/klubmamgdynia.pl\/index.php\/wp-json\/wp\/v2\/comments?post=5225"}],"wp:featuredmedia":[{"embeddable":true,"href":"http:\/\/klubmamgdynia.pl\/index.php\/wp-json\/wp\/v2\/media\/5226"}],"wp:attachment":[{"href":"http:\/\/klubmamgdynia.pl\/index.php\/wp-json\/wp\/v2\/media?parent=5225"}],"wp:term":[{"taxonomy":"product_cat","embeddable":true,"href":"http:\/\/klubmamgdynia.pl\/index.php\/wp-json\/wp\/v2\/product_cat?post=5225"},{"taxonomy":"product_tag","embeddable":true,"href":"http:\/\/klubmamgdynia.pl\/index.php\/wp-json\/wp\/v2\/product_tag?post=5225"}],"curies":[{"name":"wp","href":"https:\/\/api.w.org\/{rel}","templated":true}]}}