{"id":5227,"date":"2020-11-16T16:53:46","date_gmt":"2020-11-16T15:53:46","guid":{"rendered":"http:\/\/klubmamgdynia.pl\/index.php\/produkt\/petitemars-wkladka-do-fotelika-3d-aero-ciemnoszara-9-18kg\/"},"modified":"2026-04-06T03:28:55","modified_gmt":"2026-04-06T01:28:55","slug":"petitemars-wkladka-do-fotelika-3d-aero-ciemnoszara-9-18kg","status":"publish","type":"product","link":"http:\/\/klubmamgdynia.pl\/index.php\/produkt\/petitemars-wkladka-do-fotelika-3d-aero-ciemnoszara-9-18kg\/","title":{"rendered":"Petite&amp;Mars Wk\u0142adka Do Fotelika 3D Aero Ciemnoszara 9-18Kg"},"content":{"rendered":"<p>Wk\u0142adka 3D Aero posiada sze\u015bciok\u0105tn\u0105 struktur\u0105 \u201cplastra miodu\u201d,kt\u00f3ra od zawsze by\u0142a podziwiana za perfekcj\u0119 kszta\u0142tu.Ta oddychaj\u0105ca struktura 3D zapewnia dzieciom optymalny komfort i sprawia,\u017ce czas sp\u0119dzany w foteliku samochodowym jest przyjemniejszy.Usuwa nadmierne ciep\u0142o cia\u0142ai jednocze\u015bnie dostarcza \u015bwie\u017cego powietrza z zewn\u0105trz.Twoje dziecko pozostaje \u015bwie\u017ce podczas ca\u0142ej podr\u00f3\u017cy,nawet w upalne, letnie dni.Ponadto wk\u0142adka pomaga chroni\u0107 fotelik samochodowy,utrzymuj\u0105c go w doskona\u0142ym stanie przez d\u0142u\u017cszy czas.Struktura 3D zapobiega nadmiernemu poceniu si\u0119,przegrzewaniu i podra\u017cnieniom sk\u00f3ry spowodowanym przez pot.Chroni fotelik przed plamami i og\u00f3lnym zu\u017cyciem.Materia\u0142:wierzchnia strona: 100%bawe\u0142na dolna strona: 100% poliesterWymiary:d\u0142ugo\u015b\u0107: 74 cmszeroko\u015b\u0107: 15\u201329 cm<\/p>\n<h2>Petite&amp;Mars Wk\u0142adka Do Fotelika 3D Aero Ciemnoszara 9-18Kg Petite&amp;Mars<\/h2>\n<p>kolorowanki andrzejkowe, kolorowanka spiderman, zagadki wielkanocne przedszkole, dzie\u0144 matki w\u0142asnor\u0119czny prezent dla mamy od dziecka, kolorowanka harry potter, gry dla m\u0142odzie\u017cy, halszka, kolorowanka lol do druku, krak\u00f3w atrakcje dla dzieci, znaki drogowe quiz, logiczne zagadki dla dzieci, nowe quizy do rozwi\u0105zania, prezent dla ch\u0142opca 7 lat, test opowie\u015b\u0107 wigilijna, prezenty urodzinowe dla nastolatk\u00f3w, bajki do czytania online, jagna, kr\u00f3tkie bajki dla dzieci, szablony do wyklejania plastelin\u0105<\/p>\n<p>yyyyy<\/p>\n<p>&nbsp;<\/p>\n","protected":false},"excerpt":{"rendered":"<p>Wk\u0142adka 3D Aero posiada sze\u015bciok\u0105tn\u0105 struktur\u0105 \u201cplastra miodu\u201d,kt\u00f3ra od zawsze by\u0142a podziwiana za perfekcj\u0119 kszta\u0142tu.Ta oddychaj\u0105ca struktura 3D zapewnia dzieciom optymalny komfort i sprawia,\u017ce czas sp\u0119dzany w foteliku samochodowym jest przyjemniejszy.Usuwa nadmierne ciep\u0142o cia\u0142ai jednocze\u015bnie dostarcza \u015bwie\u017cego powietrza z zewn\u0105trz.Twoje dziecko pozostaje \u015bwie\u017ce podczas ca\u0142ej podr\u00f3\u017cy,nawet w upalne, letnie dni.Ponadto wk\u0142adka pomaga chroni\u0107 fotelik samochodowy,utrzymuj\u0105c [&hellip;]<\/p>\n","protected":false},"featured_media":5228,"comment_status":"closed","ping_status":"open","template":"","meta":[],"product_cat":[1125,1111],"product_tag":[839,626,853,638,597],"class_list":["post-5227","product","type-product","status-publish","has-post-thumbnail","hentry","product_cat-akcesoria-samochodowe-dla-dzieci","product_cat-petitemars","product_tag-bajki-na-dobranoc-do-czytania","product_tag-jacek","product_tag-kolorowanki-do-druku-dla-doroslych","product_tag-miastodzieci","product_tag-zagadki-o-zimie"],"_links":{"self":[{"href":"http:\/\/klubmamgdynia.pl\/index.php\/wp-json\/wp\/v2\/product\/5227","targetHints":{"allow":["GET"]}}],"collection":[{"href":"http:\/\/klubmamgdynia.pl\/index.php\/wp-json\/wp\/v2\/product"}],"about":[{"href":"http:\/\/klubmamgdynia.pl\/index.php\/wp-json\/wp\/v2\/types\/product"}],"replies":[{"embeddable":true,"href":"http:\/\/klubmamgdynia.pl\/index.php\/wp-json\/wp\/v2\/comments?post=5227"}],"wp:featuredmedia":[{"embeddable":true,"href":"http:\/\/klubmamgdynia.pl\/index.php\/wp-json\/wp\/v2\/media\/5228"}],"wp:attachment":[{"href":"http:\/\/klubmamgdynia.pl\/index.php\/wp-json\/wp\/v2\/media?parent=5227"}],"wp:term":[{"taxonomy":"product_cat","embeddable":true,"href":"http:\/\/klubmamgdynia.pl\/index.php\/wp-json\/wp\/v2\/product_cat?post=5227"},{"taxonomy":"product_tag","embeddable":true,"href":"http:\/\/klubmamgdynia.pl\/index.php\/wp-json\/wp\/v2\/product_tag?post=5227"}],"curies":[{"name":"wp","href":"https:\/\/api.w.org\/{rel}","templated":true}]}}