{"id":523,"date":"2025-07-09T18:27:48","date_gmt":"2025-07-09T16:27:48","guid":{"rendered":"http:\/\/klubmamgdynia.pl\/index.php\/produkt\/soyfem-60-tabletek\/"},"modified":"2026-04-28T12:13:52","modified_gmt":"2026-04-28T10:13:52","slug":"soyfem-60-tabletek","status":"publish","type":"product","link":"http:\/\/klubmamgdynia.pl\/index.php\/produkt\/soyfem-60-tabletek\/","title":{"rendered":"Soyfem, 60 tabletek"},"content":{"rendered":"<p>BIOFARM SOYFEM X 60 TABL<\/p>\n<p>Sk\u0142adSubstancja czynna: 1 tabl. powl. zawiera 100 mg wyci\u0105gu z nasion soi (w tym 26 mg zespo\u0142u izoflawon\u00f3w przeliczonych na genistein\u0119).Wskazania Preparat stosuje si\u0119 u kobiet z dolegliwo\u015bciami okresu menopauzy (przyp\u0142ywy uczucia gor\u0105ca, nadmierne pocenie si\u0119, zak\u0142\u00f3cenia snu, uczucie napi\u0119cia nerwowego i niepokoju) Profilaktycznie w chorobach kr\u0105\u017cenia wraz z zachowaniem odpowiedniej diety.                             <\/p>\n<p>Dzia\u0142aniePreparat zawieraj\u0105cy genistein\u0119 i daidzein\u0119 popularnie nazywane fitoestrogenami. Dzia\u0142aj\u0105 podobnie do estrogen\u00f3w, lecz s\u0142abiej, chroni\u0105 przed zaburzeniami zwi\u0105zanymi z fizjologicznym spadkiem produkcji estrogen\u00f3w u kobiet w okresie oko\u0142omenopauzalnym i pomenopauzalnym.DawkowanieDoustnie. Doro\u015bli: 1-2 tabl. 2 razy dziennie.                             <\/p>\n<p>PrzeciwwskazaniaZe wzgl\u0119du na s\u0142abe dzia\u0142anie estrogenne preparatu zaleca si\u0119 przeprowadzenie wywiadu z pacjentk\u0105 na temat r\u00f3wnoczesnego stosowania doustnych lek\u00f3w antykoncepcyjnych. Nie zaleca si\u0119 stosowania preparatu w ci\u0105\u017cy i okresie karmienia piersi\u0105. Informacje dodatkowePrzed u\u017cyciem zapoznaj si\u0119 z ulotk\u0105 do\u0142\u0105czon\u0105 do opakowania, kt\u00f3ra zawiera wskazania, przeciwwskazania, dane dotycz\u0105ce dzia\u0142a\u0144 niepo\u017c\u0105danych i dawkowania, oraz informacje dotycz\u0105ce stosowania i przechowywania produktu leczniczego.Suplementy diety nie mog\u0105 by\u0107 stosowane jako substytut zr\u00f3\u017cnicowanej diety.W razie pyta\u0144 lub w\u0105tpliwo\u015bci skontaktuj si\u0119 z lekarzem lub farmaceut\u0105.<\/p>\n<h2>Soyfem, 60 tabletek Biofarm<\/h2>\n<p>zagadki matematyczne dla dzieci, karty pracy dla dzieci z ukrainy pdf, estera, origami kotek, mi\u015b z filmu animowanego, narodziny dziecka cytaty, nasza zima z\u0142a tekst, calineczka test z odpowiedziami, uk\u0142ad s\u0142oneczny dla dzieci do druku, zagadki dla dzieci 6-7 lat, quiz konie, opisy do zdj z dzieckiem, kartka walentynkowa zrobiona przez dzieci<\/p>\n<p>yyyyy<\/p>\n<p>&nbsp;<\/p>\n","protected":false},"excerpt":{"rendered":"<p>BIOFARM SOYFEM X 60 TABL Sk\u0142adSubstancja czynna: 1 tabl. powl. zawiera 100 mg wyci\u0105gu z nasion soi (w tym 26 mg zespo\u0142u izoflawon\u00f3w przeliczonych na genistein\u0119).Wskazania Preparat stosuje si\u0119 u kobiet z dolegliwo\u015bciami okresu menopauzy (przyp\u0142ywy uczucia gor\u0105ca, nadmierne pocenie si\u0119, zak\u0142\u00f3cenia snu, uczucie napi\u0119cia nerwowego i niepokoju) Profilaktycznie w chorobach kr\u0105\u017cenia wraz z zachowaniem [&hellip;]<\/p>\n","protected":false},"featured_media":524,"comment_status":"closed","ping_status":"open","template":"","meta":[],"product_cat":[204,193],"product_tag":[700,758,612,835],"class_list":["post-523","product","type-product","status-publish","has-post-thumbnail","hentry","product_cat-biofarm","product_cat-uklad-moczowy-i-plciowy","product_tag-bajki-do-czytania-dla-dzieci","product_tag-julian","product_tag-kolorowanki-do-druku","product_tag-radosc-dziecka-cytaty"],"_links":{"self":[{"href":"http:\/\/klubmamgdynia.pl\/index.php\/wp-json\/wp\/v2\/product\/523","targetHints":{"allow":["GET"]}}],"collection":[{"href":"http:\/\/klubmamgdynia.pl\/index.php\/wp-json\/wp\/v2\/product"}],"about":[{"href":"http:\/\/klubmamgdynia.pl\/index.php\/wp-json\/wp\/v2\/types\/product"}],"replies":[{"embeddable":true,"href":"http:\/\/klubmamgdynia.pl\/index.php\/wp-json\/wp\/v2\/comments?post=523"}],"wp:featuredmedia":[{"embeddable":true,"href":"http:\/\/klubmamgdynia.pl\/index.php\/wp-json\/wp\/v2\/media\/524"}],"wp:attachment":[{"href":"http:\/\/klubmamgdynia.pl\/index.php\/wp-json\/wp\/v2\/media?parent=523"}],"wp:term":[{"taxonomy":"product_cat","embeddable":true,"href":"http:\/\/klubmamgdynia.pl\/index.php\/wp-json\/wp\/v2\/product_cat?post=523"},{"taxonomy":"product_tag","embeddable":true,"href":"http:\/\/klubmamgdynia.pl\/index.php\/wp-json\/wp\/v2\/product_tag?post=523"}],"curies":[{"name":"wp","href":"https:\/\/api.w.org\/{rel}","templated":true}]}}