{"id":5231,"date":"2022-01-06T02:06:37","date_gmt":"2022-01-06T01:06:37","guid":{"rendered":"http:\/\/klubmamgdynia.pl\/index.php\/produkt\/akumulator-tuborg-black-12v-62ah-510a-l-tb562-202-tb562-202\/"},"modified":"2026-04-29T14:03:29","modified_gmt":"2026-04-29T12:03:29","slug":"akumulator-tuborg-black-12v-62ah-510a-l-tb562-202-tb562-202","status":"publish","type":"product","link":"http:\/\/klubmamgdynia.pl\/index.php\/produkt\/akumulator-tuborg-black-12v-62ah-510a-l-tb562-202-tb562-202\/","title":{"rendered":"AKUMULATOR TUBORG BLACK 12V 62AH 510A L+ TB562-202 TB562-202"},"content":{"rendered":"<p>Tuborg Black to uniwersalny akumulator, kt\u00f3ry jest doskona\u0142ym kompromisem mi\u0119dzy cen\u0105 a jako\u015bci\u0105. Spe\u0142nia wymagania wszystkich samochod\u00f3w z podstawowym wyposa\u017ceniem. Bardzo dobre parametry rozruchowe, system centralniego odpowietrzenia &#8222;Kamina&#8221; powoduj\u0105, \u017ce sprawdzi si\u0119 tak\u017ce w autach dostawczych oraz ci\u0119\u017carowych. Szeroki wolumen akumulator\u00f3w Tuborg zapewnia odpowiedni wyb\u00f3r do ka\u017cdego pojazdu.Zalety akumulator\u00f3w Tuborg Black:Pe\u0142na gama akumulator\u00f3w do pojazd\u00f3w osobowych, ci\u0119\u017carowych, ci\u0105gnik\u00f3w i maszyn rolniczych oraz pojazd\u00f3w specjalnych.Optymalna konstrukcja p\u0142yty i specjalna formu\u0142a masy czynnej zapewniaj\u0105 mocniejsz\u0105 budow\u0119 wewn\u0119trzn\u0105 akumulatora.System \u201eKAMINA\u201d \u2013 centralne odpowietrzenie, r\u00f3wnie\u017c w akumulatorach do pojazd\u00f3w ci\u0119\u017carowych.Bardzo dobre parametry rozruchowe.Ergonomiczne uchwyty.Nr handlowy: TB562-202Napi\u0119cie: 12VPojemno\u015b\u0107: 62AhPr\u0105d rozruchowy: 510APolaryzacja: Lewy plusKo\u0144c\u00f3wki biegunowe: Normalny czopTechnologia: P\u0142ynny elektrolitWymiary: 242 mm (D\u0142ugo\u015b\u0107 ) x 175 mm (Szeroko\u015b\u0107 ) x 175 mm (Wysoko\u015b\u0107 z czopem)Dodatkowe informacje: Rozruchowy, wieczko Duplex, wska\u017anik na\u0142adowania Magic EyeProdukcja: Naj\u015bwie\u017csza dostawaNie wiesz jaki akumulator wybra\u0107?Je\u015bli masz problem z doborem odpowiedniego akumulatora do swojego pojazdu, Firma oferuj\u0119 Profesjonalny dob\u00f3r akumulatora.\u0423 \u043d\u0430\u0441 \u0432\u044b \u043c\u043e\u0436\u0435\u0442\u0435 \u043f\u0440\u043e\u043a\u043e\u043d\u0441\u0443\u043b\u044c\u0442\u0438\u0440\u043e\u0432\u0430\u0442\u044c\u0441\u044f \u043d\u0430 \u0440\u0443\u0441\u0441\u043a\u043e\u043c \u0438 \u0443\u043a\u0440\u0430\u0438\u043d\u0441\u043a\u043e\u043c \u044f\u0437\u044b\u043a\u0430\u0445.Jeste\u015bmy fir\u043c\u0105 specjalizuj\u0105c\u0105 si\u0119 w akumulatorach i naprawach samochodowych.Szybka Dostawa Akumulator\u00f3w na terenie Wroc\u0142awiaProfesjonalne sprawdzanie i dob\u00f3r Akumulatora.Darmowy monta\u017c i sprawdzenie \u0142adowania.Oferujemy wysok\u0105 jako\u015b\u0107 produkt\u00f3w szeroki wyb\u00f3r akumulator\u00f3w do samochod\u00f3w, motocykli, maszyn i urz\u0105dze\u0144.Oferowane przez nas akumulatory s\u0105 od razu gotowe do zamontowania w poje\u017adzie &#8211; nie ma konieczno\u015bci ich formatowania czy \u0142adowania.Nasz\u0105 zasad\u0105 jest utrzymywanie dobrego kontaktu z klientem.Przyjmujemy p\u0142atno\u015bci kart\u0105, Blik oraz got\u00f3wk\u0105.Zgodnie z ustaw\u0105 o bateriach i akumulatorach (Dz. U. 79, poz. 666 z dnia 24 kwietnia 2009 r.) oraz o ochronie \u015brodowiska (Dziennik Ustaw z 2001 r. Nr 63 poz. 639), przy zakupie nowego akumulatora nale\u017cy zda\u0107 stary akumulator (sztuka za sztuk\u0119) lub zap\u0142aci\u0107 kaucj\u0119 w wysoko\u015bci 30 z\u0142 (kaucja jest zwracana w momencie dostarczenia starego akumulatora w ci\u0105gu 30 dni).<\/p>\n<h2>AKUMULATOR TUBORG BLACK 12V 62AH 510A L+ TB562-202 TB562-202 Inny<\/h2>\n<p>sa\u0142atki dla dzieci, test z dzieci z bullerbyn, pani wiosna do druku, zabawy ruchowe dla dzieci, opowiadanie o jesieni dla dzieci, kolorowanka spiderman, wieliczka bon turystyczny, test z lektury ania z zielonego wzg\u00f3rza klasa 6 z odpowiedziami, konkurs dla dzieci<\/p>\n<p>yyyyy<\/p>\n<p>&nbsp;<\/p>\n","protected":false},"excerpt":{"rendered":"<p>Tuborg Black to uniwersalny akumulator, kt\u00f3ry jest doskona\u0142ym kompromisem mi\u0119dzy cen\u0105 a jako\u015bci\u0105. Spe\u0142nia wymagania wszystkich samochod\u00f3w z podstawowym wyposa\u017ceniem. Bardzo dobre parametry rozruchowe, system centralniego odpowietrzenia &#8222;Kamina&#8221; powoduj\u0105, \u017ce sprawdzi si\u0119 tak\u017ce w autach dostawczych oraz ci\u0119\u017carowych. Szeroki wolumen akumulator\u00f3w Tuborg zapewnia odpowiedni wyb\u00f3r do ka\u017cdego pojazdu.Zalety akumulator\u00f3w Tuborg Black:Pe\u0142na gama akumulator\u00f3w do pojazd\u00f3w [&hellip;]<\/p>\n","protected":false},"featured_media":5232,"comment_status":"closed","ping_status":"open","template":"","meta":[],"product_cat":[564,169],"product_tag":[836,802,583,858,708],"class_list":["post-5231","product","type-product","status-publish","has-post-thumbnail","hentry","product_cat-akumulatory","product_cat-inny","product_tag-co-kupic-dziecku-na-roczek","product_tag-co-kupic-dziewczynce-na-roczek","product_tag-kolysanki-dla-dzieci-tekst","product_tag-podchwytliwe-zagadki","product_tag-zabawy-ruchowe-dla-dzieci"],"_links":{"self":[{"href":"http:\/\/klubmamgdynia.pl\/index.php\/wp-json\/wp\/v2\/product\/5231","targetHints":{"allow":["GET"]}}],"collection":[{"href":"http:\/\/klubmamgdynia.pl\/index.php\/wp-json\/wp\/v2\/product"}],"about":[{"href":"http:\/\/klubmamgdynia.pl\/index.php\/wp-json\/wp\/v2\/types\/product"}],"replies":[{"embeddable":true,"href":"http:\/\/klubmamgdynia.pl\/index.php\/wp-json\/wp\/v2\/comments?post=5231"}],"wp:featuredmedia":[{"embeddable":true,"href":"http:\/\/klubmamgdynia.pl\/index.php\/wp-json\/wp\/v2\/media\/5232"}],"wp:attachment":[{"href":"http:\/\/klubmamgdynia.pl\/index.php\/wp-json\/wp\/v2\/media?parent=5231"}],"wp:term":[{"taxonomy":"product_cat","embeddable":true,"href":"http:\/\/klubmamgdynia.pl\/index.php\/wp-json\/wp\/v2\/product_cat?post=5231"},{"taxonomy":"product_tag","embeddable":true,"href":"http:\/\/klubmamgdynia.pl\/index.php\/wp-json\/wp\/v2\/product_tag?post=5231"}],"curies":[{"name":"wp","href":"https:\/\/api.w.org\/{rel}","templated":true}]}}