{"id":5233,"date":"2011-02-27T08:58:19","date_gmt":"2011-02-27T07:58:19","guid":{"rendered":"http:\/\/klubmamgdynia.pl\/index.php\/produkt\/philips-uchwyt-na-saszetki-do-ekspresu-do-kawy-senseo-422225960741\/"},"modified":"2026-04-04T05:45:54","modified_gmt":"2026-04-04T03:45:54","slug":"philips-uchwyt-na-saszetki-do-ekspresu-do-kawy-senseo-422225960741","status":"publish","type":"product","link":"http:\/\/klubmamgdynia.pl\/index.php\/produkt\/philips-uchwyt-na-saszetki-do-ekspresu-do-kawy-senseo-422225960741\/","title":{"rendered":"Philips uchwyt na saszetki do ekspresu do kawy Senseo 422225960741"},"content":{"rendered":"<p>Opis produktu: nNumer producenta: 422225960741nNumer EAN: 422225960741nZawarto\u015b\u0107: 1 szt.nPasuje do m.in.: nPasuj\u0105ce marki: nDodatkowe informacje:<\/p>\n<h2>Philips uchwyt na saszetki do ekspresu do kawy Senseo 422225960741 Inny<\/h2>\n<p>malowanki \u015bwi\u0105teczne, roszpunka kolorowanka, prezent dla 14 latki, ci\u0119\u017ckie zagadki, quiz o miko\u0142ajku, quizy flagi, jeremi imi\u0119, kolorowanka robot, kotki kolorowanka, bajka o dinozaurach do czytania, tekst kolysanek, test z lektury pies kt\u00f3ry je\u017adzi\u0142 kolej\u0105, karty pracy do druku za darmo, filmy rodzinne na halloween, miriam imie, kolorowanka prezent, swinka peppa do czytania, testy z zemsty, sonia imi\u0119<\/p>\n<p>yyyyy<\/p>\n<p>&nbsp;<\/p>\n","protected":false},"excerpt":{"rendered":"<p>Opis produktu: nNumer producenta: 422225960741nNumer EAN: 422225960741nZawarto\u015b\u0107: 1 szt.nPasuje do m.in.: nPasuj\u0105ce marki: nDodatkowe informacje: Philips uchwyt na saszetki do ekspresu do kawy Senseo 422225960741 Inny malowanki \u015bwi\u0105teczne, roszpunka kolorowanka, prezent dla 14 latki, ci\u0119\u017ckie zagadki, quiz o miko\u0142ajku, quizy flagi, jeremi imi\u0119, kolorowanka robot, kotki kolorowanka, bajka o dinozaurach do czytania, tekst kolysanek, test [&hellip;]<\/p>\n","protected":false},"featured_media":5234,"comment_status":"closed","ping_status":"open","template":"","meta":[],"product_cat":[1318,169],"product_tag":[626,861,703,608,714],"class_list":["post-5233","product","type-product","status-publish","has-post-thumbnail","hentry","product_cat-akcesoria-i-czesci-do-agd","product_cat-inny","product_tag-jacek","product_tag-jak-narysowac-psa","product_tag-prezent-dla-nastolatki","product_tag-zagadki-i-odpowiedzi","product_tag-zagadki-logiczne"],"_links":{"self":[{"href":"http:\/\/klubmamgdynia.pl\/index.php\/wp-json\/wp\/v2\/product\/5233","targetHints":{"allow":["GET"]}}],"collection":[{"href":"http:\/\/klubmamgdynia.pl\/index.php\/wp-json\/wp\/v2\/product"}],"about":[{"href":"http:\/\/klubmamgdynia.pl\/index.php\/wp-json\/wp\/v2\/types\/product"}],"replies":[{"embeddable":true,"href":"http:\/\/klubmamgdynia.pl\/index.php\/wp-json\/wp\/v2\/comments?post=5233"}],"wp:featuredmedia":[{"embeddable":true,"href":"http:\/\/klubmamgdynia.pl\/index.php\/wp-json\/wp\/v2\/media\/5234"}],"wp:attachment":[{"href":"http:\/\/klubmamgdynia.pl\/index.php\/wp-json\/wp\/v2\/media?parent=5233"}],"wp:term":[{"taxonomy":"product_cat","embeddable":true,"href":"http:\/\/klubmamgdynia.pl\/index.php\/wp-json\/wp\/v2\/product_cat?post=5233"},{"taxonomy":"product_tag","embeddable":true,"href":"http:\/\/klubmamgdynia.pl\/index.php\/wp-json\/wp\/v2\/product_tag?post=5233"}],"curies":[{"name":"wp","href":"https:\/\/api.w.org\/{rel}","templated":true}]}}