{"id":5237,"date":"2020-11-26T15:45:19","date_gmt":"2020-11-26T14:45:19","guid":{"rendered":"http:\/\/klubmamgdynia.pl\/index.php\/produkt\/kids-lampa-zizazou-decofun-ksiezniczki-klosz-zwis\/"},"modified":"2026-04-30T14:29:09","modified_gmt":"2026-04-30T12:29:09","slug":"kids-lampa-zizazou-decofun-ksiezniczki-klosz-zwis","status":"publish","type":"product","link":"http:\/\/klubmamgdynia.pl\/index.php\/produkt\/kids-lampa-zizazou-decofun-ksiezniczki-klosz-zwis\/","title":{"rendered":"Kids Lampa Zizazou Decofun Ksi\u0119\u017cniczki Klosz Zwis"},"content":{"rendered":"<p>Wisz\u0105ca lampa ksi\u0119\u017cniczki ZiZaZou Decofun.Wysoko\u015b\u0107 25cm, szeroko\u015b\u0107 20cm.Zawiesie w komplecie.50\/60 Hz \/ E27 \/ 220-240V \/ max. 40W<\/p>\n<h2>Kids Lampa Zizazou Decofun Ksi\u0119\u017cniczki Klosz Zwis Kids<\/h2>\n<p>zagadki dla dzieci 9 10 lat z odpowiedziami, drzewo genealogiczne do druku, m\u0105dre cytaty dla dzieci, pisanie po \u015bladzie do druku pdf, oryginalny prezent na roczek dla dziewczynki, oryginalny prezent dla nastolatk\u00f3w, zagadki o zawodach, prezenty dla rocznego dziecka, rodzina sentencja, filmy animowane o \u015bwi\u0119tach, marcel imi\u0119, wzruszajace cytaty o rodzinie, \u015bwinka peppa bajka do czytania, kolorowanka do druku super zings, dobrej nocy i sza, testy na znaki drogowe, kolorowanka dla dziewczynki, quiz stolice europy, tajemniczy ogr\u00f3d test z lektury, adriana znaczenie imienia, dzieci cytaty<\/p>\n<p>yyyyy<\/p>\n<p>&nbsp;<\/p>\n","protected":false},"excerpt":{"rendered":"<p>Wisz\u0105ca lampa ksi\u0119\u017cniczki ZiZaZou Decofun.Wysoko\u015b\u0107 25cm, szeroko\u015b\u0107 20cm.Zawiesie w komplecie.50\/60 Hz \/ E27 \/ 220-240V \/ max. 40W Kids Lampa Zizazou Decofun Ksi\u0119\u017cniczki Klosz Zwis Kids zagadki dla dzieci 9 10 lat z odpowiedziami, drzewo genealogiczne do druku, m\u0105dre cytaty dla dzieci, pisanie po \u015bladzie do druku pdf, oryginalny prezent na roczek dla dziewczynki, oryginalny [&hellip;]<\/p>\n","protected":false},"featured_media":5238,"comment_status":"closed","ping_status":"open","template":"","meta":[],"product_cat":[1321,138],"product_tag":[622,626,663,636,616],"class_list":["post-5237","product","type-product","status-publish","has-post-thumbnail","hentry","product_cat-kids","product_cat-lampki-dzieciece","product_tag-fajne-zagadki","product_tag-jacek","product_tag-kolorowanki-dla-dzieci-do-druku","product_tag-teksty-kolysanek","product_tag-test-mikolajek-25-pytan"],"_links":{"self":[{"href":"http:\/\/klubmamgdynia.pl\/index.php\/wp-json\/wp\/v2\/product\/5237","targetHints":{"allow":["GET"]}}],"collection":[{"href":"http:\/\/klubmamgdynia.pl\/index.php\/wp-json\/wp\/v2\/product"}],"about":[{"href":"http:\/\/klubmamgdynia.pl\/index.php\/wp-json\/wp\/v2\/types\/product"}],"replies":[{"embeddable":true,"href":"http:\/\/klubmamgdynia.pl\/index.php\/wp-json\/wp\/v2\/comments?post=5237"}],"wp:featuredmedia":[{"embeddable":true,"href":"http:\/\/klubmamgdynia.pl\/index.php\/wp-json\/wp\/v2\/media\/5238"}],"wp:attachment":[{"href":"http:\/\/klubmamgdynia.pl\/index.php\/wp-json\/wp\/v2\/media?parent=5237"}],"wp:term":[{"taxonomy":"product_cat","embeddable":true,"href":"http:\/\/klubmamgdynia.pl\/index.php\/wp-json\/wp\/v2\/product_cat?post=5237"},{"taxonomy":"product_tag","embeddable":true,"href":"http:\/\/klubmamgdynia.pl\/index.php\/wp-json\/wp\/v2\/product_tag?post=5237"}],"curies":[{"name":"wp","href":"https:\/\/api.w.org\/{rel}","templated":true}]}}