{"id":5239,"date":"2012-10-03T16:20:05","date_gmt":"2012-10-03T14:20:05","guid":{"rendered":"http:\/\/klubmamgdynia.pl\/index.php\/produkt\/chicco-laktator-manualny-naturalfeeling\/"},"modified":"2026-04-06T20:55:24","modified_gmt":"2026-04-06T18:55:24","slug":"chicco-laktator-manualny-naturalfeeling","status":"publish","type":"product","link":"http:\/\/klubmamgdynia.pl\/index.php\/produkt\/chicco-laktator-manualny-naturalfeeling\/","title":{"rendered":"Chicco Laktator Manualny NaturalFeeling"},"content":{"rendered":"<p>Chicco Laktator Manualny NaturalFeeling\u00a0Chicco Laktator Manualny NaturalFeeling pomaga skutecznie odci\u0105gn\u0105\u0107 nadmiar pokarmu w sytuacji, kiedy zaistnieje potrzeba opr\u00f3\u017cnienia piersi mi\u0119dzy karmieniami, b\u0105d\u017a kiedy mama planuje nieobecno\u015b\u0107 w porze karmienia. Odci\u0105gni\u0119ty pokarm mo\u017cna przechowywa\u0107 i w odpowiednim momencie poda\u0107 dziecku. Innowacyjny system zapewnia naturalny wyp\u0142yw pokarmu i jego komfortowe odci\u0105ganie.\u00a0LAKTATOR MANUALNY CHICCO:ZAPEWNIA NIEZWYK\u0141\u0104 WYGOD\u0118Ergonomiczna muszla laktatora jest ustawiona pod odpowiednim k\u0105tem, dzi\u0119ki czemu zapewnia wygodn\u0105 pozycj\u0119 podczas odci\u0105gania,Delikatna nak\u0142adka z mi\u0119kkiego silikonu z aksamitn\u0105 pow\u0142ok\u0105 \u201cmum effect\u201d dostosowuje si\u0119 do piersi i jest \u0142agodna dla sk\u00f3ry,Praktyczny, ergonomiczny uchwyt z mi\u0119kkim pokryciem gwarantuje pewny chwyt i minimalizuje wysi\u0142ek podczas odci\u0105gania.Efektywno\u015b\u0107 i komfort u\u017cytkowania laktatora NaturalFeeling potwierdzona zosta\u0142a przez 91% mam*JEST PRAKTYCZNYLaktator jest kompatybilny z butelkami Chicco Natural Feeling (ze smoczkiem o specjalnym kszta\u0142cie, dostosowanym dla noworodk\u00f3w) i Well-Being,Do\u0142\u0105czony do zestawu smoczek 0+ z serii NaturalFeeling pozwala natychmiast poda\u0107 mleko dziecku, a nakr\u0119tka pozwala na bezpieczne przechowywanie.*\u00a0 Badanie rynku na grupie 110 mam w 2013 r.                            <\/p>\n<p>Ergonomiczna muszla ustawiona pod odpowiednim k\u0105tem zapewnia wygodn\u0105 pozycj\u0119 podczas odci\u0105gania                            <\/p>\n<p>Delikatna nak\u0142adka z mi\u0119kkiego silikonu z aksamitn\u0105 pow\u0142ok\u0105 \u201emum effect\u201d dostosowuje si\u0119 do piersi i jest \u0142agodna dla sk\u00f3ry                            <\/p>\n<p>Ergonomiczny uchwyt z mi\u0119kkim pokryciem gwarantuje pewny chwyt i minimalizuje wysi\u0142ek podczas odci\u0105gania                            <\/p>\n<p>Kompatybilny z butelkami Chicco NaturalFeeling i Well-Being                            <\/p>\n<p>Do\u0142\u0105czony smoczek 0+ z serii NaturalFeeling oraz nakr\u0119tka kompatybilne z pojemnikiem laktatora                            <\/p>\n<p>Podw\u00f3jne wykorzystanie pojemnika\u00a0 z do\u0142\u0105czon\u0105 zakr\u0119tk\u0105 \u2013 jako pojemnik do przechowywania mleka lub z do\u0142\u0105czonym smoczkiem \u2013 jako butelka do karmienia<\/p>\n<h2>Chicco Laktator Manualny NaturalFeeling Chicco<\/h2>\n<p>po\u0142\u0105cz kropki do druku, quiz flagi europy, kolorowanka minecraft, po\u0142\u0105cz kropki do druku, prezent na roczek dziewczynka, kolorowanka my little pony<\/p>\n<p>yyyyy<\/p>\n<p>&nbsp;<\/p>\n","protected":false},"excerpt":{"rendered":"<p>Chicco Laktator Manualny NaturalFeeling\u00a0Chicco Laktator Manualny NaturalFeeling pomaga skutecznie odci\u0105gn\u0105\u0107 nadmiar pokarmu w sytuacji, kiedy zaistnieje potrzeba opr\u00f3\u017cnienia piersi mi\u0119dzy karmieniami, b\u0105d\u017a kiedy mama planuje nieobecno\u015b\u0107 w porze karmienia. Odci\u0105gni\u0119ty pokarm mo\u017cna przechowywa\u0107 i w odpowiednim momencie poda\u0107 dziecku. Innowacyjny system zapewnia naturalny wyp\u0142yw pokarmu i jego komfortowe odci\u0105ganie.\u00a0LAKTATOR MANUALNY CHICCO:ZAPEWNIA NIEZWYK\u0141\u0104 WYGOD\u0118Ergonomiczna muszla laktatora [&hellip;]<\/p>\n","protected":false},"featured_media":5240,"comment_status":"closed","ping_status":"open","template":"","meta":[],"product_cat":[312,1016],"product_tag":[722,663,814,822],"class_list":["post-5239","product","type-product","status-publish","has-post-thumbnail","hentry","product_cat-chicco","product_cat-laktatory","product_tag-cytaty-o-przyjazni","product_tag-kolorowanki-dla-dzieci-do-druku","product_tag-prezenty-dla-nastolatek","product_tag-wierszyki-o-wakacjach-krotkie"],"_links":{"self":[{"href":"http:\/\/klubmamgdynia.pl\/index.php\/wp-json\/wp\/v2\/product\/5239","targetHints":{"allow":["GET"]}}],"collection":[{"href":"http:\/\/klubmamgdynia.pl\/index.php\/wp-json\/wp\/v2\/product"}],"about":[{"href":"http:\/\/klubmamgdynia.pl\/index.php\/wp-json\/wp\/v2\/types\/product"}],"replies":[{"embeddable":true,"href":"http:\/\/klubmamgdynia.pl\/index.php\/wp-json\/wp\/v2\/comments?post=5239"}],"wp:featuredmedia":[{"embeddable":true,"href":"http:\/\/klubmamgdynia.pl\/index.php\/wp-json\/wp\/v2\/media\/5240"}],"wp:attachment":[{"href":"http:\/\/klubmamgdynia.pl\/index.php\/wp-json\/wp\/v2\/media?parent=5239"}],"wp:term":[{"taxonomy":"product_cat","embeddable":true,"href":"http:\/\/klubmamgdynia.pl\/index.php\/wp-json\/wp\/v2\/product_cat?post=5239"},{"taxonomy":"product_tag","embeddable":true,"href":"http:\/\/klubmamgdynia.pl\/index.php\/wp-json\/wp\/v2\/product_tag?post=5239"}],"curies":[{"name":"wp","href":"https:\/\/api.w.org\/{rel}","templated":true}]}}