{"id":5241,"date":"2017-04-01T23:19:02","date_gmt":"2017-04-01T21:19:02","guid":{"rendered":"http:\/\/klubmamgdynia.pl\/index.php\/produkt\/pan-dragon-ramka-na-zdjecie-prezent-18-urodziny-osiemnastka\/"},"modified":"2026-04-04T05:43:33","modified_gmt":"2026-04-04T03:43:33","slug":"pan-dragon-ramka-na-zdjecie-prezent-18-urodziny-osiemnastka","status":"publish","type":"product","link":"http:\/\/klubmamgdynia.pl\/index.php\/produkt\/pan-dragon-ramka-na-zdjecie-prezent-18-urodziny-osiemnastka\/","title":{"rendered":"Pan Dragon Ramka na zdj\u0119cie Prezent 18 urodziny Osiemnastka"},"content":{"rendered":"<p>sklep-fokus zawsze najlepsza jako\u015b\u0107Prezent na 18 urodziny, na osiemnastk\u0119.Ramka na zdj\u0119cie 10&#215;15.Ramka ma podp\u00f3rk\u0119 do postawienia.Ramk\u0119 otrzymasz w estetycznym pude\u0142ku.Wymiary zewn\u0119trzne 13&#215;25 cm.Do wysy\u0142ki ramk\u0119 zabezpieczamykilkoma warstwami folii b\u0105belkowejoraz kilkoma warstwami kartonu.<\/p>\n<h2>Pan Dragon Ramka na zdj\u0119cie Prezent 18 urodziny Osiemnastka Pan Dragon<\/h2>\n<p>motylek, bajka o dinozaurach do czytania, jak narysowa\u0107 \u017cab\u0119, test znaki drogowe, stare wierszyki dla dzieci, bajki do czytania psi patrol, menu na urodziny dziecka, alan imie, zabawy dla 10 latka, kolorowanki do druku dla dziewczynek, piosenki na dobranoc tekst, kolorowanka pokemon<\/p>\n<p>yyyyy<\/p>\n<p>&nbsp;<\/p>\n","protected":false},"excerpt":{"rendered":"<p>sklep-fokus zawsze najlepsza jako\u015b\u0107Prezent na 18 urodziny, na osiemnastk\u0119.Ramka na zdj\u0119cie 10&#215;15.Ramka ma podp\u00f3rk\u0119 do postawienia.Ramk\u0119 otrzymasz w estetycznym pude\u0142ku.Wymiary zewn\u0119trzne 13&#215;25 cm.Do wysy\u0142ki ramk\u0119 zabezpieczamykilkoma warstwami folii b\u0105belkowejoraz kilkoma warstwami kartonu. Pan Dragon Ramka na zdj\u0119cie Prezent 18 urodziny Osiemnastka Pan Dragon motylek, bajka o dinozaurach do czytania, jak narysowa\u0107 \u017cab\u0119, test znaki drogowe, [&hellip;]<\/p>\n","protected":false},"featured_media":5242,"comment_status":"closed","ping_status":"open","template":"","meta":[],"product_cat":[482,571],"product_tag":[658,801,650,794,653,799],"class_list":["post-5241","product","type-product","status-publish","has-post-thumbnail","hentry","product_cat-gadzety","product_cat-pan-dragon","product_tag-alan-znaczenie-imienia","product_tag-bajki-terapeutyczne-o-emocjach","product_tag-choinka-z-bibuly","product_tag-test-opowiesci-z-narnii-lew-czarownica-i-stara-szafa-do-druku","product_tag-warszawa-dla-dzieci","product_tag-zagadka-logiczna"],"_links":{"self":[{"href":"http:\/\/klubmamgdynia.pl\/index.php\/wp-json\/wp\/v2\/product\/5241","targetHints":{"allow":["GET"]}}],"collection":[{"href":"http:\/\/klubmamgdynia.pl\/index.php\/wp-json\/wp\/v2\/product"}],"about":[{"href":"http:\/\/klubmamgdynia.pl\/index.php\/wp-json\/wp\/v2\/types\/product"}],"replies":[{"embeddable":true,"href":"http:\/\/klubmamgdynia.pl\/index.php\/wp-json\/wp\/v2\/comments?post=5241"}],"wp:featuredmedia":[{"embeddable":true,"href":"http:\/\/klubmamgdynia.pl\/index.php\/wp-json\/wp\/v2\/media\/5242"}],"wp:attachment":[{"href":"http:\/\/klubmamgdynia.pl\/index.php\/wp-json\/wp\/v2\/media?parent=5241"}],"wp:term":[{"taxonomy":"product_cat","embeddable":true,"href":"http:\/\/klubmamgdynia.pl\/index.php\/wp-json\/wp\/v2\/product_cat?post=5241"},{"taxonomy":"product_tag","embeddable":true,"href":"http:\/\/klubmamgdynia.pl\/index.php\/wp-json\/wp\/v2\/product_tag?post=5241"}],"curies":[{"name":"wp","href":"https:\/\/api.w.org\/{rel}","templated":true}]}}