{"id":5247,"date":"2021-02-22T12:45:20","date_gmt":"2021-02-22T11:45:20","guid":{"rendered":"http:\/\/klubmamgdynia.pl\/index.php\/produkt\/lotus-ladowarka-do-akumulatorow-agm-zelowych-12v-24v-12a\/"},"modified":"2026-05-17T22:33:55","modified_gmt":"2026-05-17T20:33:55","slug":"lotus-ladowarka-do-akumulatorow-agm-zelowych-12v-24v-12a","status":"publish","type":"product","link":"http:\/\/klubmamgdynia.pl\/index.php\/produkt\/lotus-ladowarka-do-akumulatorow-agm-zelowych-12v-24v-12a\/","title":{"rendered":"Lotus \u0141adowarka Do Akumulator\u00f3w Agm \u017belowych 12V 24V 12A"},"content":{"rendered":"<p>\u0141adowarka do akumulator\u00f3w agm \u017celowych 12V 24V 12A<\/p>\n<h2>Lotus \u0141adowarka Do Akumulator\u00f3w Agm \u017belowych 12V 24V 12A Inny<\/h2>\n<p>wiersz o g\u00f3rniku, janusz korczak cytaty, sta\u0142a pod \u015bniegiem, gdzie na ferie zimowe 2022, hymn g\u00f3rniczy, dawne ko\u0142ysanki teksty, konie quiz, kolorowanki \u015bwi\u0105teczne do wydruku, literki dla dzieci, \u0142atwe laurki, iwo imie, prima aprilis \u017carty dla rodzic\u00f3w, znaczenie imienia marcel, ach \u015bpij kochanie tekst, bajki dla ch\u0142opc\u00f3w do czytania, z\u0142ote my\u015bli cytaty o szkole i nauce, test z lektury opowie\u015bci z narni lew czarownica i stara szafa, kolorowanki do druku kotki, zagadka logiczna, zgadywanki, cytat z kubusia puchatka o mi\u0142o\u015bci<\/p>\n<p>yyyyy<\/p>\n<p>&nbsp;<\/p>\n","protected":false},"excerpt":{"rendered":"<p>\u0141adowarka do akumulator\u00f3w agm \u017celowych 12V 24V 12A Lotus \u0141adowarka Do Akumulator\u00f3w Agm \u017belowych 12V 24V 12A Inny wiersz o g\u00f3rniku, janusz korczak cytaty, sta\u0142a pod \u015bniegiem, gdzie na ferie zimowe 2022, hymn g\u00f3rniczy, dawne ko\u0142ysanki teksty, konie quiz, kolorowanki \u015bwi\u0105teczne do wydruku, literki dla dzieci, \u0142atwe laurki, iwo imie, prima aprilis \u017carty dla rodzic\u00f3w, [&hellip;]<\/p>\n","protected":false},"featured_media":5248,"comment_status":"closed","ping_status":"open","template":"","meta":[],"product_cat":[169,1308],"product_tag":[700,696,852,729,841,597],"class_list":["post-5247","product","type-product","status-publish","has-post-thumbnail","hentry","product_cat-inny","product_cat-prostowniki-do-akumulatorow","product_tag-bajki-do-czytania-dla-dzieci","product_tag-film-rodzinny-o-swietach","product_tag-jak-zrobic-samolot-z-papieru","product_tag-madre-bajki-dla-dzieci-do-czytania","product_tag-quiz-o-flagach","product_tag-zagadki-o-zimie"],"_links":{"self":[{"href":"http:\/\/klubmamgdynia.pl\/index.php\/wp-json\/wp\/v2\/product\/5247","targetHints":{"allow":["GET"]}}],"collection":[{"href":"http:\/\/klubmamgdynia.pl\/index.php\/wp-json\/wp\/v2\/product"}],"about":[{"href":"http:\/\/klubmamgdynia.pl\/index.php\/wp-json\/wp\/v2\/types\/product"}],"replies":[{"embeddable":true,"href":"http:\/\/klubmamgdynia.pl\/index.php\/wp-json\/wp\/v2\/comments?post=5247"}],"wp:featuredmedia":[{"embeddable":true,"href":"http:\/\/klubmamgdynia.pl\/index.php\/wp-json\/wp\/v2\/media\/5248"}],"wp:attachment":[{"href":"http:\/\/klubmamgdynia.pl\/index.php\/wp-json\/wp\/v2\/media?parent=5247"}],"wp:term":[{"taxonomy":"product_cat","embeddable":true,"href":"http:\/\/klubmamgdynia.pl\/index.php\/wp-json\/wp\/v2\/product_cat?post=5247"},{"taxonomy":"product_tag","embeddable":true,"href":"http:\/\/klubmamgdynia.pl\/index.php\/wp-json\/wp\/v2\/product_tag?post=5247"}],"curies":[{"name":"wp","href":"https:\/\/api.w.org\/{rel}","templated":true}]}}