{"id":5249,"date":"2021-02-15T14:01:23","date_gmt":"2021-02-15T13:01:23","guid":{"rendered":"http:\/\/klubmamgdynia.pl\/index.php\/produkt\/baby-born-skarpetki-2-pak\/"},"modified":"2026-04-03T21:12:43","modified_gmt":"2026-04-03T19:12:43","slug":"baby-born-skarpetki-2-pak","status":"publish","type":"product","link":"http:\/\/klubmamgdynia.pl\/index.php\/produkt\/baby-born-skarpetki-2-pak\/","title":{"rendered":"Baby Born Skarpetki 2 pak"},"content":{"rendered":"<p>Och, te skarpetki s\u0105 takie urocze! Idealnie komponuj\u0105 si\u0119 z ubrankami z garderoby BABY born. Trzy zestawy kolorystyczne po 2 pary zapewni\u0105 du\u017c\u0105 r\u00f3\u017cnorodno\u015b\u0107 i mo\u017cliwo\u015b\u0107 wyboru. Kt\u00f3re skarpetki pasuj\u0105 najlepiej do dzisiejszego stroju?R\u00f3\u017cne wzory. Cena dotyczy jednej sztuki. Produkt wysy\u0142any losowo.Informacje o produkcieNr katalogowy828304-116720Marka Baby BornRodzaj UbrankaWymagania wiekowe od 3 latP\u0142e\u0107 DziewczynkiProdukt na baterie NieBaterie w zestawie NieZasilanie Nie dotyczyKolor Mix<\/p>\n<h2>Baby Born Skarpetki 2 pak BABY BORN<\/h2>\n<p>maly kotek kotek kolorowanka, przechowywanie zabawek, Keyword, przyja\u017a\u0144, zagadki na bal karnawa\u0142owy w przedszkolu, najpi\u0119kniejsze cytaty o przyja\u017ani<\/p>\n<p>yyyyy<\/p>\n<p>&nbsp;<\/p>\n","protected":false},"excerpt":{"rendered":"<p>Och, te skarpetki s\u0105 takie urocze! Idealnie komponuj\u0105 si\u0119 z ubrankami z garderoby BABY born. Trzy zestawy kolorystyczne po 2 pary zapewni\u0105 du\u017c\u0105 r\u00f3\u017cnorodno\u015b\u0107 i mo\u017cliwo\u015b\u0107 wyboru. Kt\u00f3re skarpetki pasuj\u0105 najlepiej do dzisiejszego stroju?R\u00f3\u017cne wzory. Cena dotyczy jednej sztuki. Produkt wysy\u0142any losowo.Informacje o produkcieNr katalogowy828304-116720Marka Baby BornRodzaj UbrankaWymagania wiekowe od 3 latP\u0142e\u0107 DziewczynkiProdukt na baterie [&hellip;]<\/p>\n","protected":false},"featured_media":5250,"comment_status":"closed","ping_status":"open","template":"","meta":[],"product_cat":[176,50],"product_tag":[662,641,595],"class_list":["post-5249","product","type-product","status-publish","has-post-thumbnail","hentry","product_cat-baby-born","product_cat-ubranka-i-buty-dla-lalek","product_tag-bajki-na-dobranoc","product_tag-trudne-zagadki-logiczne","product_tag-zagadki-dla-6-latka"],"_links":{"self":[{"href":"http:\/\/klubmamgdynia.pl\/index.php\/wp-json\/wp\/v2\/product\/5249","targetHints":{"allow":["GET"]}}],"collection":[{"href":"http:\/\/klubmamgdynia.pl\/index.php\/wp-json\/wp\/v2\/product"}],"about":[{"href":"http:\/\/klubmamgdynia.pl\/index.php\/wp-json\/wp\/v2\/types\/product"}],"replies":[{"embeddable":true,"href":"http:\/\/klubmamgdynia.pl\/index.php\/wp-json\/wp\/v2\/comments?post=5249"}],"wp:featuredmedia":[{"embeddable":true,"href":"http:\/\/klubmamgdynia.pl\/index.php\/wp-json\/wp\/v2\/media\/5250"}],"wp:attachment":[{"href":"http:\/\/klubmamgdynia.pl\/index.php\/wp-json\/wp\/v2\/media?parent=5249"}],"wp:term":[{"taxonomy":"product_cat","embeddable":true,"href":"http:\/\/klubmamgdynia.pl\/index.php\/wp-json\/wp\/v2\/product_cat?post=5249"},{"taxonomy":"product_tag","embeddable":true,"href":"http:\/\/klubmamgdynia.pl\/index.php\/wp-json\/wp\/v2\/product_tag?post=5249"}],"curies":[{"name":"wp","href":"https:\/\/api.w.org\/{rel}","templated":true}]}}