{"id":525,"date":"2011-02-06T17:17:38","date_gmt":"2011-02-06T16:17:38","guid":{"rendered":"http:\/\/klubmamgdynia.pl\/index.php\/produkt\/swede-4-auta\/"},"modified":"2026-04-29T02:01:34","modified_gmt":"2026-04-29T00:01:34","slug":"swede-4-auta","status":"publish","type":"product","link":"http:\/\/klubmamgdynia.pl\/index.php\/produkt\/swede-4-auta\/","title":{"rendered":"Swede 4 Auta"},"content":{"rendered":"<p>Zestaw 4 pojazd\u00f3w ratunkowych. W zestawie: helikopter, \u0142\u00f3d\u017a, czo\u0142g, samoch\u00f3d.Produkt dla dzieci od 3 lat.<\/p>\n<h2>Swede 4 Auta Swede<\/h2>\n<p>bezwarunkowa mi\u0142o\u015b\u0107 do dziecka cytaty, quiz flagi \u015bwiata, kolorowanki wakacje, karty pracy do druku litery, izabela imie, w\u0142ochy, pomys\u0142y na prezent dla nastolatk\u00f3w, zimowe zagadki, zagadki matematyczne z odpowiedziami, bajki dla dzieci od 7 do 10 lat, miasto dzieci.pl, karolcia test z lektury, pieski, bajka na dobranoc do czytania, trudne zagadki na inteligencje, listy do \u015bwi\u0119tego miko\u0142aja, wiersz na wielkanocnym stole, kotek kolorowanka do druku, maska iron man, pomys\u0142 na prezent dla nastolatki, plac zabaw pozna\u0144<\/p>\n<p>yyyyy<\/p>\n<p>&nbsp;<\/p>\n","protected":false},"excerpt":{"rendered":"<p>Zestaw 4 pojazd\u00f3w ratunkowych. W zestawie: helikopter, \u0142\u00f3d\u017a, czo\u0142g, samoch\u00f3d.Produkt dla dzieci od 3 lat. Swede 4 Auta Swede bezwarunkowa mi\u0142o\u015b\u0107 do dziecka cytaty, quiz flagi \u015bwiata, kolorowanki wakacje, karty pracy do druku litery, izabela imie, w\u0142ochy, pomys\u0142y na prezent dla nastolatk\u00f3w, zimowe zagadki, zagadki matematyczne z odpowiedziami, bajki dla dzieci od 7 do 10 [&hellip;]<\/p>\n","protected":false},"featured_media":526,"comment_status":"closed","ping_status":"open","template":"","meta":[],"product_cat":[83,171],"product_tag":[668,810,703],"class_list":["post-525","product","type-product","status-publish","has-post-thumbnail","hentry","product_cat-auta-i-inne-pojazdy-do-zabawy","product_cat-swede","product_tag-atrakcje-dla-dzieci-wroclaw","product_tag-nauka-zegara-do-druku","product_tag-prezent-dla-nastolatki"],"_links":{"self":[{"href":"http:\/\/klubmamgdynia.pl\/index.php\/wp-json\/wp\/v2\/product\/525","targetHints":{"allow":["GET"]}}],"collection":[{"href":"http:\/\/klubmamgdynia.pl\/index.php\/wp-json\/wp\/v2\/product"}],"about":[{"href":"http:\/\/klubmamgdynia.pl\/index.php\/wp-json\/wp\/v2\/types\/product"}],"replies":[{"embeddable":true,"href":"http:\/\/klubmamgdynia.pl\/index.php\/wp-json\/wp\/v2\/comments?post=525"}],"wp:featuredmedia":[{"embeddable":true,"href":"http:\/\/klubmamgdynia.pl\/index.php\/wp-json\/wp\/v2\/media\/526"}],"wp:attachment":[{"href":"http:\/\/klubmamgdynia.pl\/index.php\/wp-json\/wp\/v2\/media?parent=525"}],"wp:term":[{"taxonomy":"product_cat","embeddable":true,"href":"http:\/\/klubmamgdynia.pl\/index.php\/wp-json\/wp\/v2\/product_cat?post=525"},{"taxonomy":"product_tag","embeddable":true,"href":"http:\/\/klubmamgdynia.pl\/index.php\/wp-json\/wp\/v2\/product_tag?post=525"}],"curies":[{"name":"wp","href":"https:\/\/api.w.org\/{rel}","templated":true}]}}