{"id":5251,"date":"2016-04-14T14:50:52","date_gmt":"2016-04-14T12:50:52","guid":{"rendered":"http:\/\/klubmamgdynia.pl\/index.php\/produkt\/lampa-wiszaca-sufitowa-edison-3-pastelowy-roz\/"},"modified":"2026-04-28T21:31:42","modified_gmt":"2026-04-28T19:31:42","slug":"lampa-wiszaca-sufitowa-edison-3-pastelowy-roz","status":"publish","type":"product","link":"http:\/\/klubmamgdynia.pl\/index.php\/produkt\/lampa-wiszaca-sufitowa-edison-3-pastelowy-roz\/","title":{"rendered":"Lampa Wisz\u0105ca Sufitowa Edison 3 Pastelowy R\u00f3\u017c"},"content":{"rendered":"<h2>Lampa Wisz\u0105ca Sufitowa Edison 3 Pastelowy R\u00f3\u017c Inny<\/h2>\n<p>zabawy miko\u0142ajkowe dla dzieci, kwiaty polne nazwy i zdj\u0119cia, trudne zagadki dla doros\u0142ych, pawe\u0142, bajka terapeutyczna o dokuczaniu, kuba imi\u0119, prezent dla jedenastolatka, choinka z bibu\u0142y, malgorzata znaczenie imienia, kolorowanki \u015bwi\u0105teczne do druku pdf, prezenty dla 16 latki, cytat o rodzinie, pisanie po \u015bladzie do druku pdf, zaczarowana zagroda &#8211; test, lego ninjago kolorowanka, zagadki dla dzieci 5 lat, zabawy logiczne dla dzieci, prezent dla 15 latka, prezent dla dziecka na roczek, kolorowanka my little pony, imi\u0119 kostek<\/p>\n<p>yyyyy<\/p>\n<p>&nbsp;<\/p>\n","protected":false},"excerpt":{"rendered":"<p>Lampa Wisz\u0105ca Sufitowa Edison 3 Pastelowy R\u00f3\u017c Inny zabawy miko\u0142ajkowe dla dzieci, kwiaty polne nazwy i zdj\u0119cia, trudne zagadki dla doros\u0142ych, pawe\u0142, bajka terapeutyczna o dokuczaniu, kuba imi\u0119, prezent dla jedenastolatka, choinka z bibu\u0142y, malgorzata znaczenie imienia, kolorowanki \u015bwi\u0105teczne do druku pdf, prezenty dla 16 latki, cytat o rodzinie, pisanie po \u015bladzie do druku pdf, [&hellip;]<\/p>\n","protected":false},"featured_media":5252,"comment_status":"closed","ping_status":"open","template":"","meta":[],"product_cat":[169,138],"product_tag":[648,643,595,581,782],"class_list":["post-5251","product","type-product","status-publish","has-post-thumbnail","hentry","product_cat-inny","product_cat-lampki-dzieciece","product_tag-dobrej-nocy-i-sza","product_tag-prezent-dla-17-latki","product_tag-zagadki-dla-6-latka","product_tag-zagadki-dla-8-latka","product_tag-zagadki-dla-dzieci-z-odpowiedziami"],"_links":{"self":[{"href":"http:\/\/klubmamgdynia.pl\/index.php\/wp-json\/wp\/v2\/product\/5251","targetHints":{"allow":["GET"]}}],"collection":[{"href":"http:\/\/klubmamgdynia.pl\/index.php\/wp-json\/wp\/v2\/product"}],"about":[{"href":"http:\/\/klubmamgdynia.pl\/index.php\/wp-json\/wp\/v2\/types\/product"}],"replies":[{"embeddable":true,"href":"http:\/\/klubmamgdynia.pl\/index.php\/wp-json\/wp\/v2\/comments?post=5251"}],"wp:featuredmedia":[{"embeddable":true,"href":"http:\/\/klubmamgdynia.pl\/index.php\/wp-json\/wp\/v2\/media\/5252"}],"wp:attachment":[{"href":"http:\/\/klubmamgdynia.pl\/index.php\/wp-json\/wp\/v2\/media?parent=5251"}],"wp:term":[{"taxonomy":"product_cat","embeddable":true,"href":"http:\/\/klubmamgdynia.pl\/index.php\/wp-json\/wp\/v2\/product_cat?post=5251"},{"taxonomy":"product_tag","embeddable":true,"href":"http:\/\/klubmamgdynia.pl\/index.php\/wp-json\/wp\/v2\/product_tag?post=5251"}],"curies":[{"name":"wp","href":"https:\/\/api.w.org\/{rel}","templated":true}]}}