{"id":5253,"date":"2014-05-15T19:05:05","date_gmt":"2014-05-15T17:05:05","guid":{"rendered":"http:\/\/klubmamgdynia.pl\/index.php\/produkt\/petitemars-stelaz-street-air-oak-budka-i-nakladki-do-wozka-carbon-grey\/"},"modified":"2026-05-17T22:03:22","modified_gmt":"2026-05-17T20:03:22","slug":"petitemars-stelaz-street-air-oak-budka-i-nakladki-do-wozka-carbon-grey","status":"publish","type":"product","link":"http:\/\/klubmamgdynia.pl\/index.php\/produkt\/petitemars-stelaz-street-air-oak-budka-i-nakladki-do-wozka-carbon-grey\/","title":{"rendered":"Petite&amp;Mars Stela\u017c Street + Air Oak + Budka I Nak\u0142adki Do W\u00f3zka Carbon Grey"},"content":{"rendered":"<h2>Petite&amp;Mars Stela\u017c Street + Air Oak + Budka I Nak\u0142adki Do W\u00f3zka Carbon Grey Petite&amp;Mars<\/h2>\n<p>impreza halloween 2021 dla dzieci, kolorowanki antystresowe, narodziny dziecka cytaty, zagadki logiczne \u015bmieszne, kolorowanki \u015bwi\u0105teczne do wydruku, proste dekoracje \u015bwi\u0105teczne dla dzieci, zabawy dla 10 latk\u00f3w, przys\u0142owia o rodzinie, daria imie, mdk aleksandr\u00f3w \u0142\u00f3dzki, pomysly na prezent na roczek, prezent na 1 urodziny, \u015bmieszne zagadki, zagadki typu co to jest, felix net i nika oraz gang niewidzialnych ludzi quiz, \u015bwinka peppa do czytania, kolorowanki lego friends, co na roczek dla ch\u0142opca, piosenki dla dzieci tekst, kolorowanki dla dziewczynek, cytat na dzie\u0144 mamy<\/p>\n<p>yyyyy<\/p>\n<p>&nbsp;<\/p>\n","protected":false},"excerpt":{"rendered":"<p>Petite&amp;Mars Stela\u017c Street + Air Oak + Budka I Nak\u0142adki Do W\u00f3zka Carbon Grey Petite&amp;Mars impreza halloween 2021 dla dzieci, kolorowanki antystresowe, narodziny dziecka cytaty, zagadki logiczne \u015bmieszne, kolorowanki \u015bwi\u0105teczne do wydruku, proste dekoracje \u015bwi\u0105teczne dla dzieci, zabawy dla 10 latk\u00f3w, przys\u0142owia o rodzinie, daria imie, mdk aleksandr\u00f3w \u0142\u00f3dzki, pomysly na prezent na roczek, prezent [&hellip;]<\/p>\n","protected":false},"featured_media":5254,"comment_status":"closed","ping_status":"open","template":"","meta":[],"product_cat":[127,1111],"product_tag":[781,677,665],"class_list":["post-5253","product","type-product","status-publish","has-post-thumbnail","hentry","product_cat-akcesoria-do-wozkow","product_cat-petitemars","product_tag-cytaty-o-wychowaniu-dzieci","product_tag-milosz-imie","product_tag-proste-zagadki"],"_links":{"self":[{"href":"http:\/\/klubmamgdynia.pl\/index.php\/wp-json\/wp\/v2\/product\/5253","targetHints":{"allow":["GET"]}}],"collection":[{"href":"http:\/\/klubmamgdynia.pl\/index.php\/wp-json\/wp\/v2\/product"}],"about":[{"href":"http:\/\/klubmamgdynia.pl\/index.php\/wp-json\/wp\/v2\/types\/product"}],"replies":[{"embeddable":true,"href":"http:\/\/klubmamgdynia.pl\/index.php\/wp-json\/wp\/v2\/comments?post=5253"}],"wp:featuredmedia":[{"embeddable":true,"href":"http:\/\/klubmamgdynia.pl\/index.php\/wp-json\/wp\/v2\/media\/5254"}],"wp:attachment":[{"href":"http:\/\/klubmamgdynia.pl\/index.php\/wp-json\/wp\/v2\/media?parent=5253"}],"wp:term":[{"taxonomy":"product_cat","embeddable":true,"href":"http:\/\/klubmamgdynia.pl\/index.php\/wp-json\/wp\/v2\/product_cat?post=5253"},{"taxonomy":"product_tag","embeddable":true,"href":"http:\/\/klubmamgdynia.pl\/index.php\/wp-json\/wp\/v2\/product_tag?post=5253"}],"curies":[{"name":"wp","href":"https:\/\/api.w.org\/{rel}","templated":true}]}}