{"id":5255,"date":"2016-10-21T06:06:07","date_gmt":"2016-10-21T04:06:07","guid":{"rendered":"http:\/\/klubmamgdynia.pl\/index.php\/produkt\/zamiennik-philips-rq11\/"},"modified":"2026-05-17T22:04:34","modified_gmt":"2026-05-17T20:04:34","slug":"zamiennik-philips-rq11","status":"publish","type":"product","link":"http:\/\/klubmamgdynia.pl\/index.php\/produkt\/zamiennik-philips-rq11\/","title":{"rendered":"ZAMIENNIK PHILIPS RQ11"},"content":{"rendered":"<p>G\u0142owica Philips SensoTouch RQ11Instrukcja obs\u0142ugiOrygialne opakowanie<\/p>\n<h2>ZAMIENNIK PHILIPS RQ11 Inny<\/h2>\n<p>kolorowanka spiderman, piosenka na dzie\u0144 nauczyciela przedszkole, opowie\u015bci z narni lew czarownica i stara szafa test, pomys\u0142y na prezent na roczek, zadania logiczne dla dzieci, bajki o ksi\u0119\u017cniczkach do czytania, kolorowanka ninjago, dzieci.pl, piosenki dla dzieci tekst, \u0142amig\u0142\u00f3wki s\u0142owne, testy z lektury opowie\u015bci z narnii lew czarownica i stara szafa<\/p>\n<p>yyyyy<\/p>\n<p>&nbsp;<\/p>\n","protected":false},"excerpt":{"rendered":"<p>G\u0142owica Philips SensoTouch RQ11Instrukcja obs\u0142ugiOrygialne opakowanie ZAMIENNIK PHILIPS RQ11 Inny kolorowanka spiderman, piosenka na dzie\u0144 nauczyciela przedszkole, opowie\u015bci z narni lew czarownica i stara szafa test, pomys\u0142y na prezent na roczek, zadania logiczne dla dzieci, bajki o ksi\u0119\u017cniczkach do czytania, kolorowanka ninjago, dzieci.pl, piosenki dla dzieci tekst, \u0142amig\u0142\u00f3wki s\u0142owne, testy z lektury opowie\u015bci z narnii [&hellip;]<\/p>\n","protected":false},"featured_media":5256,"comment_status":"closed","ping_status":"open","template":"","meta":[],"product_cat":[1322,169],"product_tag":[683,730,585,748,794],"class_list":["post-5255","product","type-product","status-publish","has-post-thumbnail","hentry","product_cat-akcesoria-do-golarek","product_cat-inny","product_tag-karaluchy-pod-poduchy","product_tag-karyna","product_tag-kolorowanki-dla-chlopcow","product_tag-okolice-wroclawia-atrakcje","product_tag-test-opowiesci-z-narnii-lew-czarownica-i-stara-szafa-do-druku"],"_links":{"self":[{"href":"http:\/\/klubmamgdynia.pl\/index.php\/wp-json\/wp\/v2\/product\/5255","targetHints":{"allow":["GET"]}}],"collection":[{"href":"http:\/\/klubmamgdynia.pl\/index.php\/wp-json\/wp\/v2\/product"}],"about":[{"href":"http:\/\/klubmamgdynia.pl\/index.php\/wp-json\/wp\/v2\/types\/product"}],"replies":[{"embeddable":true,"href":"http:\/\/klubmamgdynia.pl\/index.php\/wp-json\/wp\/v2\/comments?post=5255"}],"wp:featuredmedia":[{"embeddable":true,"href":"http:\/\/klubmamgdynia.pl\/index.php\/wp-json\/wp\/v2\/media\/5256"}],"wp:attachment":[{"href":"http:\/\/klubmamgdynia.pl\/index.php\/wp-json\/wp\/v2\/media?parent=5255"}],"wp:term":[{"taxonomy":"product_cat","embeddable":true,"href":"http:\/\/klubmamgdynia.pl\/index.php\/wp-json\/wp\/v2\/product_cat?post=5255"},{"taxonomy":"product_tag","embeddable":true,"href":"http:\/\/klubmamgdynia.pl\/index.php\/wp-json\/wp\/v2\/product_tag?post=5255"}],"curies":[{"name":"wp","href":"https:\/\/api.w.org\/{rel}","templated":true}]}}