{"id":5257,"date":"2015-01-30T03:49:29","date_gmt":"2015-01-30T02:49:29","guid":{"rendered":"http:\/\/klubmamgdynia.pl\/index.php\/produkt\/nuna-triv-ebony-spacerowy\/"},"modified":"2026-05-17T22:12:47","modified_gmt":"2026-05-17T20:12:47","slug":"nuna-triv-ebony-spacerowy","status":"publish","type":"product","link":"http:\/\/klubmamgdynia.pl\/index.php\/produkt\/nuna-triv-ebony-spacerowy\/","title":{"rendered":"Nuna Triv Ebony Spacerowy"},"content":{"rendered":"<p>Towarzysz codziennych spacer\u00f3w.<\/p>\n<h2>Nuna Triv Ebony Spacerowy Nuna<\/h2>\n<p>atrakcje dla dzieci krak\u00f3w, zadania dla dzieci z ukrainy, czapka g\u00f3rnika szablon chomikuj, imie paula, pokoloruj wed\u0142ug wzoru, test wiedzy z lektury przygody tomka sawyera z odpowiedziami, rozalia imie, z\u0142ote my\u015bli kubu\u015b puchatek cytaty, kiedy dzieci chodz\u0105 na halloween, sara, prezent dla nastolatk\u00f3w ch\u0142opc\u00f3w, kuchcikowo przepisy dla dzieci, wzory zaprosze\u0144 zaproszenie na urodziny szablon do druku, po\u0142\u0105cz kropki do druku, opisy do zdj dziecka, quiz flagi, zagadki logiczne dla dzieci 10 lat do druku, bajki terapeutyczne o emocjach pdf, historia pluszowego misia, malowanki<\/p>\n<p>yyyyy<\/p>\n<p>&nbsp;<\/p>\n","protected":false},"excerpt":{"rendered":"<p>Towarzysz codziennych spacer\u00f3w. Nuna Triv Ebony Spacerowy Nuna atrakcje dla dzieci krak\u00f3w, zadania dla dzieci z ukrainy, czapka g\u00f3rnika szablon chomikuj, imie paula, pokoloruj wed\u0142ug wzoru, test wiedzy z lektury przygody tomka sawyera z odpowiedziami, rozalia imie, z\u0142ote my\u015bli kubu\u015b puchatek cytaty, kiedy dzieci chodz\u0105 na halloween, sara, prezent dla nastolatk\u00f3w ch\u0142opc\u00f3w, kuchcikowo przepisy dla [&hellip;]<\/p>\n","protected":false},"featured_media":5258,"comment_status":"closed","ping_status":"open","template":"","meta":[],"product_cat":[1282,71],"product_tag":[862,798,830,872],"class_list":["post-5257","product","type-product","status-publish","has-post-thumbnail","hentry","product_cat-nuna","product_cat-wozki-spacerowe","product_tag-nasza-zima-zla-tekst","product_tag-prezenty-dla-nastolatki","product_tag-rodzina-cytaty","product_tag-zagadki-dla-dzieci-6-lat"],"_links":{"self":[{"href":"http:\/\/klubmamgdynia.pl\/index.php\/wp-json\/wp\/v2\/product\/5257","targetHints":{"allow":["GET"]}}],"collection":[{"href":"http:\/\/klubmamgdynia.pl\/index.php\/wp-json\/wp\/v2\/product"}],"about":[{"href":"http:\/\/klubmamgdynia.pl\/index.php\/wp-json\/wp\/v2\/types\/product"}],"replies":[{"embeddable":true,"href":"http:\/\/klubmamgdynia.pl\/index.php\/wp-json\/wp\/v2\/comments?post=5257"}],"wp:featuredmedia":[{"embeddable":true,"href":"http:\/\/klubmamgdynia.pl\/index.php\/wp-json\/wp\/v2\/media\/5258"}],"wp:attachment":[{"href":"http:\/\/klubmamgdynia.pl\/index.php\/wp-json\/wp\/v2\/media?parent=5257"}],"wp:term":[{"taxonomy":"product_cat","embeddable":true,"href":"http:\/\/klubmamgdynia.pl\/index.php\/wp-json\/wp\/v2\/product_cat?post=5257"},{"taxonomy":"product_tag","embeddable":true,"href":"http:\/\/klubmamgdynia.pl\/index.php\/wp-json\/wp\/v2\/product_tag?post=5257"}],"curies":[{"name":"wp","href":"https:\/\/api.w.org\/{rel}","templated":true}]}}