{"id":5259,"date":"2017-06-28T07:55:36","date_gmt":"2017-06-28T05:55:36","guid":{"rendered":"http:\/\/klubmamgdynia.pl\/index.php\/produkt\/simba-duza-glowa-ksiezniczki-do-stylizacji\/"},"modified":"2026-04-19T04:09:56","modified_gmt":"2026-04-19T02:09:56","slug":"simba-duza-glowa-ksiezniczki-do-stylizacji","status":"publish","type":"product","link":"http:\/\/klubmamgdynia.pl\/index.php\/produkt\/simba-duza-glowa-ksiezniczki-do-stylizacji\/","title":{"rendered":"Simba Du\u017ca g\u0142owa Ksi\u0119\u017cniczki do stylizacji"},"content":{"rendered":"<p>Du\u017ca g\u0142owa Ksi\u0119\u017cniczki do stylizacji G\u0142owa z d\u0142ugimi blond w\u0142osami i licznymi akcesoriami do czesania i upinania w\u0142os\u00f3w oraz wykonywania makija\u017cu.<\/p>\n<h2>Simba Du\u017ca g\u0142owa Ksi\u0119\u017cniczki do stylizacji Simba<\/h2>\n<p>esmeralda, filmy familijne walta disneya, rozalia imi\u0119, bajka o emocjach, mia i ja kolorowanki do druku, kartka walentynkowa r\u0119cznie robiona \u0142atwa, dyplomy szablony pdf, wielkanocne zagadki, halszka, kwiecien plecien, dyplomy do druku, cytaty o wychowaniu i nauczaniu, aniela znaczenie imienia, zabawy ruchowe dla dzieci w przedszkolu, prezent dla 15 latka, wroc\u0142aw i okolice atrakcje, zagadki halloween dla dzieci<\/p>\n<p>yyyyy<\/p>\n<p>&nbsp;<\/p>\n","protected":false},"excerpt":{"rendered":"<p>Du\u017ca g\u0142owa Ksi\u0119\u017cniczki do stylizacji G\u0142owa z d\u0142ugimi blond w\u0142osami i licznymi akcesoriami do czesania i upinania w\u0142os\u00f3w oraz wykonywania makija\u017cu. Simba Du\u017ca g\u0142owa Ksi\u0119\u017cniczki do stylizacji Simba esmeralda, filmy familijne walta disneya, rozalia imi\u0119, bajka o emocjach, mia i ja kolorowanki do druku, kartka walentynkowa r\u0119cznie robiona \u0142atwa, dyplomy szablony pdf, wielkanocne zagadki, halszka, [&hellip;]<\/p>\n","protected":false},"featured_media":5260,"comment_status":"closed","ping_status":"open","template":"","meta":[],"product_cat":[1298,279],"product_tag":[833,728,699,795,678,692],"class_list":["post-5259","product","type-product","status-publish","has-post-thumbnail","hentry","product_cat-glowy-do-czesania-i-stylizacji","product_cat-simba","product_tag-bajki-dla-dzieci-do-czytania","product_tag-bezwarunkowa-milosc-do-dziecka-cytaty","product_tag-kolorowanki-do-druku-dla-dziewczyn","product_tag-mini-zoo-warszawa","product_tag-prezent-na-roczek-dla-dziewczynki","product_tag-prezenty-na-roczek"],"_links":{"self":[{"href":"http:\/\/klubmamgdynia.pl\/index.php\/wp-json\/wp\/v2\/product\/5259","targetHints":{"allow":["GET"]}}],"collection":[{"href":"http:\/\/klubmamgdynia.pl\/index.php\/wp-json\/wp\/v2\/product"}],"about":[{"href":"http:\/\/klubmamgdynia.pl\/index.php\/wp-json\/wp\/v2\/types\/product"}],"replies":[{"embeddable":true,"href":"http:\/\/klubmamgdynia.pl\/index.php\/wp-json\/wp\/v2\/comments?post=5259"}],"wp:featuredmedia":[{"embeddable":true,"href":"http:\/\/klubmamgdynia.pl\/index.php\/wp-json\/wp\/v2\/media\/5260"}],"wp:attachment":[{"href":"http:\/\/klubmamgdynia.pl\/index.php\/wp-json\/wp\/v2\/media?parent=5259"}],"wp:term":[{"taxonomy":"product_cat","embeddable":true,"href":"http:\/\/klubmamgdynia.pl\/index.php\/wp-json\/wp\/v2\/product_cat?post=5259"},{"taxonomy":"product_tag","embeddable":true,"href":"http:\/\/klubmamgdynia.pl\/index.php\/wp-json\/wp\/v2\/product_tag?post=5259"}],"curies":[{"name":"wp","href":"https:\/\/api.w.org\/{rel}","templated":true}]}}