{"id":5263,"date":"2022-10-07T21:16:29","date_gmt":"2022-10-07T19:16:29","guid":{"rendered":"http:\/\/klubmamgdynia.pl\/index.php\/produkt\/milly-mally-zawieszka-pluszowa-sowka-brazowa\/"},"modified":"2026-04-08T12:55:50","modified_gmt":"2026-04-08T10:55:50","slug":"milly-mally-zawieszka-pluszowa-sowka-brazowa","status":"publish","type":"product","link":"http:\/\/klubmamgdynia.pl\/index.php\/produkt\/milly-mally-zawieszka-pluszowa-sowka-brazowa\/","title":{"rendered":"Milly Mally Zawieszka Pluszowa S\u00f3wka Br\u0105zowa"},"content":{"rendered":"<p>Zawieszka pluszowa S\u00f3wka br\u0105zowa Zawieszka-pluszowa s\u00f3wka, zosta\u0142a stworzona z wysokiej jako\u015bci, bezpiecznych, zr\u00f3\u017cnicowanych materia\u0142\u00f3w i mi\u0142ego w dotyku mi\u0119kkiego pluszu. Zachwyca r\u00f3\u017cnorodno\u015bci\u0105 bod\u017ac\u00f3w jak i jako\u015bci\u0105 wykonania. Skrzyde\u0142ka, uszka i n\u00f3\u017cki odstaj\u0105 co umo\u017cliwi dziecku chwytanie za nie. Natomiast, w brzuszku znajduje si\u0119 dzwoneczek, kt\u00f3ry z pewno\u015bci\u0105 zaintryguje maluszka. Praktyczna klamra pozwoli przymocowa\u0107 zawieszk\u0119 w wybranym miejscu. Dzi\u0119ki zastosowaniu r\u00f3\u017cnych faktur, kolor\u00f3w i d\u017awi\u0119ku, pluszowa s\u00f3wka b\u0119dzie stymulowa\u0142a zmys\u0142 dotyku, wzroku i s\u0142uchu, wra\u017cliwo\u015b\u0107 dziecka na spostrzeganie \u015bwiata oraz koordynacj\u0119 manualn\u0105. Dodatkowo, zawieszka umo\u017cliwi dzieciom badanie \u015bwiata poprzez g\u0142askanie, przytulanie, ogl\u0105danie i szarpanie poszczeg\u00f3lnych element\u00f3w. Dzwoneczek w brzuszku R\u00f3\u017cnorodne materia\u0142y Odstaj\u0105ce n\u00f3\u017cki, uszka i skrzyde\u0142ka Klamra do zawieszania Dost\u0119pny w 2 kolorach: brown i pink Posiada certyfikat bezpiecze\u0144stwa Nr katalogowy: 4663\/2552brown Wymiary: 6 x 20 x 16 cmAkcesoria w zestawie: Pozosta\u0142e parametry: Wymiary opakowania: 8 x 16 x 23 cm&#8230;<\/p>\n<h2>Milly Mally Zawieszka Pluszowa S\u00f3wka Br\u0105zowa Milly Mally<\/h2>\n<p>uk\u0142ad s\u0142oneczny kolorowanka, bardzo trudne zagadki, co kupi\u0107 na roczek dla dziewczynki, koty kolorowanka, prezent dla nastolatk\u00f3w, piosenka przyjed\u017a do nas miko\u0142aju, wakacje kolorowanka, kolorowanka \u015bwinka peppa, cytaty o wychowaniu dzieci, kolorowanka lol, co kupi\u0107 nastolatkowi, przygody tomka sawyera test, tr\u00f3jmiasto atrakcje dla dzieci, minecraft quiz, god\u0142o polski do druku, prezent dla 15 latki, dynie pozna\u0144, nietypowe imiona, prezenty urodzinowe dla nastolatk\u00f3w, jak narysowa\u0107 anio\u0142ka, mitologia grecka quiz<\/p>\n<p>yyyyy<\/p>\n<p>&nbsp;<\/p>\n","protected":false},"excerpt":{"rendered":"<p>Zawieszka pluszowa S\u00f3wka br\u0105zowa Zawieszka-pluszowa s\u00f3wka, zosta\u0142a stworzona z wysokiej jako\u015bci, bezpiecznych, zr\u00f3\u017cnicowanych materia\u0142\u00f3w i mi\u0142ego w dotyku mi\u0119kkiego pluszu. Zachwyca r\u00f3\u017cnorodno\u015bci\u0105 bod\u017ac\u00f3w jak i jako\u015bci\u0105 wykonania. Skrzyde\u0142ka, uszka i n\u00f3\u017cki odstaj\u0105 co umo\u017cliwi dziecku chwytanie za nie. Natomiast, w brzuszku znajduje si\u0119 dzwoneczek, kt\u00f3ry z pewno\u015bci\u0105 zaintryguje maluszka. Praktyczna klamra pozwoli przymocowa\u0107 zawieszk\u0119 w [&hellip;]<\/p>\n","protected":false},"featured_media":5264,"comment_status":"closed","ping_status":"open","template":"","meta":[],"product_cat":[1323,26],"product_tag":[838,703,640,591],"class_list":["post-5263","product","type-product","status-publish","has-post-thumbnail","hentry","product_cat-milly-mally","product_cat-zabawki-do-wozka-lozeczka-i-fotelika","product_tag-bajki-dla-dzieci-na-dobranoc","product_tag-prezent-dla-nastolatki","product_tag-prezent-dla-rocznej-dziewczynki","product_tag-quiz-o-minecraft"],"_links":{"self":[{"href":"http:\/\/klubmamgdynia.pl\/index.php\/wp-json\/wp\/v2\/product\/5263","targetHints":{"allow":["GET"]}}],"collection":[{"href":"http:\/\/klubmamgdynia.pl\/index.php\/wp-json\/wp\/v2\/product"}],"about":[{"href":"http:\/\/klubmamgdynia.pl\/index.php\/wp-json\/wp\/v2\/types\/product"}],"replies":[{"embeddable":true,"href":"http:\/\/klubmamgdynia.pl\/index.php\/wp-json\/wp\/v2\/comments?post=5263"}],"wp:featuredmedia":[{"embeddable":true,"href":"http:\/\/klubmamgdynia.pl\/index.php\/wp-json\/wp\/v2\/media\/5264"}],"wp:attachment":[{"href":"http:\/\/klubmamgdynia.pl\/index.php\/wp-json\/wp\/v2\/media?parent=5263"}],"wp:term":[{"taxonomy":"product_cat","embeddable":true,"href":"http:\/\/klubmamgdynia.pl\/index.php\/wp-json\/wp\/v2\/product_cat?post=5263"},{"taxonomy":"product_tag","embeddable":true,"href":"http:\/\/klubmamgdynia.pl\/index.php\/wp-json\/wp\/v2\/product_tag?post=5263"}],"curies":[{"name":"wp","href":"https:\/\/api.w.org\/{rel}","templated":true}]}}