{"id":5271,"date":"2016-10-01T15:37:06","date_gmt":"2016-10-01T13:37:06","guid":{"rendered":"http:\/\/klubmamgdynia.pl\/index.php\/produkt\/gesslein-buggy-smiloo-happy-black-spacerowy\/"},"modified":"2026-05-01T10:33:34","modified_gmt":"2026-05-01T08:33:34","slug":"gesslein-buggy-smiloo-happy-black-spacerowy","status":"publish","type":"product","link":"http:\/\/klubmamgdynia.pl\/index.php\/produkt\/gesslein-buggy-smiloo-happy-black-spacerowy\/","title":{"rendered":"Gesslein Buggy Smiloo Happy Black Spacerowy"},"content":{"rendered":"<p>Zbieraj chwile szcz\u0119\u015bcia w swoim codziennym \u017cyciu z SMILOO Happy+! Komfort dla doros\u0142ych W\u00f3zek jest idealnym towarzyszem na kr\u00f3tkie wycieczki do miasta lub do parku. Niezale\u017cnie od miejsca, SMILOO Happy+ mo\u017cna b\u0142yskawicznie z\u0142o\u017cy\u0107, a dzi\u0119ki blokadzie transportowej \u0142atwo przetransportowa\u0107 i schowa\u0107. Dzi\u0119ki temu jeste\u015b zawsze mobilny i mo\u017cesz \u0142atwo schowa\u0107 w\u00f3zek do baga\u017cnika. Aby zapewni\u0107 Ci wysoki poziom komfortu, mo\u017cesz dopasowa\u0107 uchwyt do pchania wykonany z wega\u0144skiej sk\u00f3ry do swojego indywidualnego wzrostu. Przednie ko\u0142a mog\u0105 by\u0107 r\u00f3wnie\u017c skr\u0119tne i sta\u0142e. Aby \u017caden teren nie stanowi\u0142 przeszkody, ko\u0142a s\u0105 szczeg\u00f3lnie wytrzyma\u0142e dzi\u0119ki piankowemu rdzeniowi z gumow\u0105 pow\u0142ok\u0105. Komfort dla najm\u0142odszych Oparcie mo\u017cna p\u0142ynnie regulowa\u0107 a\u017c do pozycji le\u017c\u0105cej, dzi\u0119ki czemu maluchy mog\u0105 si\u0119 zrelaksowa\u0107 i po\u0142o\u017cy\u0107 podczas podr\u00f3\u017cy. K\u0105t nachylenia podn\u00f3\u017cka mo\u017ce by\u0107 r\u00f3wnie\u017c regulowany dla dodatkowego komfortu. Aby optymalnie chroni\u0107 ma\u0142ych pasa\u017cer\u00f3w przed wiatrem i pogod\u0105, daszek jest szczeg\u00f3lnie elastyczny. Jest wysuwany, mo\u017cna go wysun\u0105\u0107 daleko do przodu, posiada ekran i okienko z tkaniny siatkowej. Ty\u0142 jest ca\u0142kowicie zdejmowany, aby zapewni\u0107 dodatkow\u0105 porcj\u0119 \u015bwie\u017cego powietrza. Bezpiecznie na drodze Wy\u015bcie\u0142ane 5-punktowe pasy utrzymuj\u0105 malucha pewnie wewn\u0105trz w\u00f3zka. Listwa ochronna z przodu jest r\u00f3wnie\u017c dost\u0119pna dla dzieci, aby mog\u0142y si\u0119 jej trzyma\u0107 lub przyczepia\u0107 zabawki. Wyposa\u017cony jest w mechanizm jednor\u0119czny, dzi\u0119ki kt\u00f3remu mo\u017cna go z\u0142o\u017cy\u0107 lub zdj\u0105\u0107 za pomoc\u0105 jednego przycisku. Po prostu schowany Smiloo Happy posiada praktyczn\u0105 i pojemn\u0105 siatk\u0119 na baga\u017c. Mo\u017cna tam schowa\u0107 zakupy, ale tak\u017ce Sand zabawki czy torb\u0119 na pieluchy. Kosz zapewnia maksymalny komfort podczas wycieczki. Szczeg\u00f3\u0142y produktu: Sk\u0142adane w ca\u0142o\u015bci z blokad\u0105 transportow\u0105 Regulowany uchwyt do pchania Skr\u0119tne i sta\u0142e ko\u0142a przednie Regulowany podn\u00f3\u017cek P\u0142ynna regulacja oparcia Wysuwany kaptur Okno podgl\u0105du z wk\u0142adk\u0105 siatkow\u0105 Zdejmowane oparcie baldachimu Elegancka i wytrzyma\u0142a tkanina o strukturze plastra miodu 5-punktowe szelki bezpiecze\u0144stwa z nak\u0142adkami na pasy Obszerna siatka na baga\u017c Dane techniczne: Wymiary po roz\u0142o\u017ceniu (d\u0142ugo\u015b\u0107 x szeroko\u015b\u0107 x wysoko\u015b\u0107): 110 x 95 x 60 cm Wymiary po z\u0142o\u017ceniu (d\u0142ugo\u015b\u0107 x szeroko\u015b\u0107 x wysoko\u015b\u0107): 78 x 59 x 28 cm Wymiary oparcia (d\u0142ugo\u015b\u0107 x szeroko\u015b\u0107): 53 x 35 cm Powierzchnia do le\u017cenia (d\u0142ugo\u015b\u0107 x szeroko\u015b\u0107): 87 x 34 cm Wysoko\u015b\u0107 pchania: 80 &#8211; 109 cm Waga: 9,8 kg Ud\u017awig jednostki siedz\u0105cej: maksymalnie 20 kg Obci\u0105\u017cenie kosza na zakupy: maks. 5 kg Opony: Opony pneumatyczne z os\u0142on\u0105 gumow\u0105 Wymiary k\u00f3\u0142: tylne 24 cm, przednie 18 cm W zestawie: Buggy Koszyk na zakupy Belka przednia<\/p>\n<h2>Gesslein Buggy Smiloo Happy Black Spacerowy Gesslein<\/h2>\n<p>test miko\u0142ajek 25 pyta\u0144, zagadki dla 7 latk\u00f3w, test magiczne drzewo czerwone krzes\u0142o, prezent dla nastolatk\u00f3w 2020, origami dla dzieci, rymowane zagadki, cukierku ty \u0142obuzie test, traktor z przyczep\u0105 kolorowanka, proste zagadki, kolorowanka wakacje, filmy disneya, quiz flagi europy, cytat na dzie\u0144 matki, kornelia<\/p>\n<p>yyyyy<\/p>\n<p>&nbsp;<\/p>\n","protected":false},"excerpt":{"rendered":"<p>Zbieraj chwile szcz\u0119\u015bcia w swoim codziennym \u017cyciu z SMILOO Happy+! Komfort dla doros\u0142ych W\u00f3zek jest idealnym towarzyszem na kr\u00f3tkie wycieczki do miasta lub do parku. Niezale\u017cnie od miejsca, SMILOO Happy+ mo\u017cna b\u0142yskawicznie z\u0142o\u017cy\u0107, a dzi\u0119ki blokadzie transportowej \u0142atwo przetransportowa\u0107 i schowa\u0107. Dzi\u0119ki temu jeste\u015b zawsze mobilny i mo\u017cesz \u0142atwo schowa\u0107 w\u00f3zek do baga\u017cnika. Aby zapewni\u0107 [&hellip;]<\/p>\n","protected":false},"featured_media":5272,"comment_status":"closed","ping_status":"open","template":"","meta":[],"product_cat":[1324,71],"product_tag":[838,659,595,701],"class_list":["post-5271","product","type-product","status-publish","has-post-thumbnail","hentry","product_cat-gesslein","product_cat-wozki-spacerowe","product_tag-bajki-dla-dzieci-na-dobranoc","product_tag-tupu-tup-po-sniegu-tekst","product_tag-zagadki-dla-6-latka","product_tag-zgadywanki-dla-dzieci"],"_links":{"self":[{"href":"http:\/\/klubmamgdynia.pl\/index.php\/wp-json\/wp\/v2\/product\/5271","targetHints":{"allow":["GET"]}}],"collection":[{"href":"http:\/\/klubmamgdynia.pl\/index.php\/wp-json\/wp\/v2\/product"}],"about":[{"href":"http:\/\/klubmamgdynia.pl\/index.php\/wp-json\/wp\/v2\/types\/product"}],"replies":[{"embeddable":true,"href":"http:\/\/klubmamgdynia.pl\/index.php\/wp-json\/wp\/v2\/comments?post=5271"}],"wp:featuredmedia":[{"embeddable":true,"href":"http:\/\/klubmamgdynia.pl\/index.php\/wp-json\/wp\/v2\/media\/5272"}],"wp:attachment":[{"href":"http:\/\/klubmamgdynia.pl\/index.php\/wp-json\/wp\/v2\/media?parent=5271"}],"wp:term":[{"taxonomy":"product_cat","embeddable":true,"href":"http:\/\/klubmamgdynia.pl\/index.php\/wp-json\/wp\/v2\/product_cat?post=5271"},{"taxonomy":"product_tag","embeddable":true,"href":"http:\/\/klubmamgdynia.pl\/index.php\/wp-json\/wp\/v2\/product_tag?post=5271"}],"curies":[{"name":"wp","href":"https:\/\/api.w.org\/{rel}","templated":true}]}}