{"id":5273,"date":"2020-06-23T23:04:25","date_gmt":"2020-06-23T21:04:25","guid":{"rendered":"http:\/\/klubmamgdynia.pl\/index.php\/produkt\/pirelli-winter-snowcontrol-serie-3-205-55r16-91t-3pmsf\/"},"modified":"2026-04-30T13:34:25","modified_gmt":"2026-04-30T11:34:25","slug":"pirelli-winter-snowcontrol-serie-3-205-55r16-91t-3pmsf","status":"publish","type":"product","link":"http:\/\/klubmamgdynia.pl\/index.php\/produkt\/pirelli-winter-snowcontrol-serie-3-205-55r16-91t-3pmsf\/","title":{"rendered":"Pirelli Winter Snowcontrol Serie 3 205\/55R16 91T 3PMSF"},"content":{"rendered":"<p>Pirelli Winter Snowcontrol Serie 3 205\/55R16 91T                            <\/p>\n<p>Opony Pirelli \u2013 najwy\u017csza jako\u015b\u0107 od 1872 rokuOpona Pirelli SnowControl 3 to jedna z najnowszych propozycji w\u0142oskiego koncernu. Przed stworzeniem tego modelu, firma przesz\u0142a bardzo d\u0142ug\u0105 drog\u0119 i poczyni\u0142a wiele zmian, kt\u00f3re doprowadzi\u0142y j\u0105 do sukcesu. Zak\u0142ad za\u0142o\u017cony zosta\u0142 pod koniec XIX wieku przez drobnego przedsi\u0119biorc\u0119. Giovanni Battista Pirelli nie od razu sta\u0142 si\u0119 kr\u00f3lem rynku opon. Pierwsze sukcesy i popularno\u015b\u0107 przysz\u0142y wraz z rajdem Pekin-Pary\u017c, kt\u00f3ry mia\u0142 miejsce w 1907 roku. Zwyci\u0119zcy wy\u015bcigu wykorzystywali ogumienie marki Pirelli i to by\u0142 prawdziwy pocz\u0105tek ekspansji produkt\u00f3w tej firmy na rynki \u015bwiatowe. Ogumienie Pirelli kojarzy si\u0119 przede wszystkim ze sportami motorowymi i g\u0142\u00f3wnie dzi\u0119ki rajdom i wy\u015bcigom marka zyska\u0142a tak ogromne do\u015bwiadczenie w produkcji opon o bardzo wysokiej jako\u015bci.\u00a0 Pirelli SnowControl 3 to opona zimowa klasy premium, wyposa\u017cona w kierunkowy bie\u017cnik. Oferta obejmuje 45 wariant\u00f3w w rozmiarach od 24 do 16 cali. Model powsta\u0142 g\u0142\u00f3wnie z my\u015bl\u0105 o kierowcach osobowych aut miejskich i kompaktowych.                            <\/p>\n<p>Jak rozpozna\u0107 opony kierunkowe?Bie\u017cnik kierunkowy wygl\u0105dem przypomina litery &#8222;V&#8221; lub &#8222;U&#8221;. To w\u0142a\u015bnie ta konstrukcja sprawia, \u017ce opony kierunkowe r\u00f3\u017cni\u0105 si\u0119 monta\u017cem od pozosta\u0142ych opon. Aby zagwarantowa\u0107 najlepsze osi\u0105gi, kierunek bie\u017cnika przy zak\u0142adaniu opony musi by\u0107 zgodny ze wskazaniem producenta. Oznaczenie opon kierunkowych ma form\u0119 strza\u0142ki lub elementu graficznego a tak\u017ce napisu (np. ROTATION). Oznaczenia opon kierunkowych znajduj\u0105 si\u0119 na boku. Wa\u017cnymi elementami bie\u017cnika kierunkowego s\u0105 sko\u015bne rowki, prowadz\u0105ce od \u015brodka do bark\u00f3w po lewej i prawej stronie opony, na pierwszy rzut oka wskazuj\u0105ce na kierunek opony. Cz\u0119sto bie\u017cnik ten posiada szerokie rowki obwodowe.Zalety bie\u017cnika kierunkowegoDo dzisiaj nie stworzono technologii, kt\u00f3ra poprawi\u0142aby wszystkie osi\u0105gi jednocze\u015bnie. G\u0142\u00f3wne zalet\u0105 bie\u017cnika kierunkowego jest szybkie odprowadzenie wody spod opony za pomoc\u0105 szerokich rowk\u00f3w na obwodzie oraz lejkowatych rowk\u00f3w poprzecznych. Odporno\u015b\u0107 na aquaplaning jest wy\u017csza w tym przypadku o ok. 20 \u2013 30% w por\u00f3wnaniu z innymi typami bie\u017cnika. Bie\u017cnik kierunkowy doskonale poradzi sobie z b\u0142otem po\u015bniegowym (opona zimowa) oraz w trakcie ulewy (opona letnia). Dodatkow\u0105 zalet\u0105 bie\u017cnika jest atrakcyjny wygl\u0105d, lepsza przyczepno\u015b\u0107 na suchej nawierzchni oraz niski op\u00f3r toczenia.                            <\/p>\n<p>Etykieta EUZgodnie z rozporz\u0105dzeniem Parlamentu Europejskiego i Rady (WE) nr 1222\/2009, etykietowanie opon do samochod\u00f3w osobowych i dostawczych ma obowi\u0105zywa\u0107 od 1 listopada 2012 r. Nowe zasady wprowadzane przez Uni\u0119 Europejsk\u0105, nakazuj\u0105 producentom obowi\u0105zkowe etykietowanie opon. Oznaczenia odpowiednio kategoryzuj\u0105 opony oraz okre\u015blaj\u0105 ich wp\u0142yw na wydajno\u015b\u0107 paliwow\u0105, bezpiecze\u0144stwo oraz poziom generowanego ha\u0142asu. Dzi\u0119ki etykietom kierowcy maj\u0105 natychmiastowy i czytelny dost\u0119p do danych, kt\u00f3re znacznie wp\u0142ywaj\u0105 na wyb\u00f3r opon. Kategoryzacja ogumienia mie\u015bci si\u0119 w siedmiostopniowym przedziale literowym od &#8222;A&#8221; do &#8222;G&#8221;, gdzie &#8222;G&#8221; to wynik najgorszy, natomiast &#8222;A&#8221; najlepszy. Poszczeg\u00f3lne symbole graficzne okre\u015blaj\u0105 wa\u017cne osi\u0105gi: wydajno\u015b\u0107 paliwow\u0105, bezpiecze\u0144stwo oraz poziom generowanego ha\u0142asu.Efektywno\u015b\u0107 paliwowaPo lewej stronie etykiety znajduje si\u0119 skala klasyfikacji efektywno\u015bci energetycznej m\u00f3wi\u0105ca o wp\u0142ywie opony na zu\u017cycie paliwa oraz zwi\u0105zanej z tym emisji CO2. Pokonanie opor\u00f3w toczenia ogumienia poch\u0142ania \u015brednio 20% paliwa spalanego przez pojazd. Obni\u017cenie opor\u00f3w toczenia mo\u017ce znacz\u0105co przyczynia\u0107 si\u0119 do og\u00f3lnej poprawy efektywno\u015bci energetycznej transportu drogowego i do zmniejszenia emisji CO2 z nim zwi\u0105zanych. Warto\u015b\u0107 wsp\u00f3\u0142czynnika oporu toczenia opony jest mierzona na maszynie symulacyjnej i decyduje o klasie efektywno\u015bci energetycznej opony. Jaka jest r\u00f3\u017cnica mi\u0119dzy oponami klasy A i G? Opony znacz\u0105co r\u00f3\u017cni\u0105 si\u0119 pod wzgl\u0119dem oporu toczenia, kt\u00f3ry jest stopniowo zmniejszany poprzez technologiczne ewolucje kolejnych generacji opon. R\u00f3\u017cnica w zu\u017cyciu paliwa dw\u00f3ch aut osobowych, jednego wyposa\u017conego w opony klasy A i drugiego z oponami klasy G, jest znacz\u0105ca, poniewa\u017c si\u0119ga nawet 0,5 l\/100 km. Roczna oszcz\u0119dno\u015b\u0107 paliwa to ok. 80 litr\u00f3w (przy rocznym przebiegu 15 000 km).Przyczepno\u015b\u0107 na mokrej nawierzchniSkala znajduj\u0105ca si\u0119 po prawej stronie etykiety przedstawia klasy przyczepno\u015bci opon podczas hamowania na mokrej nawierzchni. Pomiary przeprowadza si\u0119 na poje\u017adzie w warunkach okre\u015blonych odpowiednim regulaminem, w kt\u00f3rym zdefiniowane zosta\u0142y m.in. pr\u0119dko\u015b\u0107, charakterystyka toru, grubo\u015b\u0107 warstwy wody czy temperatura. Skala powsta\u0142a poprzez por\u00f3wnanie osi\u0105g\u00f3w testowanych opon do osi\u0105g\u00f3w opony wzorcowej. Jaka jest r\u00f3\u017cnica mi\u0119dzy oponami klasy A i G? R\u00f3\u017cnica d\u0142ugo\u015bci drogi hamowania na mokrej nawierzchni samochodu wyposa\u017conego w opony klasy A i samochodu z oponami klasy G wynosi 18 metr\u00f3w. Dystans r\u00f3wny czterem d\u0142ugo\u015bciom samochoduZewn\u0119trzny ha\u0142as toczeniaHa\u0142as spowodowany przez ruch uliczny jest jedn\u0105 z g\u0142\u00f3wnych uci\u0105\u017cliwo\u015bci. Dolna cz\u0119\u015b\u0107 etykiety przedstawia poziom zewn\u0119trznego ha\u0142asu toczenia opony pojazdu, wyra\u017cony w decybelach (nale\u017cy zauwa\u017cy\u0107, \u017ce nie jest to poziom ha\u0142asu s\u0142yszanego przez kierowc\u0119 wewn\u0105trz pojazdu).<\/p>\n<h2>Pirelli Winter Snowcontrol Serie 3 205\/55R16 91T 3PMSF Pirelli<\/h2>\n<p>gad\u017cety dla nastolatki, jak narysowa\u0107 konia, zagadki o bo\u017cym narodzeniu, miko\u0142ajek test z lektury, koty kolorowanki do druku, dobrej nocy i sza, znaczenie imiona marcel, prezent dla dwunastolatka, kolorowanki ninjago, kolorowanki antystresowe, zagadka, cytaty motywacyjne dla dzieci, kajko i kokosz szko\u0142a latania &#8211; test do wydruku, bajka o piesku do czytania, kucyki pony kolorowanka, liwia, nietypowe imiona \u017ce\u0144skie, \u017cyczenia na lany poniedzia\u0142ek wielkanocny<\/p>\n<p>yyyyy<\/p>\n<p>&nbsp;<\/p>\n","protected":false},"excerpt":{"rendered":"<p>Pirelli Winter Snowcontrol Serie 3 205\/55R16 91T Opony Pirelli \u2013 najwy\u017csza jako\u015b\u0107 od 1872 rokuOpona Pirelli SnowControl 3 to jedna z najnowszych propozycji w\u0142oskiego koncernu. Przed stworzeniem tego modelu, firma przesz\u0142a bardzo d\u0142ug\u0105 drog\u0119 i poczyni\u0142a wiele zmian, kt\u00f3re doprowadzi\u0142y j\u0105 do sukcesu. Zak\u0142ad za\u0142o\u017cony zosta\u0142 pod koniec XIX wieku przez drobnego przedsi\u0119biorc\u0119. Giovanni Battista [&hellip;]<\/p>\n","protected":false},"featured_media":5274,"comment_status":"closed","ping_status":"open","template":"","meta":[],"product_cat":[885,1325],"product_tag":[603,819,651],"class_list":["post-5273","product","type-product","status-publish","has-post-thumbnail","hentry","product_cat-opony-zimowe","product_cat-pirelli","product_tag-bajki-do-czytania","product_tag-co-kupic-nastolatce-na-swieta","product_tag-quizy-online"],"_links":{"self":[{"href":"http:\/\/klubmamgdynia.pl\/index.php\/wp-json\/wp\/v2\/product\/5273","targetHints":{"allow":["GET"]}}],"collection":[{"href":"http:\/\/klubmamgdynia.pl\/index.php\/wp-json\/wp\/v2\/product"}],"about":[{"href":"http:\/\/klubmamgdynia.pl\/index.php\/wp-json\/wp\/v2\/types\/product"}],"replies":[{"embeddable":true,"href":"http:\/\/klubmamgdynia.pl\/index.php\/wp-json\/wp\/v2\/comments?post=5273"}],"wp:featuredmedia":[{"embeddable":true,"href":"http:\/\/klubmamgdynia.pl\/index.php\/wp-json\/wp\/v2\/media\/5274"}],"wp:attachment":[{"href":"http:\/\/klubmamgdynia.pl\/index.php\/wp-json\/wp\/v2\/media?parent=5273"}],"wp:term":[{"taxonomy":"product_cat","embeddable":true,"href":"http:\/\/klubmamgdynia.pl\/index.php\/wp-json\/wp\/v2\/product_cat?post=5273"},{"taxonomy":"product_tag","embeddable":true,"href":"http:\/\/klubmamgdynia.pl\/index.php\/wp-json\/wp\/v2\/product_tag?post=5273"}],"curies":[{"name":"wp","href":"https:\/\/api.w.org\/{rel}","templated":true}]}}