{"id":5275,"date":"2015-08-01T23:31:21","date_gmt":"2015-08-01T21:31:21","guid":{"rendered":"http:\/\/klubmamgdynia.pl\/index.php\/produkt\/kontext-lampka-led-do-wc-toalety-czujnik-ruchu\/"},"modified":"2026-04-06T06:44:03","modified_gmt":"2026-04-06T04:44:03","slug":"kontext-lampka-led-do-wc-toalety-czujnik-ruchu","status":"publish","type":"product","link":"http:\/\/klubmamgdynia.pl\/index.php\/produkt\/kontext-lampka-led-do-wc-toalety-czujnik-ruchu\/","title":{"rendered":"Kontext Lampka Led Do Wc Toalety Czujnik Ruchu"},"content":{"rendered":"<p>LAMPKA LED DO MUSZLI KLOZETOWEJ Z CZUJNIKIEM RUCHU 8 KOLOR\u00d3WLampka wyposa\u017cona w diod\u0119 led, kt\u00f3ra \u015bwieci w jednym kolorzelub mo\u017ce je po kolej zmienia\u0107 ( jest 8 kolor\u00f3w ), tryb zmienia si\u0119 bia\u0142ym przyciskiem.Lampka posiada czujnik ruchu i \u015bwiat\u0142a co oznacza \u017ce gdy wejdziemy do ciemnej toalety to lampka si\u0119 zapali a gdy z niej wyjdziemy zga\u015bnie po 2 minutach.Dioda led umieszczona na bia\u0142ym elastycznym pr\u0119cie dzi\u0119ki temu lampk\u0119 mo\u017cna zamontowa\u0107 praktycznie wsz\u0119dzie.Lampka jest wodoodporna.Lampka ga\u015bnie gdy dostanie wi\u0119ksze \u017ar\u00f3d\u0142o \u015bwiat\u0142a (np. otwarcie drzwi w s\u0142oneczny dzie\u0144 lub zapalenie g\u00f3rnego \u015bwiat\u0142a).Lampka jest zasilana na 3 baterie AAA (brak w zestawie)ZALETY:ZMIANA KOLOR\u00d3W: lampka mo\u017ce \u015bwieci\u0107 o\u015bmioma koloramiELASTYCZNY UCHWYT: w szybki i \u0142atwy spos\u00f3b zamontujesz i zdemontujesz lampk\u0119WYPOSA\u017bONA W CZUJNIK RUCHU: W\u0142\u0105cza si\u0119 gdy kto\u015b znajduje si\u0119 w pobli\u017cuMOCNA DIODA LED: \u015bwieci jasnym, nasyconym \u015bwiat\u0142emNIEWIELKI ROZMIAR: bez trudu przymocujesz j\u0105 do ka\u017cdego rodzaju muszli sedesowej<\/p>\n<h2>Kontext Lampka Led Do Wc Toalety Czujnik Ruchu Kontext<\/h2>\n<p>dobre \u017carty na prima aprilis, kolorowanki super zings, quiz stolice europy, opowie\u015bci z narnii lew czarownica i stara szafa quiz, ma\u0142o nas do pieczenia chleba, malowanki do wydruku, ale kino program, cytat dla mamy, o\u015brodki wczasowe nad morzem dla rodzin z dzie\u0107mi, bajka na dobranoc do czytania, domki z rolek po papierze toaletowym<\/p>\n<p>yyyyy<\/p>\n<p>&nbsp;<\/p>\n","protected":false},"excerpt":{"rendered":"<p>LAMPKA LED DO MUSZLI KLOZETOWEJ Z CZUJNIKIEM RUCHU 8 KOLOR\u00d3WLampka wyposa\u017cona w diod\u0119 led, kt\u00f3ra \u015bwieci w jednym kolorzelub mo\u017ce je po kolej zmienia\u0107 ( jest 8 kolor\u00f3w ), tryb zmienia si\u0119 bia\u0142ym przyciskiem.Lampka posiada czujnik ruchu i \u015bwiat\u0142a co oznacza \u017ce gdy wejdziemy do ciemnej toalety to lampka si\u0119 zapali a gdy z niej [&hellip;]<\/p>\n","protected":false},"featured_media":5276,"comment_status":"closed","ping_status":"open","template":"","meta":[],"product_cat":[20,138],"product_tag":[728,784,841,641],"class_list":["post-5275","product","type-product","status-publish","has-post-thumbnail","hentry","product_cat-kontext","product_cat-lampki-dzieciece","product_tag-bezwarunkowa-milosc-do-dziecka-cytaty","product_tag-hymn-gorniczy","product_tag-quiz-o-flagach","product_tag-trudne-zagadki-logiczne"],"_links":{"self":[{"href":"http:\/\/klubmamgdynia.pl\/index.php\/wp-json\/wp\/v2\/product\/5275","targetHints":{"allow":["GET"]}}],"collection":[{"href":"http:\/\/klubmamgdynia.pl\/index.php\/wp-json\/wp\/v2\/product"}],"about":[{"href":"http:\/\/klubmamgdynia.pl\/index.php\/wp-json\/wp\/v2\/types\/product"}],"replies":[{"embeddable":true,"href":"http:\/\/klubmamgdynia.pl\/index.php\/wp-json\/wp\/v2\/comments?post=5275"}],"wp:featuredmedia":[{"embeddable":true,"href":"http:\/\/klubmamgdynia.pl\/index.php\/wp-json\/wp\/v2\/media\/5276"}],"wp:attachment":[{"href":"http:\/\/klubmamgdynia.pl\/index.php\/wp-json\/wp\/v2\/media?parent=5275"}],"wp:term":[{"taxonomy":"product_cat","embeddable":true,"href":"http:\/\/klubmamgdynia.pl\/index.php\/wp-json\/wp\/v2\/product_cat?post=5275"},{"taxonomy":"product_tag","embeddable":true,"href":"http:\/\/klubmamgdynia.pl\/index.php\/wp-json\/wp\/v2\/product_tag?post=5275"}],"curies":[{"name":"wp","href":"https:\/\/api.w.org\/{rel}","templated":true}]}}