{"id":5281,"date":"2011-04-13T12:51:26","date_gmt":"2011-04-13T10:51:26","guid":{"rendered":"http:\/\/klubmamgdynia.pl\/index.php\/produkt\/nuuroo-podkladka-ester-karmelowa-kawiarnia\/"},"modified":"2026-04-04T11:47:05","modified_gmt":"2026-04-04T09:47:05","slug":"nuuroo-podkladka-ester-karmelowa-kawiarnia","status":"publish","type":"product","link":"http:\/\/klubmamgdynia.pl\/index.php\/produkt\/nuuroo-podkladka-ester-karmelowa-kawiarnia\/","title":{"rendered":"Nuuroo Podk\u0142adka Ester Karmelowa Kawiarnia"},"content":{"rendered":"<p>Szczeg\u00f3\u0142y produktu: Urocza podk\u0142adka na st\u00f3\u0142 z Nuuroo wykonana z silikonu wolnego od zanieczyszcze\u0144. Podk\u0142adka na st\u00f3\u0142 jest idealna do po\u0142o\u017cenia na stole, aby nic si\u0119 nie sta\u0142o podczas posi\u0142k\u00f3w Silikon jest mi\u0119kki i praktyczny, poniewa\u017c mo\u017cna go my\u0107 w zmywarce i nie st\u0142ucze si\u0119 po upadku na pod\u0142og\u0119. Materia\u0142 i wymiary: Wykonane z nietoksycznego silikonu Wymiary: 40 x 30 cm Masa: 181 g Instrukcje dotycz\u0105ce przechowywania i piel\u0119gnacji: Podk\u0142adka jest bezpieczna dla \u017cywno\u015bci i mo\u017cna j\u0105 \u0142atwo my\u0107 w zmywarce do naczy\u0144. W zestawie: Nuuroo Podk\u0142adka Ester, Karmelowa Kawiarnia<\/p>\n<h2>Nuuroo Podk\u0142adka Ester Karmelowa Kawiarnia Inny<\/h2>\n<p>zabawy dla 5 latka, \u015bmieszne zagadki logiczne, nauka polskiego dla dzieci z ukrainy, liwia imi\u0119, opis o dziecku, pytania o \u015bwi\u0119ta dla dzieci, zagadki dla dzieci 10 12 lat z odpowiedziami, karnawa\u0142 maska karnawa\u0142owa szablon, tezeusz, gdzie strumyk p\u0142ynie z wolna, miriam imie, kolorowanki wed\u0142ug kodu do druku, test z lektury ania z zielonego wzg\u00f3rza klasa 6 z odpowiedziami<\/p>\n<p>yyyyy<\/p>\n<p>&nbsp;<\/p>\n","protected":false},"excerpt":{"rendered":"<p>Szczeg\u00f3\u0142y produktu: Urocza podk\u0142adka na st\u00f3\u0142 z Nuuroo wykonana z silikonu wolnego od zanieczyszcze\u0144. Podk\u0142adka na st\u00f3\u0142 jest idealna do po\u0142o\u017cenia na stole, aby nic si\u0119 nie sta\u0142o podczas posi\u0142k\u00f3w Silikon jest mi\u0119kki i praktyczny, poniewa\u017c mo\u017cna go my\u0107 w zmywarce i nie st\u0142ucze si\u0119 po upadku na pod\u0142og\u0119. Materia\u0142 i wymiary: Wykonane z nietoksycznego [&hellip;]<\/p>\n","protected":false},"featured_media":5282,"comment_status":"closed","ping_status":"open","template":"","meta":[],"product_cat":[169,215],"product_tag":[831,675,597],"class_list":["post-5281","product","type-product","status-publish","has-post-thumbnail","hentry","product_cat-inny","product_cat-naczynia-i-sztucce-dla-dzieci","product_tag-bruno","product_tag-test-z-lektury-kajko-i-kokosz-szkola-latania","product_tag-zagadki-o-zimie"],"_links":{"self":[{"href":"http:\/\/klubmamgdynia.pl\/index.php\/wp-json\/wp\/v2\/product\/5281","targetHints":{"allow":["GET"]}}],"collection":[{"href":"http:\/\/klubmamgdynia.pl\/index.php\/wp-json\/wp\/v2\/product"}],"about":[{"href":"http:\/\/klubmamgdynia.pl\/index.php\/wp-json\/wp\/v2\/types\/product"}],"replies":[{"embeddable":true,"href":"http:\/\/klubmamgdynia.pl\/index.php\/wp-json\/wp\/v2\/comments?post=5281"}],"wp:featuredmedia":[{"embeddable":true,"href":"http:\/\/klubmamgdynia.pl\/index.php\/wp-json\/wp\/v2\/media\/5282"}],"wp:attachment":[{"href":"http:\/\/klubmamgdynia.pl\/index.php\/wp-json\/wp\/v2\/media?parent=5281"}],"wp:term":[{"taxonomy":"product_cat","embeddable":true,"href":"http:\/\/klubmamgdynia.pl\/index.php\/wp-json\/wp\/v2\/product_cat?post=5281"},{"taxonomy":"product_tag","embeddable":true,"href":"http:\/\/klubmamgdynia.pl\/index.php\/wp-json\/wp\/v2\/product_tag?post=5281"}],"curies":[{"name":"wp","href":"https:\/\/api.w.org\/{rel}","templated":true}]}}