{"id":5283,"date":"2022-06-26T12:27:25","date_gmt":"2022-06-26T10:27:25","guid":{"rendered":"http:\/\/klubmamgdynia.pl\/index.php\/produkt\/materac-madera-na-lezak-basenowy-florida-grey-s-23\/"},"modified":"2026-04-06T04:32:25","modified_gmt":"2026-04-06T02:32:25","slug":"materac-madera-na-lezak-basenowy-florida-grey-s-23","status":"publish","type":"product","link":"http:\/\/klubmamgdynia.pl\/index.php\/produkt\/materac-madera-na-lezak-basenowy-florida-grey-s-23\/","title":{"rendered":"Materac Madera na le\u017cak basenowy Florida grey S-23"},"content":{"rendered":"<p>Poduszka zag\u0142\u00f3wkiem MADERA S-23Madera to klasyczna poduszka na le\u017cank\u0119, kt\u00f3r\u0105 wzbogacono o komfortowy zag\u0142\u00f3wek. Poduszka dedykowana jest do le\u017canki Florida marki Curver, jednak pasowa\u0107 b\u0119dzie r\u00f3wnie\u017c na inne le\u017canki o podobnych wymiarach.Poszewka poduszki oraz zag\u0142\u00f3wka posiada wszyty zamek b\u0142yskawiczny, dzi\u0119ki czemu mo\u017cna szybko j\u0105 upra\u0107. Tkanina z jakiej zosta\u0142a uszyta to mocny poliester o g\u0119sto\u015bci a\u017c 190g\/ m\u00b2. Zapewnia to wsyok\u0105 odporno\u015b\u0107 na szorowanie , a tak\u017ce odporno\u015b\u0107 na przemoczenie. Pozwala to poduszki te u\u017cywa\u0107 w obiektach przybasenowych i na pla\u017cach. Poduszce nie straszna r\u00f3wnie\u017c rozlana woda, p\u0142yn sp\u0142ynie po poduszce nie pozostawiaj\u0105c \u015bladu.Wype\u0142nienie to najwy\u017cej jako\u015bci pianka, kt\u00f3ra owini\u0119to wat\u0105 poliestrow\u0105 by nada\u0107 poduszce puszysto\u015b\u0107 i idealne dopasowanie poszewki. Poduszka to nie tylko ozdoba i wygoda ale tak\u017ce ochrona Twojego le\u017caka.Wymiary:d\u0142ugo\u015b\u0107 ca\u0142kowita: 190 cmszeroko\u015b\u0107: 55 cmgrubo\u015b\u0107: 4 cmd\u0142ugo\u015b\u0107 oparcia: 80 cmd\u0142ugo\u015b\u0107 siedziska: 110 cmd\u0142ugo\u015b\u0107 zag\u0142\u00f3wka: 40 cmtolerancja wymiar\u00f3w wynosi 2 cm.Polska produkcja, idealnie dopasowanaPoduszka zosta\u0142a w ca\u0142o\u015bci zaprojektowana i uszyta w Polsce. Poduszka Madera jest mocowana do le\u017caka za pomoc\u0105 trok\u00f3w oraz obszytego pasa gumowego. Nie przesuwa to poduszki podczas u\u017cytkowania. Zag\u0142\u00f3wek nie jest integraln\u0105 jej cz\u0119\u015bci\u0105, ale r\u00f3wnie\u017c zak\u0142adany na poduszk\u0119. Mo\u017cemy wi\u0119c u\u017cytkowa\u0107 poduszk\u0119 wraz z zag\u0142\u00f3wkiem lub bez &#8211; zale\u017cnie od preferencji.S-23 Klasyka i elegancjaS-23 to jasnoszary kolor. Neutralny do wszystkiego pasuje. Symbolizuje r\u00f3wnowag\u0119 i wyciszenie. \u015awietnie sprawdzi si\u0119 jako t\u0142o pod inne kolory. Najwa\u017cniejsze, \u017ce mo\u017cesz go \u0142\u0105czy\u0107 z innymi barwami. Nigdy nie wychodzi z mody!<\/p>\n<h2>Materac Madera na le\u017cak basenowy Florida grey S-23 Inny<\/h2>\n<p>test czerwone krzes\u0142o, prezent dla dziewczynki na roczek, pomys\u0142 na prezent na roczek, cytaty korczaka, zabawy dla 10 latk\u00f3w<\/p>\n<p>yyyyy<\/p>\n<p>&nbsp;<\/p>\n","protected":false},"excerpt":{"rendered":"<p>Poduszka zag\u0142\u00f3wkiem MADERA S-23Madera to klasyczna poduszka na le\u017cank\u0119, kt\u00f3r\u0105 wzbogacono o komfortowy zag\u0142\u00f3wek. Poduszka dedykowana jest do le\u017canki Florida marki Curver, jednak pasowa\u0107 b\u0119dzie r\u00f3wnie\u017c na inne le\u017canki o podobnych wymiarach.Poszewka poduszki oraz zag\u0142\u00f3wka posiada wszyty zamek b\u0142yskawiczny, dzi\u0119ki czemu mo\u017cna szybko j\u0105 upra\u0107. Tkanina z jakiej zosta\u0142a uszyta to mocny poliester o g\u0119sto\u015bci [&hellip;]<\/p>\n","protected":false},"featured_media":5284,"comment_status":"closed","ping_status":"open","template":"","meta":[],"product_cat":[169,1326],"product_tag":[719,789,643,682,698],"class_list":["post-5283","product","type-product","status-publish","has-post-thumbnail","hentry","product_cat-inny","product_cat-poduszki-ogrodowe","product_tag-dziecko-cytaty-zlote-mysli","product_tag-kaczuszka","product_tag-prezent-dla-17-latki","product_tag-przyjazn-cytaty","product_tag-zagadki-dla-przedszkolakow"],"_links":{"self":[{"href":"http:\/\/klubmamgdynia.pl\/index.php\/wp-json\/wp\/v2\/product\/5283","targetHints":{"allow":["GET"]}}],"collection":[{"href":"http:\/\/klubmamgdynia.pl\/index.php\/wp-json\/wp\/v2\/product"}],"about":[{"href":"http:\/\/klubmamgdynia.pl\/index.php\/wp-json\/wp\/v2\/types\/product"}],"replies":[{"embeddable":true,"href":"http:\/\/klubmamgdynia.pl\/index.php\/wp-json\/wp\/v2\/comments?post=5283"}],"wp:featuredmedia":[{"embeddable":true,"href":"http:\/\/klubmamgdynia.pl\/index.php\/wp-json\/wp\/v2\/media\/5284"}],"wp:attachment":[{"href":"http:\/\/klubmamgdynia.pl\/index.php\/wp-json\/wp\/v2\/media?parent=5283"}],"wp:term":[{"taxonomy":"product_cat","embeddable":true,"href":"http:\/\/klubmamgdynia.pl\/index.php\/wp-json\/wp\/v2\/product_cat?post=5283"},{"taxonomy":"product_tag","embeddable":true,"href":"http:\/\/klubmamgdynia.pl\/index.php\/wp-json\/wp\/v2\/product_tag?post=5283"}],"curies":[{"name":"wp","href":"https:\/\/api.w.org\/{rel}","templated":true}]}}