{"id":5285,"date":"2015-03-25T07:39:14","date_gmt":"2015-03-25T06:39:14","guid":{"rendered":"http:\/\/klubmamgdynia.pl\/index.php\/produkt\/tomy-lamaze-zawieszka-karotka-karola\/"},"modified":"2026-05-17T22:29:22","modified_gmt":"2026-05-17T20:29:22","slug":"tomy-lamaze-zawieszka-karotka-karola","status":"publish","type":"product","link":"http:\/\/klubmamgdynia.pl\/index.php\/produkt\/tomy-lamaze-zawieszka-karotka-karola\/","title":{"rendered":"Tomy Lamaze Zawieszka Karotka Karola"},"content":{"rendered":"<p>Zach\u0119ci do zabawy ka\u017cde dzieckoU\u015bmiechni\u0119ta marcheweczka jest kolorow\u0105 zawieszk\u0105, kt\u00f3ra posiada:gryzaczek w kszta\u0142cie li\u015bcia, wykonany z delikatnych i bezpiecznych dla zdrowia dziecka element\u00f3w, dzi\u0119ki czemu idealnie sprawdza si\u0119 w okresie z\u0105bkowania maluszka,sk\u00f3rka karotki pokryta jest szeleszcz\u0105cymi elementami,w \u015brodku zabawki ukryto malutki i mi\u0142y dla ucha dziecka dzwoneczek.Wysoka jako\u015b\u0107Razem z Lamaze pobud\u017a wyobra\u017ani\u0119 dziecka i jego zmys\u0142y, zainteresuj je wspania\u0142\u0105 zabaw\u0105, kt\u00f3ra pomo\u017ce w prawid\u0142owym rozwoju!Jasne, \u017cywe kolory i kontrastuj\u0105ce wzory zach\u0119caj\u0105 dziecko do skupienia wzroku, a mi\u0119kkie materia\u0142y i r\u00f3\u017cne tekstury stymuluj\u0105 zmys\u0142 dotyku.G\u0142\u00f3wny cel &#8211; rozw\u00f3j dzieckaZabawki Lamaze maj\u0105 na celu urzeczywistnienie ma\u0142ych triumf\u00f3w na ka\u017cdym etapie rozwoju dziecka.Stworzone w po\u0142\u0105czeniu z ekspertami z zakresu rozwoju dzieci, zabawki Lamaze inspiruj\u0105 zdrow\u0105 gr\u0119 i nauk\u0119.Zabawki Lamaze zach\u0119caj\u0105 dziecko do rozwijania si\u0119 i promuj\u0105 czas sp\u0119dzony razem przez rodzica i dziecko oraz dzia\u0142ania, kt\u00f3re zach\u0119caj\u0105 dziecko do odkrywania i uczenia si\u0119 samodzielnie.Wysokiej jako\u015bci materia\u0142y, jasne kolory, przyjazne twarze, zmarszczki i kontrastuj\u0105ce wzory zabawek marki Lamaze sta\u0142y si\u0119 ulubie\u0144cami dzieci i ekspert\u00f3w od ponad dw\u00f3ch dekad.<\/p>\n<h2>Tomy Lamaze Zawieszka Karotka Karola Tomy<\/h2>\n<p>kolorowanki \u015bwi\u0119to niepodleg\u0142o\u015bci do druku, jeremi, tupcio chrupcio bajka do czytania, pola imie, zabawy na bal karnawa\u0142owy w przedszkolu, znaczenie imiona pola, kolorowanki super zings, film rodzinny o \u015bwi\u0119tach, wzruszaj\u0105ce teksty dla mamy, \u0142\u00f3d\u017a atrakcje dla dzieci<\/p>\n<p>yyyyy<\/p>\n<p>&nbsp;<\/p>\n","protected":false},"excerpt":{"rendered":"<p>Zach\u0119ci do zabawy ka\u017cde dzieckoU\u015bmiechni\u0119ta marcheweczka jest kolorow\u0105 zawieszk\u0105, kt\u00f3ra posiada:gryzaczek w kszta\u0142cie li\u015bcia, wykonany z delikatnych i bezpiecznych dla zdrowia dziecka element\u00f3w, dzi\u0119ki czemu idealnie sprawdza si\u0119 w okresie z\u0105bkowania maluszka,sk\u00f3rka karotki pokryta jest szeleszcz\u0105cymi elementami,w \u015brodku zabawki ukryto malutki i mi\u0142y dla ucha dziecka dzwoneczek.Wysoka jako\u015b\u0107Razem z Lamaze pobud\u017a wyobra\u017ani\u0119 dziecka i jego [&hellip;]<\/p>\n","protected":false},"featured_media":5286,"comment_status":"closed","ping_status":"open","template":"","meta":[],"product_cat":[1327,26],"product_tag":[848,790,688,720,590,733],"class_list":["post-5285","product","type-product","status-publish","has-post-thumbnail","hentry","product_cat-tomy","product_cat-zabawki-do-wozka-lozeczka-i-fotelika","product_tag-cytat-o-rodzinie","product_tag-gry-planszowe-dla-nastolatkow","product_tag-kolysanki-tekst","product_tag-malowanki","product_tag-plac-zabaw-warszawa","product_tag-zarty-na-prima-aprilis"],"_links":{"self":[{"href":"http:\/\/klubmamgdynia.pl\/index.php\/wp-json\/wp\/v2\/product\/5285","targetHints":{"allow":["GET"]}}],"collection":[{"href":"http:\/\/klubmamgdynia.pl\/index.php\/wp-json\/wp\/v2\/product"}],"about":[{"href":"http:\/\/klubmamgdynia.pl\/index.php\/wp-json\/wp\/v2\/types\/product"}],"replies":[{"embeddable":true,"href":"http:\/\/klubmamgdynia.pl\/index.php\/wp-json\/wp\/v2\/comments?post=5285"}],"wp:featuredmedia":[{"embeddable":true,"href":"http:\/\/klubmamgdynia.pl\/index.php\/wp-json\/wp\/v2\/media\/5286"}],"wp:attachment":[{"href":"http:\/\/klubmamgdynia.pl\/index.php\/wp-json\/wp\/v2\/media?parent=5285"}],"wp:term":[{"taxonomy":"product_cat","embeddable":true,"href":"http:\/\/klubmamgdynia.pl\/index.php\/wp-json\/wp\/v2\/product_cat?post=5285"},{"taxonomy":"product_tag","embeddable":true,"href":"http:\/\/klubmamgdynia.pl\/index.php\/wp-json\/wp\/v2\/product_tag?post=5285"}],"curies":[{"name":"wp","href":"https:\/\/api.w.org\/{rel}","templated":true}]}}