{"id":5287,"date":"2014-07-09T01:47:12","date_gmt":"2014-07-08T23:47:12","guid":{"rendered":"http:\/\/klubmamgdynia.pl\/index.php\/produkt\/brelok-skrzynia-biegow-zloty-34689540\/"},"modified":"2026-04-03T21:23:25","modified_gmt":"2026-04-03T19:23:25","slug":"brelok-skrzynia-biegow-zloty-34689540","status":"publish","type":"product","link":"http:\/\/klubmamgdynia.pl\/index.php\/produkt\/brelok-skrzynia-biegow-zloty-34689540\/","title":{"rendered":"Brelok Skrzynia Bieg\u00f3w Z\u0142oty (34689540)"},"content":{"rendered":"<p>Brelok Skrzynia Bieg\u00f3w Z\u0142otyKod magazynowy: KCH-YSK01-GLBrelok do kluczy w kszta\u0142cie lewarka skrzyni bieg\u00f3w<\/p>\n<h2>Brelok Skrzynia Bieg\u00f3w Z\u0142oty (34689540) Inny<\/h2>\n<p>kolorowanka dla dziewczynki, zagadki dla dzieci 5 lat, zagadki dla dzieci do druku, zagadki logiczne na inteligencj\u0119, zagadki na dzie\u0144 przedszkolaka, cookie dough przepis<\/p>\n<p>yyyyy<\/p>\n<p>&nbsp;<\/p>\n","protected":false},"excerpt":{"rendered":"<p>Brelok Skrzynia Bieg\u00f3w Z\u0142otyKod magazynowy: KCH-YSK01-GLBrelok do kluczy w kszta\u0142cie lewarka skrzyni bieg\u00f3w Brelok Skrzynia Bieg\u00f3w Z\u0142oty (34689540) Inny kolorowanka dla dziewczynki, zagadki dla dzieci 5 lat, zagadki dla dzieci do druku, zagadki logiczne na inteligencj\u0119, zagadki na dzie\u0144 przedszkolaka, cookie dough przepis yyyyy &nbsp;<\/p>\n","protected":false},"featured_media":5288,"comment_status":"closed","ping_status":"open","template":"","meta":[],"product_cat":[482,169],"product_tag":[719,624,795,841,726],"class_list":["post-5287","product","type-product","status-publish","has-post-thumbnail","hentry","product_cat-gadzety","product_cat-inny","product_tag-dziecko-cytaty-zlote-mysli","product_tag-krotkie-zagadki","product_tag-mini-zoo-warszawa","product_tag-quiz-o-flagach","product_tag-quiz-zemsta"],"_links":{"self":[{"href":"http:\/\/klubmamgdynia.pl\/index.php\/wp-json\/wp\/v2\/product\/5287","targetHints":{"allow":["GET"]}}],"collection":[{"href":"http:\/\/klubmamgdynia.pl\/index.php\/wp-json\/wp\/v2\/product"}],"about":[{"href":"http:\/\/klubmamgdynia.pl\/index.php\/wp-json\/wp\/v2\/types\/product"}],"replies":[{"embeddable":true,"href":"http:\/\/klubmamgdynia.pl\/index.php\/wp-json\/wp\/v2\/comments?post=5287"}],"wp:featuredmedia":[{"embeddable":true,"href":"http:\/\/klubmamgdynia.pl\/index.php\/wp-json\/wp\/v2\/media\/5288"}],"wp:attachment":[{"href":"http:\/\/klubmamgdynia.pl\/index.php\/wp-json\/wp\/v2\/media?parent=5287"}],"wp:term":[{"taxonomy":"product_cat","embeddable":true,"href":"http:\/\/klubmamgdynia.pl\/index.php\/wp-json\/wp\/v2\/product_cat?post=5287"},{"taxonomy":"product_tag","embeddable":true,"href":"http:\/\/klubmamgdynia.pl\/index.php\/wp-json\/wp\/v2\/product_tag?post=5287"}],"curies":[{"name":"wp","href":"https:\/\/api.w.org\/{rel}","templated":true}]}}