{"id":5289,"date":"2018-12-18T22:52:40","date_gmt":"2018-12-18T21:52:40","guid":{"rendered":"http:\/\/klubmamgdynia.pl\/index.php\/produkt\/little-dutch-kubek-niekapek-mio-sailors-bay-200ml\/"},"modified":"2026-04-05T00:10:18","modified_gmt":"2026-04-04T22:10:18","slug":"little-dutch-kubek-niekapek-mio-sailors-bay-200ml","status":"publish","type":"product","link":"http:\/\/klubmamgdynia.pl\/index.php\/produkt\/little-dutch-kubek-niekapek-mio-sailors-bay-200ml\/","title":{"rendered":"Little Dutch Kubek Niekapek Mio Sailors Bay 200Ml"},"content":{"rendered":"<p>Lekki, kompaktowy i wykonany z wysokiej jako\u015bci plastiku taki w\u0142a\u015bnie jest kubek niekapek Mio od marki Little dutch. Kubek niekapek powsta\u0142 we wsp\u00f3\u0142pracy z mark\u0105 Mepal. Kubek idealnie sprawdzi si\u0119 dla dzieci od 6 miesi\u0105ca \u017cycia zapewniaj\u0105c im komfort i wygod\u0119 picia. Kubek niekapek posiada uchwyty tak, aby dziecku by\u0142o wygodnie trzyma\u0107 kubek podczas picia. Posiada ustnik z dw\u00f3ch stron, dzi\u0119ki czemu w \u0142atwy spos\u00f3b maluch mo\u017ce si\u0119 z niego napi\u0107. Kubek niekapek jest w 100% szczelny, wi\u0119c mo\u017cna w\u0142o\u017cy\u0107 go do torby.Materia\u0142, z kt\u00f3rego wykonany jest kubek nie zawiera szkodliwych substancji &#8211; jest wolny od BPA. Jest odporny na uszkodzenia.Picie z kubeczka ze s\u0142omk\u0105 \u0107wiczy motoryk\u0119 oraz rozwija umiej\u0119tno\u015b\u0107 samodzielnego picia.Produkt mo\u017cna my\u0107 w zmywarce lecz nie jest bezpieczny w kuchence mikrofalowej oraz nie nadaje si\u0119 do zamra\u017cania.Wiek: rekomendowana od 6-go miesi\u0105ca \u017cyciaPojemno\u015b\u0107: 200 mlWymiary: 13,5 x 7,6 x 19,8 cmMateria\u0142: Polipropylen (PP), Silikon, TritanZgodno\u015b\u0107 z norm\u0105: EN 14350<\/p>\n<h2>Little Dutch Kubek Niekapek Mio Sailors Bay 200Ml Little Dutch<\/h2>\n<p>karaluchy pod poduchy, nietypowe imiona \u017ce\u0144skie, \u0142amig\u0142\u00f3wki dla 4 latka do druku, kolorowanka kotka, marcelina imi\u0119, kamila, ilona, pomys\u0142 na prezent dla 15 latki, ozdoby wielkanocne kt\u00f3re mog\u0105 zrobi\u0107 dzieci, znaki drogowe quizy, jaki prezent na roczek, psikusy na prima aprilis<\/p>\n<p>yyyyy<\/p>\n<p>&nbsp;<\/p>\n","protected":false},"excerpt":{"rendered":"<p>Lekki, kompaktowy i wykonany z wysokiej jako\u015bci plastiku taki w\u0142a\u015bnie jest kubek niekapek Mio od marki Little dutch. Kubek niekapek powsta\u0142 we wsp\u00f3\u0142pracy z mark\u0105 Mepal. Kubek idealnie sprawdzi si\u0119 dla dzieci od 6 miesi\u0105ca \u017cycia zapewniaj\u0105c im komfort i wygod\u0119 picia. Kubek niekapek posiada uchwyty tak, aby dziecku by\u0142o wygodnie trzyma\u0107 kubek podczas picia. [&hellip;]<\/p>\n","protected":false},"featured_media":5290,"comment_status":"closed","ping_status":"open","template":"","meta":[],"product_cat":[167,215],"product_tag":[706,851,775,697,628],"class_list":["post-5289","product","type-product","status-publish","has-post-thumbnail","hentry","product_cat-little-dutch","product_cat-naczynia-i-sztucce-dla-dzieci","product_tag-imie-kuba","product_tag-jak-narysowac-kota","product_tag-kolorowanki-do-druku-pokemon","product_tag-krotkie-bajki-do-czytania","product_tag-zagadka"],"_links":{"self":[{"href":"http:\/\/klubmamgdynia.pl\/index.php\/wp-json\/wp\/v2\/product\/5289","targetHints":{"allow":["GET"]}}],"collection":[{"href":"http:\/\/klubmamgdynia.pl\/index.php\/wp-json\/wp\/v2\/product"}],"about":[{"href":"http:\/\/klubmamgdynia.pl\/index.php\/wp-json\/wp\/v2\/types\/product"}],"replies":[{"embeddable":true,"href":"http:\/\/klubmamgdynia.pl\/index.php\/wp-json\/wp\/v2\/comments?post=5289"}],"wp:featuredmedia":[{"embeddable":true,"href":"http:\/\/klubmamgdynia.pl\/index.php\/wp-json\/wp\/v2\/media\/5290"}],"wp:attachment":[{"href":"http:\/\/klubmamgdynia.pl\/index.php\/wp-json\/wp\/v2\/media?parent=5289"}],"wp:term":[{"taxonomy":"product_cat","embeddable":true,"href":"http:\/\/klubmamgdynia.pl\/index.php\/wp-json\/wp\/v2\/product_cat?post=5289"},{"taxonomy":"product_tag","embeddable":true,"href":"http:\/\/klubmamgdynia.pl\/index.php\/wp-json\/wp\/v2\/product_tag?post=5289"}],"curies":[{"name":"wp","href":"https:\/\/api.w.org\/{rel}","templated":true}]}}