{"id":529,"date":"2025-07-25T15:49:23","date_gmt":"2025-07-25T13:49:23","guid":{"rendered":"http:\/\/klubmamgdynia.pl\/index.php\/produkt\/brio-world-33984-zestaw-do-zabawy-farma-zwierzat\/"},"modified":"2026-04-12T14:00:32","modified_gmt":"2026-04-12T12:00:32","slug":"brio-world-33984-zestaw-do-zabawy-farma-zwierzat","status":"publish","type":"product","link":"http:\/\/klubmamgdynia.pl\/index.php\/produkt\/brio-world-33984-zestaw-do-zabawy-farma-zwierzat\/","title":{"rendered":"Brio World 33984 Zestaw do zabawy Farma zwierz\u0105t"},"content":{"rendered":"<p>Brio Kolejka drewniana Farma 30el World 3+Zestaw kolejowy Farma marki BRIO to pi\u0119kny 30-elementowy zestaw konstrukcyjny dla dzieci. Maluch buduje i wykorzystuje do zabawy lini\u0119 kolejow\u0105 usytuowan\u0105 w spokojnym wiejskim otoczeniu.Mkn\u0105cy po torach poci\u0105g zasilany na baterie zosta\u0142 zaprojektowany z my\u015bl\u0105 o ma\u0142ych dzieciach. Wyposa\u017cono go w wygodn\u0105 funkcj\u0119 \u201edotknij i jed\u017a\u201d. Wystarczy nacisn\u0105\u0107 znajduj\u0105c\u0105 si\u0119 na przedzie lokomotywy strza\u0142k\u0119, aby uruchomi\u0107 lub wy\u0142\u0105czy\u0107 silnik.Stacja prze\u0142adunku siana pozwala na za\u0142adowanie siana na wagon kolejowy. Wystarczy, \u017ce dziecko pokr\u0119ci korbk\u0105, a \u0142adunek opadnie na wagon lub odwrotnie, zostanie wci\u0105gni\u0119ty w g\u00f3r\u0119 i poczeka na ponowny przyjazd poci\u0105gu.Drewniana kolejka BRIO pomaga dzieciom odkrywa\u0107 \u015bwiat w pe\u0142en rado\u015bci i przyg\u00f3d spos\u00f3b, jednocze\u015bnie rozwijaj\u0105c ich umiej\u0119tno\u015bci manualne. To zabawka edukacyjna i kreatywna zarazem, kt\u00f3ra zapewnia maluchom d\u0142ugie godziny wspania\u0142ej zabawy.Zabawka posiada certyfikat FSC, kt\u00f3ry gwarantuje, \u017ce pozyskuj\u0105c drewno do produkcji firma BRIO zachowuje \u017cywotno\u015b\u0107 las\u00f3w i ich bogactw naturalnych.Zestaw zawiera 30 element\u00f3w w tym: lokomotyw\u0119 na baterie, wagon towarowy, zwierz\u0119ta, stacj\u0119 za\u0142adunku siana, ogrodzenia, wiadukt i malownicze elementy, tworz\u0105ce wiejsk\u0105 sceneri\u0119 do zabaw inscenizowanych.Wymagane baterie: 1xAA. Baterie nale\u017cy dokupi\u0107 osobno.Ilo\u015b\u0107 element\u00f3w: 30Wymiary produktu:szeroko\u015b\u0107: 910 mmwysoko\u015b\u0107: 500 mmg\u0142\u0119boko\u015b\u0107: 109 mmWymiary opakowania:szeroko\u015b\u0107: 450 mmwysoko\u015b\u0107: 120 mmg\u0142\u0119boko\u015b\u0107: 390 mmWiek: od 3 lat<\/p>\n<h2>Brio World 33984 Zestaw do zabawy Farma zwierz\u0105t Brio<\/h2>\n<p>kolorowanka lego, prezent na dzie\u0144 dziecka dla nastolatk\u00f3w, zimowe zagadki, kr\u00f3tkie bajki dla dzieci, quiz o ro\u015blinach, koreczki dla dzieci na urodziny, matematyczne zagadki, marianna, mini zoo warszawa, prezent na roczek nie zabawka, aniela znaczenie imienia, kolorowanka potwory, quiz narnia lew czarownica i stara szafa, halloween dla dzieci warszawa, kolorowanki \u015bwi\u0105teczne do wydruku, halloween 2021 dla dzieci<\/p>\n<p>yyyyy<\/p>\n<p>&nbsp;<\/p>\n","protected":false},"excerpt":{"rendered":"<p>Brio Kolejka drewniana Farma 30el World 3+Zestaw kolejowy Farma marki BRIO to pi\u0119kny 30-elementowy zestaw konstrukcyjny dla dzieci. Maluch buduje i wykorzystuje do zabawy lini\u0119 kolejow\u0105 usytuowan\u0105 w spokojnym wiejskim otoczeniu.Mkn\u0105cy po torach poci\u0105g zasilany na baterie zosta\u0142 zaprojektowany z my\u015bl\u0105 o ma\u0142ych dzieciach. Wyposa\u017cono go w wygodn\u0105 funkcj\u0119 \u201edotknij i jed\u017a\u201d. Wystarczy nacisn\u0105\u0107 znajduj\u0105c\u0105 [&hellip;]<\/p>\n","protected":false},"featured_media":530,"comment_status":"closed","ping_status":"open","template":"","meta":[],"product_cat":[78,56],"product_tag":[801,754,584,806,629],"class_list":["post-529","product","type-product","status-publish","has-post-thumbnail","hentry","product_cat-brio","product_cat-kolejki","product_tag-bajki-terapeutyczne-o-emocjach","product_tag-dyplomy-do-wydrukowania-a4","product_tag-liwia","product_tag-prezent-dla-dziecka-na-roczek","product_tag-smieszne-zagadki-z-odpowiedziami"],"_links":{"self":[{"href":"http:\/\/klubmamgdynia.pl\/index.php\/wp-json\/wp\/v2\/product\/529","targetHints":{"allow":["GET"]}}],"collection":[{"href":"http:\/\/klubmamgdynia.pl\/index.php\/wp-json\/wp\/v2\/product"}],"about":[{"href":"http:\/\/klubmamgdynia.pl\/index.php\/wp-json\/wp\/v2\/types\/product"}],"replies":[{"embeddable":true,"href":"http:\/\/klubmamgdynia.pl\/index.php\/wp-json\/wp\/v2\/comments?post=529"}],"wp:featuredmedia":[{"embeddable":true,"href":"http:\/\/klubmamgdynia.pl\/index.php\/wp-json\/wp\/v2\/media\/530"}],"wp:attachment":[{"href":"http:\/\/klubmamgdynia.pl\/index.php\/wp-json\/wp\/v2\/media?parent=529"}],"wp:term":[{"taxonomy":"product_cat","embeddable":true,"href":"http:\/\/klubmamgdynia.pl\/index.php\/wp-json\/wp\/v2\/product_cat?post=529"},{"taxonomy":"product_tag","embeddable":true,"href":"http:\/\/klubmamgdynia.pl\/index.php\/wp-json\/wp\/v2\/product_tag?post=529"}],"curies":[{"name":"wp","href":"https:\/\/api.w.org\/{rel}","templated":true}]}}