{"id":5295,"date":"2023-11-14T04:08:27","date_gmt":"2023-11-14T03:08:27","guid":{"rendered":"http:\/\/klubmamgdynia.pl\/?post_type=product&#038;p=5295"},"modified":"2026-04-06T01:39:46","modified_gmt":"2026-04-05T23:39:46","slug":"purizon-single-meat-adult-jagniecina-i-groch-bez-zboz-12kg","status":"publish","type":"product","link":"http:\/\/klubmamgdynia.pl\/index.php\/produkt\/purizon-single-meat-adult-jagniecina-i-groch-bez-zboz-12kg\/","title":{"rendered":"Purizon Single Meat Adult jagni\u0119cina i groch bez zb\u00f3\u017c 12kg"},"content":{"rendered":"<p>Purizon Single Meat zosta\u0142a stworzona w oparciu o potrzeby pokarmowe mi\u0119so\u017cernego psa. Podczas tworzenia tej karmy szczeg\u00f3ln\u0105 uwag\u0119 zwr\u00f3cili\u015bmy na jako\u015b\u0107 sk\u0142adnik\u00f3w, umo\u017cliwiaj\u0105cych d\u0142ugotrwale zr\u00f3wnowa\u017cone od\u017cywianie. Wy\u0142\u0105cznym \u017ar\u00f3d\u0142em mi\u0119sa w tej karmie jest kurczak, dope\u0142niony aromatyczn\u0105 dyni\u0105 lub kaczka, dope\u0142niona aromatycznym jab\u0142kiem. Zamiast zb\u00f3\u017c, karma zawiera 35% witamin oraz bogatych w minera\u0142y owoc\u00f3w i warzyw jak i wybranych zi\u00f3\u0142. To w\u0142a\u015bnie one wspomagaj\u0105 witalno\u015b\u0107 i zdrowie doros\u0142ego psa. Umiarkowana zawarto\u015b\u0107 bia\u0142ka sprawia, \u017ce psy nie maj\u0105 problem\u00f3w z trawieniem karmy Purizon Single Meat. Staranny proces produkcji karm Purizon umo\u017cliwia zachowanie pierwotnego smaku sk\u0142adnik\u00f3w. Purizon Single Meat Adult bez zb\u00f3\u017c w skr\u00f3cie: Tylko jedno \u017ar\u00f3d\u0142o mi\u0119sa: wysokiej jako\u015bci \u015bwie\u017cy kurczak lub \u015bwie\u017ca kaczka Umiarkowana zawarto\u015b\u0107 bia\u0142ka (33%) Nie zawiera zb\u00f3\u017c, zamiast nich: owoce, warzywa i zio\u0142a Idealna tak\u017ce dla ps\u00f3w o wra\u017cliwym uk\u0142adzie trawiennym Naturalnie zakonserwowana, staranny proces produkcji WYPRZEDA\u017b 48h! Teraz kupuj\u0105c karm\u0119 such\u0105 dla psa Purizon Single Meat, p\u0142acisz jedynie za 9 kg, a kolejne 3 kg otrzymasz gratis! Purizon Single Meat: 65% starannie dobranych zwierz\u0119cych sk\u0142adnik\u00f3w; 35% owoc\u00f3w, warzyw, zi\u00f3\u0142, ro\u015blin, witamin i minera\u0142\u00f3w &#8211; bez dodatku zb\u00f3\u017c Szczeg\u00f3\u0142owe informacje o karmie suchej Purizon znajdziesz poni\u017cej: Umiarkowana zawarto\u015b\u0107 bia\u0142ka: Purizon Single Meat ma w swoim sk\u0142adzie wywa\u017con\u0105 ilo\u015b\u0107 bia\u0142ka i zawiera surowce zwierz\u0119ce najwy\u017cszej jako\u015bci. To sprawia, \u017ce karma ta jest lekkostrawna. \u015awie\u017ce mi\u0119so z kurczaka lub z kaczki dostarcza lekkostrawne proteiny i t\u0142uszcze wysokiej jako\u015bci Jajka, b\u0119d\u0105ce \u017ar\u00f3d\u0142em bia\u0142ka zwierz\u0119cego, wzbogacaj\u0105 receptur\u0119 witaminami i minera\u0142ami, takimi jak zeaksantyna i luteina, kt\u00f3re korzystnie wp\u0142ywaj\u0105 na zdrowie oczu. Bez dodatku zb\u00f3\u017c: Gdyby psy \u017cy\u0142y na wolno\u015bci, nie jad\u0142yby zbo\u017ca, co oznacza, \u017ce ich uk\u0142ad trawienny nie jest przystosowany do trawienia du\u017cych ilo\u015bci tych ro\u015blin. Mimo to zbo\u017ca s\u0105 cz\u0119sto u\u017cywane jako wype\u0142niacze suchej karmy dla ps\u00f3w. Wed\u0142ug weterynarzy cz\u0119ste przyjmowanie zb\u00f3\u017c mo\u017ce prowadzi\u0107 do zdrowotnych problem\u00f3w, nadwagi i innych powik\u0142a\u0144. W\u0142a\u015bnie dlatego Purizon konsekwentnie rezygnuje z dodatku zb\u00f3\u017c w swoim sk\u0142adzie. Owoce i warzywa jako zdrowa alternatywa: zamiast zb\u00f3\u017c czy ry\u017cu w karmie suchej Purizon zastosowane zosta\u0142y tylko wysokiej jako\u015bci owoce i warzywa, kt\u00f3re wspomagaj\u0105 zdrowie i witalno\u015b\u0107 Twojego psa: Dynia: zaopatruje organizm psa w dodatkow\u0105 porcj\u0119 beta-karotenu. Dzi\u0119ki temu karma nie tylko dobrze smakuje, ale wspomaga te\u017c prawid\u0142owe fukncjonowanie wzroku. Jab\u0142ka: zaopatruj\u0105 organizm w w\u0142\u00f3kna ro\u015blinne, kt\u00f3re s\u0105 bogate w fitosk\u0142adniki i przeciwutleniacze. Chroni\u0105 one kom\u00f3rki i maj\u0105 pozytywny wp\u0142yw na proces trawienia. Marchewki: zawieraj\u0105 beta-karoten, kt\u00f3ry jest zamieniany przez organizm w witamin\u0119 A. \u017burawina: nale\u017cy do tzw. super-owoc\u00f3w, kt\u00f3re zapobiegaj\u0105 stanom zapalnym, chorobom uk\u0142adu moczowego i kt\u00f3re korzystnie oddzia\u0142uj\u0105 na og\u00f3lny rytm biologiczny organizmu. Aronia: wed\u0142ug bada\u0144 naukowych zawiera ona antocyjany, chroni\u0105ce przed wyniszczaj\u0105cymi chorobami uk\u0142adu kr\u0105\u017cenia wie\u0144cowego, staw\u00f3w, oczu, sk\u00f3ry i nerek Je\u017cyny: s\u0105 pomocne w przypadku problem\u00f3w uk\u0142adu pokarmowego, takich jak biegunka, a opr\u00f3cz tego maj\u0105 dzia\u0142anie wzmacniaj\u0105ce, pobudzaj\u0105ce i od\u015bwie\u017caj\u0105ce. Ro\u015bliny i zio\u0142a wspomagaj\u0105ce zdrowie: psy instynktownie jedz\u0105 na wolno\u015bci trawy i ro\u015bliny, kt\u00f3re maj\u0105 korzystne oddzia\u0142ywanie na ich organizm. Karmy dla ps\u00f3w Purizon zawieraj\u0105 starannie dobrane ro\u015bliny: Mniszek: chroni i wzmacnia w\u0105trob\u0119, nerki i pozytywnie wp\u0142ywa na przemian\u0119 materii Rumianek i dziurawiec: uspokajaj\u0105 i wspomagaj\u0105 m.in. uk\u0142ad trawienny Pokrzywa: wspomaga dzia\u0142anie nerek i pozytywnie wp\u0142ywa na przemian\u0119 materii Siemi\u0119 lniane, babka lancetowana i rozmaryn: pobudzaj\u0105 uk\u0142ad trawienny i ca\u0142y organizm Pietruszka: skutecznie zwalcza przykry zapach z ust, jest bogata w witamin\u0119 C oraz wspomaga nerki i p\u0119cherz moczowy Purizon Single Meat &#8211; Kaczka z jab\u0142kiem to wysokiej jako\u015bci karma sucha dla doros\u0142ych ps\u00f3w wszystkich ras. Uwaga! Oferta jest aktualna tylko pod numerem 591929. Szczeg\u00f3\u0142owe informacje otrzymasz po klikni\u0119ciu w poni\u017csze linki: Purizon Single Meat Adult, kurczak z dyni\u0105, bez zb\u00f3\u017c Purizon Single Meat Adult, kaczka z jab\u0142kiem, bez zb\u00f3\u017c Purizon Single Meat Adult, jagni\u0119cina z grochem, bez zb\u00f3\u017c Purizon Single Meat Adult, \u0142oso\u015b ze szpinakiem, bez zb\u00f3\u017c<\/p>\n<h2>Purizon Single Meat Adult jagni\u0119cina i groch bez zb\u00f3\u017c 12kg <\/h2>\n<p>\u0142amig\u0142\u00f3wki logiczne, dziewczynka z parku pytania i odpowiedzi, rymowanki o pisankach, quizy \u015bwi\u0105teczne bo\u017ce narodzenie, farma dyni poznan, najrzadsze imiona, jazda konna dla dzieci, gry i zabawy dla dzieci, kotki do druku, \u017carty na prima aprilis na rodzic\u00f3w, rysunki \u0142atwe, kolorowanki do druku, zabawy halloweenowe dla dzieci, prima aprilis pomys\u0142y, cytaty korczak<\/p>\n<p>yyyyy<\/p>\n<p>&nbsp;<\/p>\n","protected":false},"excerpt":{"rendered":"<p>Purizon Single Meat zosta\u0142a stworzona w oparciu o potrzeby pokarmowe mi\u0119so\u017cernego psa. Podczas tworzenia tej karmy szczeg\u00f3ln\u0105 uwag\u0119 zwr\u00f3cili\u015bmy na jako\u015b\u0107 sk\u0142adnik\u00f3w, umo\u017cliwiaj\u0105cych d\u0142ugotrwale zr\u00f3wnowa\u017cone od\u017cywianie. Wy\u0142\u0105cznym \u017ar\u00f3d\u0142em mi\u0119sa w tej karmie jest kurczak, dope\u0142niony aromatyczn\u0105 dyni\u0105 lub kaczka, dope\u0142niona aromatycznym jab\u0142kiem. Zamiast zb\u00f3\u017c, karma zawiera 35% witamin oraz bogatych w minera\u0142y owoc\u00f3w i warzyw [&hellip;]<\/p>\n","protected":false},"featured_media":5296,"comment_status":"closed","ping_status":"open","template":"","meta":[],"product_cat":[951],"product_tag":[834,758,841,804],"class_list":["post-5295","product","type-product","status-publish","has-post-thumbnail","hentry","product_cat-karmy-dla-psow","product_tag-bajka-do-czytania-na-dobranoc","product_tag-julian","product_tag-quiz-o-flagach","product_tag-ryz-z-owocami"],"_links":{"self":[{"href":"http:\/\/klubmamgdynia.pl\/index.php\/wp-json\/wp\/v2\/product\/5295","targetHints":{"allow":["GET"]}}],"collection":[{"href":"http:\/\/klubmamgdynia.pl\/index.php\/wp-json\/wp\/v2\/product"}],"about":[{"href":"http:\/\/klubmamgdynia.pl\/index.php\/wp-json\/wp\/v2\/types\/product"}],"replies":[{"embeddable":true,"href":"http:\/\/klubmamgdynia.pl\/index.php\/wp-json\/wp\/v2\/comments?post=5295"}],"wp:featuredmedia":[{"embeddable":true,"href":"http:\/\/klubmamgdynia.pl\/index.php\/wp-json\/wp\/v2\/media\/5296"}],"wp:attachment":[{"href":"http:\/\/klubmamgdynia.pl\/index.php\/wp-json\/wp\/v2\/media?parent=5295"}],"wp:term":[{"taxonomy":"product_cat","embeddable":true,"href":"http:\/\/klubmamgdynia.pl\/index.php\/wp-json\/wp\/v2\/product_cat?post=5295"},{"taxonomy":"product_tag","embeddable":true,"href":"http:\/\/klubmamgdynia.pl\/index.php\/wp-json\/wp\/v2\/product_tag?post=5295"}],"curies":[{"name":"wp","href":"https:\/\/api.w.org\/{rel}","templated":true}]}}