{"id":5301,"date":"2015-04-24T03:48:34","date_gmt":"2015-04-24T01:48:34","guid":{"rendered":"http:\/\/klubmamgdynia.pl\/index.php\/produkt\/opony-debica-navigator-3-175-65-r14-82t-ms-3pmsf\/"},"modified":"2026-04-05T05:14:08","modified_gmt":"2026-04-05T03:14:08","slug":"opony-debica-navigator-3-175-65-r14-82t-ms-3pmsf","status":"publish","type":"product","link":"http:\/\/klubmamgdynia.pl\/index.php\/produkt\/opony-debica-navigator-3-175-65-r14-82t-ms-3pmsf\/","title":{"rendered":"Opony D\u0119bica Navigator 3 175\/65 R14 82T M+S, 3PMSF"},"content":{"rendered":"<p>D\u0118BICA NAVIGATOR 3175\/65 R14 82TOpona D\u0119bica Navigator 3 jest najnowsz\u0105 opon\u0105 ca\u0142oroczn\u0105 przeznaczon\u0105 dla kierowc\u00f3w ceni\u0105cych bezpieczn\u0105 i ekonomiczn\u0105 jazd\u0119 latem oraz zim\u0105.D\u0119bica to firma z polskimi tradycjami wchodz\u0105ca w sk\u0142ad ameryka\u0144skiego koncernu Goodyear. Nale\u017cy do najbardziej znanych i najcz\u0119\u015bciej kupowanych opon w Polsce.Charakterystyka nowej opony D\u0119bica Navigator 3:Sprawdzone osi\u0105gi na mokrych drogachZnacznie wyra\u017aniejszy kszta\u0142t litery V zwi\u0119kszaj\u0105cy odporno\u015b\u0107 na aquaplaning i zdolno\u015b\u0107 opony do wcze\u015bniejszego odprowadzania wody z bie\u017cnika, co poprawia przyczepno\u015b\u0107 na mokrej nawierzchni i polepsza hamowanie.Pewna kontrola na \u015bnieguDodany falisty kszta\u0142t lameli w po\u0142\u0105czeniu z prostymi i pod\u0142u\u017cnymi lamelami oznacza, \u017ce kraw\u0119dzie s\u0105 pochylone w wielu kierunkach, co poprawia zdolno\u015b\u0107 opony do wgryzania si\u0119 w \u015bnieg i skutkuje lepsz\u0105 przyczepno\u015bci\u0105.Opona oszcz\u0119dzaj\u0105ca koszty: trwa\u0142a i oszcz\u0119dzaj\u0105ca paliwoOdporno\u015b\u0107 mieszanki na \u015bcieranie pozwala na lepsze przebiegi, a jej zdolno\u015b\u0107 do generowania mniejszej ilo\u015bci ciep\u0142a i zu\u017cywania mniejszej ilo\u015bci energii zwi\u0119ksza jej efektywno\u015b\u0107 paliwow\u0105.Trwa\u0142o\u015b\u0107 oraz bezpiecze\u0144stwo gwarantowane przez koncern GoodyearWyb\u00f3r nowej opony D\u0119bica Navigator 3 to pewny spok\u00f3j przez d\u0142ugie lata &#8211; bez zmartwie\u0144 o zmieniaj\u0105ce si\u0119 warunki atmosferyczne. Dodatkowym atutem jest rewelacyjny stosunek jako\u015bci do ceny opon.<\/p>\n<h2>Opony D\u0119bica Navigator 3 175\/65 R14 82T M+S, 3PMSF D\u0119bica<\/h2>\n<p>\u015bwinka peppa do czytania, jak zapakowa\u0107 prezent dla dziecka, zadania logiczne, czapka g\u00f3rnika kolorowanka<\/p>\n<p>yyyyy<\/p>\n<p>&nbsp;<\/p>\n","protected":false},"excerpt":{"rendered":"<p>D\u0118BICA NAVIGATOR 3175\/65 R14 82TOpona D\u0119bica Navigator 3 jest najnowsz\u0105 opon\u0105 ca\u0142oroczn\u0105 przeznaczon\u0105 dla kierowc\u00f3w ceni\u0105cych bezpieczn\u0105 i ekonomiczn\u0105 jazd\u0119 latem oraz zim\u0105.D\u0119bica to firma z polskimi tradycjami wchodz\u0105ca w sk\u0142ad ameryka\u0144skiego koncernu Goodyear. Nale\u017cy do najbardziej znanych i najcz\u0119\u015bciej kupowanych opon w Polsce.Charakterystyka nowej opony D\u0119bica Navigator 3:Sprawdzone osi\u0105gi na mokrych drogachZnacznie wyra\u017aniejszy kszta\u0142t [&hellip;]<\/p>\n","protected":false},"featured_media":5302,"comment_status":"closed","ping_status":"open","template":"","meta":[],"product_cat":[970,570],"product_tag":[774,800,607],"class_list":["post-5301","product","type-product","status-publish","has-post-thumbnail","hentry","product_cat-debica","product_cat-opony-caloroczne","product_tag-prezent-na-roczek-nie-zabawka","product_tag-zagadki-smieszne","product_tag-zarty-na-prima-aprilis-dla-rodzicow"],"_links":{"self":[{"href":"http:\/\/klubmamgdynia.pl\/index.php\/wp-json\/wp\/v2\/product\/5301","targetHints":{"allow":["GET"]}}],"collection":[{"href":"http:\/\/klubmamgdynia.pl\/index.php\/wp-json\/wp\/v2\/product"}],"about":[{"href":"http:\/\/klubmamgdynia.pl\/index.php\/wp-json\/wp\/v2\/types\/product"}],"replies":[{"embeddable":true,"href":"http:\/\/klubmamgdynia.pl\/index.php\/wp-json\/wp\/v2\/comments?post=5301"}],"wp:featuredmedia":[{"embeddable":true,"href":"http:\/\/klubmamgdynia.pl\/index.php\/wp-json\/wp\/v2\/media\/5302"}],"wp:attachment":[{"href":"http:\/\/klubmamgdynia.pl\/index.php\/wp-json\/wp\/v2\/media?parent=5301"}],"wp:term":[{"taxonomy":"product_cat","embeddable":true,"href":"http:\/\/klubmamgdynia.pl\/index.php\/wp-json\/wp\/v2\/product_cat?post=5301"},{"taxonomy":"product_tag","embeddable":true,"href":"http:\/\/klubmamgdynia.pl\/index.php\/wp-json\/wp\/v2\/product_tag?post=5301"}],"curies":[{"name":"wp","href":"https:\/\/api.w.org\/{rel}","templated":true}]}}