{"id":5305,"date":"2022-07-02T03:33:51","date_gmt":"2022-07-02T01:33:51","guid":{"rendered":"http:\/\/klubmamgdynia.pl\/index.php\/produkt\/mimii-suchy-basen-90x30cm-z-pileczkami-200szt-am20\/"},"modified":"2026-05-17T22:00:59","modified_gmt":"2026-05-17T20:00:59","slug":"mimii-suchy-basen-90x30cm-z-pileczkami-200szt-am20","status":"publish","type":"product","link":"http:\/\/klubmamgdynia.pl\/index.php\/produkt\/mimii-suchy-basen-90x30cm-z-pileczkami-200szt-am20\/","title":{"rendered":"Mimii Suchy Basen 90X30Cm Z Pi\u0142eczkami 200Szt Am20"},"content":{"rendered":"<p>Suchy basen z pi\u0142eczkami to niesamowita frajda dla Twojego dziecka! W cenie basen z pi\u0142eczkami 200 sztuk Basen Szary + Pi\u0142eczki: bia\u0142y , szary , turkus , \u017c\u00f3\u0142ty W\u0142a\u015bciwo\u015bci: Pozytywnie wp\u0142ywa na rozw\u00f3j dziecka Idealnie nadaje si\u0119 do zabawy (Tylko pod opiek\u0105 osoby doros\u0142ej) Basen dla dzieci od 6 miesi\u0105ca \u017cycia \u015awietnie nadaje si\u0119 na prezent ! Dane techniczne: W ca\u0142o\u015bci wykonany z pianki (boki i dno) Pokryty pokrowcem wykonanym z przyjemnej w dotyku dzianiny dresowej 95%bawe\u0142na, 5%elastan Sp\u00f3d wykonany z wodoodpornego materia\u0142u, dzi\u0119ki czemu mo\u017ce by\u0107 u\u017cytkowany w domu jak i w ogrodzie Pokrowiec na zamek, zdejmowany do prania (pra\u0107 w temperaturze 30 stopni Celsjusza) Pakowany w ca\u0142o\u015bci w karton o wymiarach 80x60x40 cm Wymiary: \u015arednica ok. 90 cm Wysoko\u015b\u0107 30 cm Grubo\u015b\u0107 \u015bcianek 6 cm Grubo\u015b\u0107 dna ok. 1.5 cm Plastikowe pi\u0142eczki do suchego basenu: polski producent wykonane z nietoksycznego materia\u0142u, bezpieczne dla dzieci bardzo elastyczne, nie ulegaj\u0105 odkszta\u0142ceniu posiadaj\u0105 certyfikat CE \u015brednica pi\u0142eczek 7 cm pakowane w materia\u0142owy worek *zam\u00f3wienia z\u0142o\u017cone do godziny 11 wysy\u0142amy tego samego dnia Gwarancja 2 lata Uwaga! Kolory przedmiot\u00f3w na zdj\u0119ciach mog\u0105 nieznacznie r\u00f3\u017cni\u0107 si\u0119 od rzeczywistych ze wzgl\u0119du na r\u00f3\u017cne ustawienia komputera i monitora.<\/p>\n<h2>Mimii Suchy Basen 90X30Cm Z Pi\u0142eczkami 200Szt Am20 Mimii<\/h2>\n<p>imie lilianna, pi\u0119kne cytaty o nauczycielach, zagadki wielkanocne przedszkole, carmen imi\u0119, zagadki \u015bmieszne, pomys\u0142y na pakowanie prezent\u00f3w, po \u0142\u0105ce biega lato tekst, kolorowanki pokemon, film animowany o \u015bwi\u0119tach, zagadki podchwytliwe z odpowiedziami, wieliczka bon turystyczny, pisanie literek do druku, atrakcje dla nastolatk\u00f3w, rodzina cytaty, gdzie nad wod\u0119 ko\u0142o warszawy, zagadka logiczna, bajka o \u017cabie, mira imie, dyplom do druku<\/p>\n<p>yyyyy<\/p>\n<p>&nbsp;<\/p>\n","protected":false},"excerpt":{"rendered":"<p>Suchy basen z pi\u0142eczkami to niesamowita frajda dla Twojego dziecka! W cenie basen z pi\u0142eczkami 200 sztuk Basen Szary + Pi\u0142eczki: bia\u0142y , szary , turkus , \u017c\u00f3\u0142ty W\u0142a\u015bciwo\u015bci: Pozytywnie wp\u0142ywa na rozw\u00f3j dziecka Idealnie nadaje si\u0119 do zabawy (Tylko pod opiek\u0105 osoby doros\u0142ej) Basen dla dzieci od 6 miesi\u0105ca \u017cycia \u015awietnie nadaje si\u0119 na [&hellip;]<\/p>\n","protected":false},"featured_media":5306,"comment_status":"closed","ping_status":"open","template":"","meta":[],"product_cat":[922,1170],"product_tag":[834,603,848],"class_list":["post-5305","product","type-product","status-publish","has-post-thumbnail","hentry","product_cat-baseny-dla-dzieci","product_cat-mimii","product_tag-bajka-do-czytania-na-dobranoc","product_tag-bajki-do-czytania","product_tag-cytat-o-rodzinie"],"_links":{"self":[{"href":"http:\/\/klubmamgdynia.pl\/index.php\/wp-json\/wp\/v2\/product\/5305","targetHints":{"allow":["GET"]}}],"collection":[{"href":"http:\/\/klubmamgdynia.pl\/index.php\/wp-json\/wp\/v2\/product"}],"about":[{"href":"http:\/\/klubmamgdynia.pl\/index.php\/wp-json\/wp\/v2\/types\/product"}],"replies":[{"embeddable":true,"href":"http:\/\/klubmamgdynia.pl\/index.php\/wp-json\/wp\/v2\/comments?post=5305"}],"wp:featuredmedia":[{"embeddable":true,"href":"http:\/\/klubmamgdynia.pl\/index.php\/wp-json\/wp\/v2\/media\/5306"}],"wp:attachment":[{"href":"http:\/\/klubmamgdynia.pl\/index.php\/wp-json\/wp\/v2\/media?parent=5305"}],"wp:term":[{"taxonomy":"product_cat","embeddable":true,"href":"http:\/\/klubmamgdynia.pl\/index.php\/wp-json\/wp\/v2\/product_cat?post=5305"},{"taxonomy":"product_tag","embeddable":true,"href":"http:\/\/klubmamgdynia.pl\/index.php\/wp-json\/wp\/v2\/product_tag?post=5305"}],"curies":[{"name":"wp","href":"https:\/\/api.w.org\/{rel}","templated":true}]}}