{"id":5307,"date":"2020-03-08T02:11:30","date_gmt":"2020-03-08T01:11:30","guid":{"rendered":"http:\/\/klubmamgdynia.pl\/index.php\/produkt\/lulando-art-collection-puzzle-mata-plane\/"},"modified":"2026-04-22T23:47:11","modified_gmt":"2026-04-22T21:47:11","slug":"lulando-art-collection-puzzle-mata-plane","status":"publish","type":"product","link":"http:\/\/klubmamgdynia.pl\/index.php\/produkt\/lulando-art-collection-puzzle-mata-plane\/","title":{"rendered":"LULANDO Art Collection Puzzle Mata Plane"},"content":{"rendered":"<p>Mata Puzzle \u2013 funkcjonalno\u015b\u0107 i nowoczesny design w jednym Art CollectionPod\u0142oga jest ulubionym miejscem zabaw zar\u00f3wno dla ma\u0142ych, jak i starszych dzieci. Misj\u0105 rodzic\u00f3w jest wyszukanie rozwi\u0105zania, kt\u00f3re pozwoli najm\u0142odszym na pe\u0142ne wykorzystanie niezliczonych zasob\u00f3w energii na dywanie w pokoiku. W poszukiwaniach bestsellerowego produktu pomo\u017ce marka LULANDO maj\u0105ca w swojej ofercie mat\u0119 do zabawy Puzzle, kt\u00f3ra otrzyma\u0142a wyr\u00f3\u017cnienie w konkursie \u201eNagroda Rodzic\u00f3w 2019\u201d. Produkt ten z pewno\u015bci\u0105 wpasuje si\u0119 w gusta dzieci i ich rodzic\u00f3w.Zabawa na pod\u0142odze zapewnia niesamowit\u0105 frajd\u0119 nie tylko maluchom, ale tak\u017ce ich opiekunom. Wsp\u00f3lnie mog\u0105 pokonywa\u0107 kolejne etapy rozwoju pociechy i odkrywa\u0107 tajniki \u015bwiata m.in. uczy\u0107 si\u0119 j\u0105 rozpoznawania nowych d\u017awi\u0119k\u00f3w czy kolor\u00f3w. Otoczenie widziane przez niemowlaka z perspektywy \u201ematy\u201d b\u0119dzie jawi\u0142o mu si\u0119 na pewno w ciekawszych barwach. Pastelowe wzory b\u0119d\u0105 przykuwa\u0107 uwag\u0119 maluszka oraz motywowa\u0107 go do podnoszenia g\u0142\u00f3wki. Nie tylko najm\u0142odsi oszalej\u0105 na punkcie maty, ale te\u017c starsze dzieci. Przy uruchomieniu odrobiny pomys\u0142owo\u015bci puzzle mog\u0105 wykorzystywa\u0107 na r\u00f3\u017cne sposoby, m.in. jako sof\u0119, fotel, plansz\u0119, scen\u0119 czy jako doskona\u0142y materia\u0142do budowania fortecy.Zestaw sk\u0142ada si\u0119 z dziewi\u0119ciu element\u00f3w w kszta\u0142cie puzzli, kt\u00f3re tworz\u0105 bezpieczne, mi\u0119kkie i komfortowe siedzisko do codziennej zabawy o wymiarach 145 cm x 145 cm x 9 cm. Unikatowa szata graficzna utrzymana w pastelowej kolorystyce ma za zadanie rozbudzi\u0107 fantazj\u0119, spostrzegawczo\u015b\u0107 i kreatywno\u015b\u0107 u maluch\u00f3w. Ka\u017cdy pojedynczy element jest w pe\u0142ni bezpieczny dla delikatnej i wra\u017cliwej sk\u00f3ry dziecka \u2013 nie ma on \u017cadnych ostrych kraw\u0119dzi.Wa\u017cnym elementem wystroju w pokoiku dzieci\u0119cym s\u0105 tekstylia wnosz\u0105ce do wn\u0119trza ciep\u0142a i przytulny klimat. Interesuj\u0105c\u0105 i zachwycaj\u0105c\u0105 ozdob\u0105 dekoracyjn\u0105 jest mata LULANDO z serii Art Collection, b\u0119d\u0105ca doskona\u0142ym substytutem dywaniku oraz mobilnym miejscem do zabawy, kt\u00f3re mo\u017cna przenosi\u0107 w razie potrzeby. Produkt idealnie utrzymuje ciep\u0142o, co idealnie chroni dziecko przed zimnem oraz nier\u00f3wno\u015bciami pod\u0142o\u017ca.Mata do zabawy Puzzle zosta\u0142a wykonana z najwy\u017cszej jako\u015bci materia\u0142\u00f3w. Zewn\u0119trzn\u0105 i spodni\u0105 warstw\u0119 produktu stanowi 100% bawe\u0142na, a jego boki obszyto mi\u0119kk\u0105 i przyjemn\u0105 w dotyku dzianin\u0105 Velvet. \u015arodek wype\u0142niono antyalergiczn\u0105 w\u0142\u00f3knin\u0105 poliestrow\u0105, kt\u00f3ra nie zmienia swoich w\u0142a\u015bciwo\u015bci podczas wielokrotnego prania. Ka\u017cdy element maty posiada wszyte bawe\u0142niane tasiemki, kt\u00f3re po zawi\u0105zaniu tworz\u0105 \u0142adne, dekoracyjne kokardki. Dzi\u0119ki nim puzzle nie przemieszczaj\u0105 si\u0119 podczas u\u017cytkowania, co zapewni dziecku bezpiecze\u0144stwo.Produkt LULANDO sk\u0142ada si\u0119 wy\u0142\u0105cznie z materia\u0142\u00f3w, kt\u00f3re posiadaj\u0105 \u015bwiatowy znak bezpiecze\u0144stwa wyrob\u00f3w w\u0142\u00f3kienniczych Standard 100 by Oeko-Tex. Oznacza to, \u017ce spe\u0142niaj\u0105 one rygorystyczne wymagania humanoekologiczne oraz \u017ce s\u0105 odpowiednie dla delikatnej i wra\u017cliwej sk\u00f3ry niemowl\u0105t i ma\u0142ych dzieci w wieku do 3 lat.Wi\u0119cej informacji o zestawie Puzzle:Wymiary zestawu: 145 cm x 145 cm x 9 cm (+\/- 2 cm)Wymiary pojedynczej poduszki: 48 cm x 48 cm x 9 cmSk\u0142ad:Materia\u0142 wierzchni: 100% Bawe\u0142na \/ 100% PoliesterWype\u0142nienie: 100% Poliester<\/p>\n<h2>LULANDO Art Collection Puzzle Mata Plane Lulando<\/h2>\n<p>wycinanki do druku, wakacyjne kolorowanki, ry\u017c z owocami, prezent dla siedemnastolatka, \u017carty na prima aprilis dla mamy, samoch\u00f3d kolorowanka do druku, test znaki drogowe, jak narysowa\u0107 koty, przek\u0105ski na urodziny dziecka, przyja\u017a\u0144, roczek prezent<\/p>\n<p>yyyyy<\/p>\n<p>&nbsp;<\/p>\n","protected":false},"excerpt":{"rendered":"<p>Mata Puzzle \u2013 funkcjonalno\u015b\u0107 i nowoczesny design w jednym Art CollectionPod\u0142oga jest ulubionym miejscem zabaw zar\u00f3wno dla ma\u0142ych, jak i starszych dzieci. Misj\u0105 rodzic\u00f3w jest wyszukanie rozwi\u0105zania, kt\u00f3re pozwoli najm\u0142odszym na pe\u0142ne wykorzystanie niezliczonych zasob\u00f3w energii na dywanie w pokoiku. W poszukiwaniach bestsellerowego produktu pomo\u017ce marka LULANDO maj\u0105ca w swojej ofercie mat\u0119 do zabawy Puzzle, [&hellip;]<\/p>\n","protected":false},"featured_media":5308,"comment_status":"closed","ping_status":"open","template":"","meta":[],"product_cat":[1331,55],"product_tag":[827,699,602,771,576],"class_list":["post-5307","product","type-product","status-publish","has-post-thumbnail","hentry","product_cat-lulando","product_cat-maty-edukacyjne","product_tag-bajki-dla-niemowlat","product_tag-kolorowanki-do-druku-dla-dziewczyn","product_tag-quiz-o-zwierzetach-domowych","product_tag-stolice-europy-quiz","product_tag-trudne-zagadki"],"_links":{"self":[{"href":"http:\/\/klubmamgdynia.pl\/index.php\/wp-json\/wp\/v2\/product\/5307","targetHints":{"allow":["GET"]}}],"collection":[{"href":"http:\/\/klubmamgdynia.pl\/index.php\/wp-json\/wp\/v2\/product"}],"about":[{"href":"http:\/\/klubmamgdynia.pl\/index.php\/wp-json\/wp\/v2\/types\/product"}],"replies":[{"embeddable":true,"href":"http:\/\/klubmamgdynia.pl\/index.php\/wp-json\/wp\/v2\/comments?post=5307"}],"wp:featuredmedia":[{"embeddable":true,"href":"http:\/\/klubmamgdynia.pl\/index.php\/wp-json\/wp\/v2\/media\/5308"}],"wp:attachment":[{"href":"http:\/\/klubmamgdynia.pl\/index.php\/wp-json\/wp\/v2\/media?parent=5307"}],"wp:term":[{"taxonomy":"product_cat","embeddable":true,"href":"http:\/\/klubmamgdynia.pl\/index.php\/wp-json\/wp\/v2\/product_cat?post=5307"},{"taxonomy":"product_tag","embeddable":true,"href":"http:\/\/klubmamgdynia.pl\/index.php\/wp-json\/wp\/v2\/product_tag?post=5307"}],"curies":[{"name":"wp","href":"https:\/\/api.w.org\/{rel}","templated":true}]}}