{"id":5309,"date":"2020-11-06T06:30:56","date_gmt":"2020-11-06T05:30:56","guid":{"rendered":"http:\/\/klubmamgdynia.pl\/index.php\/produkt\/lampa-wiszaca-sufitowa-zyrandol-abazur-rozowy\/"},"modified":"2026-04-04T07:13:26","modified_gmt":"2026-04-04T05:13:26","slug":"lampa-wiszaca-sufitowa-zyrandol-abazur-rozowy","status":"publish","type":"product","link":"http:\/\/klubmamgdynia.pl\/index.php\/produkt\/lampa-wiszaca-sufitowa-zyrandol-abazur-rozowy\/","title":{"rendered":"Lampa Wisz\u0105ca Sufitowa \u017byrandol Aba\u017cur R\u00f3\u017cowy"},"content":{"rendered":"<p>Lampy s\u0105 nowo\u015bci\u0105 na rynku o\u015bwietleniowym.Aba\u017cur o eleganckim owalnym kszta\u0142cie. Cech\u0105 charakterystyczn\u0105 aba\u017cur\u00f3w jest ich pastelowo r\u00f3\u017cowy odcie\u0144.Lampa prosto od producenta wyprodukowana w 100% z polskich komponent\u00f3w.Aba\u017cury wykonane s\u0105 z tkaniny na zewn\u0105trz oraz specjalnej odpornej na temperatur\u0119 pow\u0142oki wewn\u0105trz.Element monta\u017cowy do sufitu metalowy, malowany proszkowo na wybrany kolor. Kilka kolor\u00f3w do wyboru.Wysoko\u015b\u0107 na kt\u00f3rej zwisa aba\u017cur mo\u017cna dowolnie regulowa\u0107 wci\u0105gaj\u0105c kabel do podsufitki.Lampy cechuj\u0105 nowoczesny design oraz ponadczasowa forma.Wymiary:Wysoko\u015b\u0107 lampy: max. 100cmSzeroko\u015b\u0107 aba\u017cura: 35cmWysoko\u015b\u0107 aba\u017cura: 20cm\u0179r\u00f3d\u0142o \u015bwiat\u0142a:Jedna \u017car\u00f3wka na standardowy gwint E27 o maksymalnej mocy 60WBez ogranicze\u0144 w przypadku \u017car\u00f3wek LEDMonta\u017c do sufitu za pomoc\u0105 listwy monta\u017cowej do\u0142\u0105czonej w komplecieLampy zaskakuj\u0105 ciekawym wzornictwem i z pewno\u015bci\u0105 przyci\u0105gn\u0105 niejedno zaciekawione spojrzenie.Skomponuj w\u0142asn\u0105 lamp\u0119, wybierz kolor stela\u017ca i poinformuj nas o swoim wyborze w informacji dla sprzedaj\u0105cego.Dost\u0119pne kolory:BIA\u0141Y, CZARNY, R\u00d3\u017b, NIEBIESKI, SREBRNY.__________________________________________________________________Poinformuj nas o wybranej kolorystyce w informacji dla sprzedaj\u0105cego. Przy\u015bpieszy to realizacj\u0119 zam\u00f3wienia._________________________________________________________________________Przyk\u0142adowe aran\u017cacje z lampami &#8230;__________________________________________________________________Wysoka jako\u015b\u0107 produktuFachowa obs\u0142uga i doradztwoPolski producent<\/p>\n<h2>Lampa Wisz\u0105ca Sufitowa \u017byrandol Aba\u017cur R\u00f3\u017cowy Inny<\/h2>\n<p>\u0142amig\u0142\u00f3wki s\u0142owne, kolorowanka harry potter, znane misie z film\u00f3w animowanych, prezent na roczek, z\u0142ote my\u015bli kubu\u015b puchatek cytaty, peppa do druku, esmeralda, najpi\u0119kniejsze piosenki \u015bwi\u0105teczne dla dzieci, afryka\u0144skie imiona, kolorowanki do druku dla ch\u0142opc\u00f3w<\/p>\n<p>yyyyy<\/p>\n<p>&nbsp;<\/p>\n","protected":false},"excerpt":{"rendered":"<p>Lampy s\u0105 nowo\u015bci\u0105 na rynku o\u015bwietleniowym.Aba\u017cur o eleganckim owalnym kszta\u0142cie. Cech\u0105 charakterystyczn\u0105 aba\u017cur\u00f3w jest ich pastelowo r\u00f3\u017cowy odcie\u0144.Lampa prosto od producenta wyprodukowana w 100% z polskich komponent\u00f3w.Aba\u017cury wykonane s\u0105 z tkaniny na zewn\u0105trz oraz specjalnej odpornej na temperatur\u0119 pow\u0142oki wewn\u0105trz.Element monta\u017cowy do sufitu metalowy, malowany proszkowo na wybrany kolor. Kilka kolor\u00f3w do wyboru.Wysoko\u015b\u0107 na kt\u00f3rej [&hellip;]<\/p>\n","protected":false},"featured_media":5310,"comment_status":"closed","ping_status":"open","template":"","meta":[],"product_cat":[169,138],"product_tag":[638,602,675,701],"class_list":["post-5309","product","type-product","status-publish","has-post-thumbnail","hentry","product_cat-inny","product_cat-lampki-dzieciece","product_tag-miastodzieci","product_tag-quiz-o-zwierzetach-domowych","product_tag-test-z-lektury-kajko-i-kokosz-szkola-latania","product_tag-zgadywanki-dla-dzieci"],"_links":{"self":[{"href":"http:\/\/klubmamgdynia.pl\/index.php\/wp-json\/wp\/v2\/product\/5309","targetHints":{"allow":["GET"]}}],"collection":[{"href":"http:\/\/klubmamgdynia.pl\/index.php\/wp-json\/wp\/v2\/product"}],"about":[{"href":"http:\/\/klubmamgdynia.pl\/index.php\/wp-json\/wp\/v2\/types\/product"}],"replies":[{"embeddable":true,"href":"http:\/\/klubmamgdynia.pl\/index.php\/wp-json\/wp\/v2\/comments?post=5309"}],"wp:featuredmedia":[{"embeddable":true,"href":"http:\/\/klubmamgdynia.pl\/index.php\/wp-json\/wp\/v2\/media\/5310"}],"wp:attachment":[{"href":"http:\/\/klubmamgdynia.pl\/index.php\/wp-json\/wp\/v2\/media?parent=5309"}],"wp:term":[{"taxonomy":"product_cat","embeddable":true,"href":"http:\/\/klubmamgdynia.pl\/index.php\/wp-json\/wp\/v2\/product_cat?post=5309"},{"taxonomy":"product_tag","embeddable":true,"href":"http:\/\/klubmamgdynia.pl\/index.php\/wp-json\/wp\/v2\/product_tag?post=5309"}],"curies":[{"name":"wp","href":"https:\/\/api.w.org\/{rel}","templated":true}]}}