{"id":531,"date":"2013-09-23T08:45:56","date_gmt":"2013-09-23T06:45:56","guid":{"rendered":"http:\/\/klubmamgdynia.pl\/index.php\/produkt\/ravensburger-spieleverlag-ravensburger-tiptoi-spiel-00122-active-set-kunterbuntes-tanz-theater-bewegungsspiel-ab-3-jahren-wersja-niemiecka\/"},"modified":"2026-04-23T01:51:36","modified_gmt":"2026-04-22T23:51:36","slug":"ravensburger-spieleverlag-ravensburger-tiptoi-spiel-00122-active-set-kunterbuntes-tanz-theater-bewegungsspiel-ab-3-jahren-wersja-niemiecka","status":"publish","type":"product","link":"http:\/\/klubmamgdynia.pl\/index.php\/produkt\/ravensburger-spieleverlag-ravensburger-tiptoi-spiel-00122-active-set-kunterbuntes-tanz-theater-bewegungsspiel-ab-3-jahren-wersja-niemiecka\/","title":{"rendered":"Ravensburger Spieleverlag Ravensburger tiptoi\u00ae Spiel 00122 ACTIVE Set Kunterbuntes Tanz-Theater, Bewegungsspiel ab 3 Jahren (wersja niemiecka)"},"content":{"rendered":"<p>Mit dem &#8222;ACTIVE Set Kunterbuntes Tanz-Theater&#8221; kommt Musik ins Spiel. 1 bis 6 Kinder ab 3 Jahren stellen sich ihren eigenen Tanz zusammen. Abbildungen auf Karten und die Erkl\u00e4rung von tiptoi helfen, die Bewegungen mitzumachen. Liebevolle Musikst\u00fccke und das Tanztuch motivieren zum Tanzen. Der tiptoi-Stift steht in einem Lautsprecher, damit sind die Texte gut zu verstehen und die Kinder haben die H\u00e4nde frei, um im Raum zu tanzen.tiptoi-Stift nicht enthalten. Muss separat erworben werden.<\/p>\n<h2>Ravensburger Spieleverlag Ravensburger tiptoi\u00ae Spiel 00122 ACTIVE Set Kunterbuntes Tanz-Theater, Bewegungsspiel ab 3 Jahren (wersja niemiecka) Ravensburger<\/h2>\n<p>dyplomy szablony pdf, prezent dla ch\u0142opca 7 lat, kartka walentynkowa zrobiona przez dzieci, jan pawe\u0142 2 rysunek \u0142atwy dla dzieci, szlaczki dla dzieci, aurelia, a \u015bpij kochanie, weso\u0142e pisanki tekst piosenki, bajki dla dzieci za darmo, milena, zagadki dla 6 latka, na wyspach bergamutach, okolice wroc\u0142awia, ptak b\u0105k, zaproszenia na urodziny do druku<\/p>\n<p>yyyyy<\/p>\n<p>&nbsp;<\/p>\n","protected":false},"excerpt":{"rendered":"<p>Mit dem &#8222;ACTIVE Set Kunterbuntes Tanz-Theater&#8221; kommt Musik ins Spiel. 1 bis 6 Kinder ab 3 Jahren stellen sich ihren eigenen Tanz zusammen. Abbildungen auf Karten und die Erkl\u00e4rung von tiptoi helfen, die Bewegungen mitzumachen. Liebevolle Musikst\u00fccke und das Tanztuch motivieren zum Tanzen. Der tiptoi-Stift steht in einem Lautsprecher, damit sind die Texte gut zu [&hellip;]<\/p>\n","protected":false},"featured_media":532,"comment_status":"closed","ping_status":"open","template":"","meta":[],"product_cat":[130,207],"product_tag":[686,647,693],"class_list":["post-531","product","type-product","status-publish","has-post-thumbnail","hentry","product_cat-gry-dzieciece","product_cat-ravensburger","product_tag-co-na-roczek-dla-chlopca","product_tag-warszawa-z-dzieckiem","product_tag-zagadki-dla-doroslych"],"_links":{"self":[{"href":"http:\/\/klubmamgdynia.pl\/index.php\/wp-json\/wp\/v2\/product\/531","targetHints":{"allow":["GET"]}}],"collection":[{"href":"http:\/\/klubmamgdynia.pl\/index.php\/wp-json\/wp\/v2\/product"}],"about":[{"href":"http:\/\/klubmamgdynia.pl\/index.php\/wp-json\/wp\/v2\/types\/product"}],"replies":[{"embeddable":true,"href":"http:\/\/klubmamgdynia.pl\/index.php\/wp-json\/wp\/v2\/comments?post=531"}],"wp:featuredmedia":[{"embeddable":true,"href":"http:\/\/klubmamgdynia.pl\/index.php\/wp-json\/wp\/v2\/media\/532"}],"wp:attachment":[{"href":"http:\/\/klubmamgdynia.pl\/index.php\/wp-json\/wp\/v2\/media?parent=531"}],"wp:term":[{"taxonomy":"product_cat","embeddable":true,"href":"http:\/\/klubmamgdynia.pl\/index.php\/wp-json\/wp\/v2\/product_cat?post=531"},{"taxonomy":"product_tag","embeddable":true,"href":"http:\/\/klubmamgdynia.pl\/index.php\/wp-json\/wp\/v2\/product_tag?post=531"}],"curies":[{"name":"wp","href":"https:\/\/api.w.org\/{rel}","templated":true}]}}