{"id":5311,"date":"2015-06-04T21:39:56","date_gmt":"2015-06-04T19:39:56","guid":{"rendered":"http:\/\/klubmamgdynia.pl\/index.php\/produkt\/verk-group-lampka-nocna-dla-dzieci-led-rgb-kaczka-dotyk\/"},"modified":"2026-04-06T17:45:32","modified_gmt":"2026-04-06T15:45:32","slug":"verk-group-lampka-nocna-dla-dzieci-led-rgb-kaczka-dotyk","status":"publish","type":"product","link":"http:\/\/klubmamgdynia.pl\/index.php\/produkt\/verk-group-lampka-nocna-dla-dzieci-led-rgb-kaczka-dotyk\/","title":{"rendered":"Verk Group Lampka Nocna Dla Dzieci Led Rgb Kaczka Dotyk"},"content":{"rendered":"<p>LAMPKA NOCNA DLA DZIECI LED RGB KACZKA DOTYKOWA MI\u0118KKA PRZYTULANKAUrocza lampka nocna w kszta\u0142cie kaczuszki to idealny podarunek dla ch\u0142opca i dziewczynki. Wkomponuje si\u0119 w ka\u017cdy pok\u00f3j dzieci\u0119cy, tworz\u0105c ciep\u0142y i spokojny nastr\u00f3j.Lampka zosta\u0142a wykonana z mi\u0119ciutkiego, mi\u0142ego w dotyku silikonu. Kaczuszka odporna jest na upadki i zgniecenia, dzi\u0119ki temu b\u0119dzie s\u0142u\u017cy\u0142a przez d\u0142ugi czas jako lampka oraz mi\u0119ciutka przytulanka, kt\u00f3r\u0105 mo\u017cna zabra\u0107 do \u0142\u00f3\u017cka w trakcie usypiania. Z pewno\u015bci\u0105 przyda si\u0119 dzieciom, kt\u00f3re boj\u0105 si\u0119 lub nie lubi\u0105 usypia\u0107 w ciemno\u015bci. POD\u015aWIETLENIE LAMPKI W ODCIENIACH:\u2705 Bia\u0142y\u2705 Czerwony\u2705 Zielony\u2705 Niebieski\u2705 P\u0142ynna zmiana kolor\u00f3w RGBZmiana kolor\u00f3w lampki nast\u0119puje poprzez dotyk\/ stukni\u0119cie kaczuszki.Lampka zasilana jest trzema bateriami AAA ( w komplecie). Jest prosta w utrzymaniu czysto\u015bci, silikonowy pokrowiec mo\u017cna zdj\u0105c i umy\u0107 pod kranem. Produkt jest bezpieczny, nie posiada ostrych kraw\u0119dzi, silikon jest mocny, odporny na rozerwania.SPECYFIKACJA TECHNICZNA:\u2705 Kod produktu: 24080\u2705 Materia\u0142 wykonania: silikon, tworzywo sztuczne\u2705 5 odcieni kolor\u00f3w pod\u015bwietlenia\u2705 Zasilanie: baterie 3 x AAA ( w komplecie)\u2705 Moc: 0.3W\u2705 Przycisk on\/off na spodzie lampki\u2705 Zmiana tryb\u00f3w za pomoc\u0105 stukni\u0119cia w lampk\u0119\u2705 Mi\u0142y w dotyku, mo\u017ce s\u0142u\u017cy\u0107 jako przytulanka\u2705 Odporny na zgniecenie\u2705 Zdejmowany silikonowy pokrowiec\u2705 \u0141atwy w utrzymaniu czysto\u015bci\u2705 Kolor: bia\u0142yWYMIARY:\u2705 Wysoko\u015b\u0107 ca\u0142kowita: 13,5cm\u2705 G\u0142\u0119boko\u015b\u0107: 12cm\u2705 Szeroko\u015b\u0107: 11cmZESTAW ZAWIERA:\u2611\ufe0f Fabrycznie now\u0105 lampk\u0119 silikonow\u0105\u2611\ufe0f Baterie 3 x AAA\u2611\ufe0f Oryginalne opakowanie<\/p>\n<h2>Verk Group Lampka Nocna Dla Dzieci Led Rgb Kaczka Dotyk Verk Group<\/h2>\n<p>mi\u0142o\u015b\u0107 do dziecka cytaty, atrakcje do 30 km od wroc\u0142awia, uk\u0142ad s\u0142oneczny dla dzieci, prezent dla rocznego dziecka, gdy strumyk p\u0142ynie z wolna, prezent dla dziewczynki na roczek, bajki dla dzieci online, ju\u017c blisko kol\u0119da tekst, jagna, wierszyki o wakacjach kr\u00f3tkie, kolorowanki disney, afryka\u0144skie imiona, milosz imie, psi patrol zadania do druku, tr\u00f3jmiasto atrakcje dla dzieci, \u0142amig\u0142\u00f3wki dla dzieci, pa\u0144stwa europy i ich stolice quiz, tabliczka mno\u017cenia do druku, przyjazn, zaczarowana zagroda &#8211; test<\/p>\n<p>yyyyy<\/p>\n<p>&nbsp;<\/p>\n","protected":false},"excerpt":{"rendered":"<p>LAMPKA NOCNA DLA DZIECI LED RGB KACZKA DOTYKOWA MI\u0118KKA PRZYTULANKAUrocza lampka nocna w kszta\u0142cie kaczuszki to idealny podarunek dla ch\u0142opca i dziewczynki. Wkomponuje si\u0119 w ka\u017cdy pok\u00f3j dzieci\u0119cy, tworz\u0105c ciep\u0142y i spokojny nastr\u00f3j.Lampka zosta\u0142a wykonana z mi\u0119ciutkiego, mi\u0142ego w dotyku silikonu. Kaczuszka odporna jest na upadki i zgniecenia, dzi\u0119ki temu b\u0119dzie s\u0142u\u017cy\u0142a przez d\u0142ugi czas [&hellip;]<\/p>\n","protected":false},"featured_media":5312,"comment_status":"closed","ping_status":"open","template":"","meta":[],"product_cat":[138,1332],"product_tag":[832,578,619,758,713],"class_list":["post-5311","product","type-product","status-publish","has-post-thumbnail","hentry","product_cat-lampki-dzieciece","product_cat-verk-group","product_tag-desery-dla-dzieci","product_tag-fajne-zarty-na-prima-aprilis","product_tag-iwo-imie","product_tag-julian","product_tag-zagadki-logiczne-z-odpowiedziami"],"_links":{"self":[{"href":"http:\/\/klubmamgdynia.pl\/index.php\/wp-json\/wp\/v2\/product\/5311","targetHints":{"allow":["GET"]}}],"collection":[{"href":"http:\/\/klubmamgdynia.pl\/index.php\/wp-json\/wp\/v2\/product"}],"about":[{"href":"http:\/\/klubmamgdynia.pl\/index.php\/wp-json\/wp\/v2\/types\/product"}],"replies":[{"embeddable":true,"href":"http:\/\/klubmamgdynia.pl\/index.php\/wp-json\/wp\/v2\/comments?post=5311"}],"wp:featuredmedia":[{"embeddable":true,"href":"http:\/\/klubmamgdynia.pl\/index.php\/wp-json\/wp\/v2\/media\/5312"}],"wp:attachment":[{"href":"http:\/\/klubmamgdynia.pl\/index.php\/wp-json\/wp\/v2\/media?parent=5311"}],"wp:term":[{"taxonomy":"product_cat","embeddable":true,"href":"http:\/\/klubmamgdynia.pl\/index.php\/wp-json\/wp\/v2\/product_cat?post=5311"},{"taxonomy":"product_tag","embeddable":true,"href":"http:\/\/klubmamgdynia.pl\/index.php\/wp-json\/wp\/v2\/product_tag?post=5311"}],"curies":[{"name":"wp","href":"https:\/\/api.w.org\/{rel}","templated":true}]}}