{"id":5313,"date":"2022-11-08T12:37:20","date_gmt":"2022-11-08T11:37:20","guid":{"rendered":"http:\/\/klubmamgdynia.pl\/?post_type=product&#038;p=5313"},"modified":"2026-04-06T21:00:22","modified_gmt":"2026-04-06T19:00:22","slug":"chicco-okulary-przeciwsloneczne-dla-chlopca-little-panda-24m","status":"publish","type":"product","link":"http:\/\/klubmamgdynia.pl\/index.php\/produkt\/chicco-okulary-przeciwsloneczne-dla-chlopca-little-panda-24m\/","title":{"rendered":"Chicco Okulary przeciws\u0142oneczne dla ch\u0142opca Little Panda 24m+"},"content":{"rendered":"<p>Okulary przeciws\u0142oneczne 24m+Chicco Little MouseOkulary przygotowane dla najlepszej ochrony Twojego dziecka.To co oferuj\u0105 okulary Chicco:ochrone przed promieniowaniem UV (100% ochrona przed promieniowaniami UVA i UVB)kategoria filtru 3 odporno\u015b\u0107 na u\u017cytkowanie przez dzieci (odporne na uszkodzenia i zarysowania)soczewki wykonane z poliw\u0119glanuelastyczne oprawki, dzi\u0119ki u\u017cytkowanie staje si\u0119 bardziej przyjazne dla dzieckaProdukty przesz\u0142y wszystkie niezb\u0119dne badania przeprowadzone przez Osservatorio Chicco przy udziale lekarzy okulist\u00f3w.SKU: TOW006031Kod EAN: 8058664078110BLOZ 7: 9083295Marka: CHICCOStawka podatku: VAT 23%<\/p>\n<h2>Chicco Okulary przeciws\u0142oneczne dla ch\u0142opca Little Panda 24m+ Chicco<\/h2>\n<p>zagadki dla przedszkolak\u00f3w, imi\u0119 kostek, minionki kolorowanka, harry potter kolorowanka, kolorowe kanapki kanapki dla dzieci, henryk, nauka zegara do druku, walentynka dla c\u00f3rki, szlaczki dla dzieci<\/p>\n<p>yyyyy<\/p>\n<p>&nbsp;<\/p>\n","protected":false},"excerpt":{"rendered":"<p>Okulary przeciws\u0142oneczne 24m+Chicco Little MouseOkulary przygotowane dla najlepszej ochrony Twojego dziecka.To co oferuj\u0105 okulary Chicco:ochrone przed promieniowaniem UV (100% ochrona przed promieniowaniami UVA i UVB)kategoria filtru 3 odporno\u015b\u0107 na u\u017cytkowanie przez dzieci (odporne na uszkodzenia i zarysowania)soczewki wykonane z poliw\u0119glanuelastyczne oprawki, dzi\u0119ki u\u017cytkowanie staje si\u0119 bardziej przyjazne dla dzieckaProdukty przesz\u0142y wszystkie niezb\u0119dne badania przeprowadzone przez [&hellip;]<\/p>\n","protected":false},"featured_media":5314,"comment_status":"closed","ping_status":"open","template":"","meta":[],"product_cat":[312,479],"product_tag":[688,768,816,646,711,823],"class_list":["post-5313","product","type-product","status-publish","has-post-thumbnail","hentry","product_cat-chicco","product_cat-okulary-przeciwsloneczne-dzieciece","product_tag-kolysanki-tekst","product_tag-krotkie-zagadki-logiczne","product_tag-place-zabaw-warszawa","product_tag-prezent-na-pierwsze-urodziny","product_tag-prezenty-dla-nastolatkow","product_tag-zagadki-dla-dzieci-7-lat"],"_links":{"self":[{"href":"http:\/\/klubmamgdynia.pl\/index.php\/wp-json\/wp\/v2\/product\/5313","targetHints":{"allow":["GET"]}}],"collection":[{"href":"http:\/\/klubmamgdynia.pl\/index.php\/wp-json\/wp\/v2\/product"}],"about":[{"href":"http:\/\/klubmamgdynia.pl\/index.php\/wp-json\/wp\/v2\/types\/product"}],"replies":[{"embeddable":true,"href":"http:\/\/klubmamgdynia.pl\/index.php\/wp-json\/wp\/v2\/comments?post=5313"}],"wp:featuredmedia":[{"embeddable":true,"href":"http:\/\/klubmamgdynia.pl\/index.php\/wp-json\/wp\/v2\/media\/5314"}],"wp:attachment":[{"href":"http:\/\/klubmamgdynia.pl\/index.php\/wp-json\/wp\/v2\/media?parent=5313"}],"wp:term":[{"taxonomy":"product_cat","embeddable":true,"href":"http:\/\/klubmamgdynia.pl\/index.php\/wp-json\/wp\/v2\/product_cat?post=5313"},{"taxonomy":"product_tag","embeddable":true,"href":"http:\/\/klubmamgdynia.pl\/index.php\/wp-json\/wp\/v2\/product_tag?post=5313"}],"curies":[{"name":"wp","href":"https:\/\/api.w.org\/{rel}","templated":true}]}}