{"id":5315,"date":"2020-07-25T17:15:10","date_gmt":"2020-07-25T15:15:10","guid":{"rendered":"http:\/\/klubmamgdynia.pl\/index.php\/produkt\/kinderfeets-rowerek-biegowy-bambus\/"},"modified":"2026-04-23T12:33:34","modified_gmt":"2026-04-23T10:33:34","slug":"kinderfeets-rowerek-biegowy-bambus","status":"publish","type":"product","link":"http:\/\/klubmamgdynia.pl\/index.php\/produkt\/kinderfeets-rowerek-biegowy-bambus\/","title":{"rendered":"Kinderfeets Rowerek Biegowy Bambus"},"content":{"rendered":"<p>Wysokiej jako\u015bci, r\u0119cznie robiony bambusowy rowerek jest wyposa\u017cony w podn\u00f3\u017cek. Ergonomicznie zaprojektowane siedzisko i kierownica sprzyjaj\u0105 dobrej postawie i maksymalizuj\u0105 komfort. Opatentowany i nagradzany &#8211; prawdopodobnie najpi\u0119kniejszy rowerek, jakie kiedykolwiek widzia\u0142e\u015b! Dlaczego bambus? Zastosowanie bambusa ma wiele zalet, kt\u00f3re zosta\u0142y wzi\u0119te pod uwag\u0119. Bambus jest mocniejszy od stali i bardziej wytrzyma\u0142y od wi\u0119kszo\u015bci twardych gatunk\u00f3w drewna, co czyni go wszechstronnym i cennym materia\u0142em budowlanym. Oznacza to wysokiej jako\u015bci, trwa\u0142y rower. Bambus jest r\u00f3wnie\u017c pod wieloma wzgl\u0119dami przyjazny dla \u015brodowiska. Produkuje on wi\u0119cej tlenu i poch\u0142ania wi\u0119cej dwutlenku w\u0119gla ni\u017c drzewa. Podczas gdy dojrzewanie twardego drewna trwa od 30 do 50 lat, dojrzewanie bambusa trwa od 3 do 5 lat i nie wymaga stosowania pestycyd\u00f3w ani \u015brodk\u00f3w chemicznych w celu zako\u0144czenia procesu dojrzewania. Bambus jest uprawiany w krajach rozwijaj\u0105cych si\u0119, wspieraj\u0105c w ten spos\u00f3b zr\u00f3wnowa\u017cony styl \u017cycia wielu zubo\u017ca\u0142ych grup ludno\u015bci. Nasze przywi\u0105zanie do Matki Natury jest na pierwszym miejscu, a u\u017cywanie bambusa jest tylko jednym ze sposob\u00f3w, aby j\u0105 wesprze\u0107. Szczeg\u00f3\u0142y: wymiary (D x SZ x W): 80 cm x 35 cm x 55 cm materia\u0142: Bambus Z podn\u00f3\u017ckiem Ergonomicznie ukszta\u0142towana pozycja siedzenia i kierownicy odporny i wytrzyma\u0142y wiek: dla dzieci od 2 roku \u017cycia<\/p>\n<h2>Kinderfeets Rowerek Biegowy Bambus Kinderfeets<\/h2>\n<p>smok wawelski kolorowanka, co \u0142apie ale nie rzuca, pomys\u0142y na pakowanie prezent\u00f3w, bajka do czytania, lego ninjago kolorowanka, kwiaty polne nazwy i zdj\u0119cia, nela imi\u0119, test z lektury ania z zielonego wzg\u00f3rza klasa 6 z odpowiedziami, dobranoc zimowe, kolorowanki na dzie\u0144 niepodleg\u0142o\u015bci do wydruku, karyna, \u017carty na prima aprilis dla rodzic\u00f3w, mama cytaty, nietypowe imiona damskie, co kupi\u0107 nastolatce na urodziny, prezent na dzie\u0144 dziecka dla nastolatk\u00f3w, kolorowanka \u015bwinka peppa, by\u0142a sobie \u017cabka ma\u0142a tekst, cytaty o przyja\u017ani ma\u0142y ksi\u0105\u017c\u0119<\/p>\n<p>yyyyy<\/p>\n<p>&nbsp;<\/p>\n","protected":false},"excerpt":{"rendered":"<p>Wysokiej jako\u015bci, r\u0119cznie robiony bambusowy rowerek jest wyposa\u017cony w podn\u00f3\u017cek. Ergonomicznie zaprojektowane siedzisko i kierownica sprzyjaj\u0105 dobrej postawie i maksymalizuj\u0105 komfort. Opatentowany i nagradzany &#8211; prawdopodobnie najpi\u0119kniejszy rowerek, jakie kiedykolwiek widzia\u0142e\u015b! Dlaczego bambus? Zastosowanie bambusa ma wiele zalet, kt\u00f3re zosta\u0142y wzi\u0119te pod uwag\u0119. Bambus jest mocniejszy od stali i bardziej wytrzyma\u0142y od wi\u0119kszo\u015bci twardych gatunk\u00f3w [&hellip;]<\/p>\n","protected":false},"featured_media":5316,"comment_status":"closed","ping_status":"open","template":"","meta":[],"product_cat":[1333,453],"product_tag":[657,665,773,592,623],"class_list":["post-5315","product","type-product","status-publish","has-post-thumbnail","hentry","product_cat-kinderfeets","product_cat-rowerki-biegowe","product_tag-lol-kolorowanka","product_tag-proste-zagadki","product_tag-test-z-lektury-opowiesci-z-narnii-lew-czarownica-i-stara-szafa","product_tag-zagadki-dla-dzieci","product_tag-zagadki-logiczne-smieszne"],"_links":{"self":[{"href":"http:\/\/klubmamgdynia.pl\/index.php\/wp-json\/wp\/v2\/product\/5315","targetHints":{"allow":["GET"]}}],"collection":[{"href":"http:\/\/klubmamgdynia.pl\/index.php\/wp-json\/wp\/v2\/product"}],"about":[{"href":"http:\/\/klubmamgdynia.pl\/index.php\/wp-json\/wp\/v2\/types\/product"}],"replies":[{"embeddable":true,"href":"http:\/\/klubmamgdynia.pl\/index.php\/wp-json\/wp\/v2\/comments?post=5315"}],"wp:featuredmedia":[{"embeddable":true,"href":"http:\/\/klubmamgdynia.pl\/index.php\/wp-json\/wp\/v2\/media\/5316"}],"wp:attachment":[{"href":"http:\/\/klubmamgdynia.pl\/index.php\/wp-json\/wp\/v2\/media?parent=5315"}],"wp:term":[{"taxonomy":"product_cat","embeddable":true,"href":"http:\/\/klubmamgdynia.pl\/index.php\/wp-json\/wp\/v2\/product_cat?post=5315"},{"taxonomy":"product_tag","embeddable":true,"href":"http:\/\/klubmamgdynia.pl\/index.php\/wp-json\/wp\/v2\/product_tag?post=5315"}],"curies":[{"name":"wp","href":"https:\/\/api.w.org\/{rel}","templated":true}]}}