{"id":5317,"date":"2025-03-10T06:56:33","date_gmt":"2025-03-10T05:56:33","guid":{"rendered":"http:\/\/klubmamgdynia.pl\/?post_type=product&#038;p=5317"},"modified":"2026-04-03T20:04:08","modified_gmt":"2026-04-03T18:04:08","slug":"design-letters-kubek-termiczny-dla-dzieci-350ml-w-kolorze-bezowym","status":"publish","type":"product","link":"http:\/\/klubmamgdynia.pl\/index.php\/produkt\/design-letters-kubek-termiczny-dla-dzieci-350ml-w-kolorze-bezowym\/","title":{"rendered":"Design Letters Kubek Termiczny Dla Dzieci 350Ml W Kolorze Be\u017cowym"},"content":{"rendered":"<p>Szczeg\u00f3\u0142y produktu: Design : be\u017cowy Jedno klikni\u0119cie i jest otwarte Odporny na upadki i podw\u00f3jne rozlanie izolowany kubek ze s\u0142omk\u0105 Wspania\u0142e do\u015bwiadczenie w piciu dla dzieci w ka\u017cdym wieku \u0141atwe do picia Bez wzgl\u0119du na to, w jakiej pozycji znajduje si\u0119 dziecko (siedz\u0105cej, pochylonej lub w \u0142\u00f3\u017cku) Szczelno\u015b\u0107 zar\u00f3wno w stanie zamkni\u0119tym, jak i otwartym Idealne rozwi\u0105zanie dla podr\u00f3\u017cuj\u0105cych z dzieckiem Doskonale nadaje si\u0119 r\u00f3wnie\u017c jako zamiennik butelki do picia w szkole \u0141atwe do otwarcia i bezpieczne do zamkni\u0119cia bez nadzoru osoby doros\u0142ej Materia\u0142 i wymiary: Materia\u0142 butelki: nierdzewny steel Materia\u0142 pokrywy: PP, silikon i ABS<\/p>\n<h2>Design Letters Kubek Termiczny Dla Dzieci 350Ml W Kolorze Be\u017cowym <\/h2>\n<p>traktor do druku, lol kolorowanki do druku, imi\u0119 alan, w\u0142ochy, zaproszenia na urodziny do wydruku, alfons, najtrudniejsze zagadki<\/p>\n<p>yyyyy<\/p>\n<p>&nbsp;<\/p>\n","protected":false},"excerpt":{"rendered":"<p>Szczeg\u00f3\u0142y produktu: Design : be\u017cowy Jedno klikni\u0119cie i jest otwarte Odporny na upadki i podw\u00f3jne rozlanie izolowany kubek ze s\u0142omk\u0105 Wspania\u0142e do\u015bwiadczenie w piciu dla dzieci w ka\u017cdym wieku \u0141atwe do picia Bez wzgl\u0119du na to, w jakiej pozycji znajduje si\u0119 dziecko (siedz\u0105cej, pochylonej lub w \u0142\u00f3\u017cku) Szczelno\u015b\u0107 zar\u00f3wno w stanie zamkni\u0119tym, jak i otwartym [&hellip;]<\/p>\n","protected":false},"featured_media":5318,"comment_status":"closed","ping_status":"open","template":"","meta":[],"product_cat":[215],"product_tag":[750,619,730,729,579,812],"class_list":["post-5317","product","type-product","status-publish","has-post-thumbnail","hentry","product_cat-naczynia-i-sztucce-dla-dzieci","product_tag-imie-kostek","product_tag-iwo-imie","product_tag-karyna","product_tag-madre-bajki-dla-dzieci-do-czytania","product_tag-quiz-opowiesci-z-narnii-lew-czarownica-i-stara-szafa","product_tag-zagadki-logiczne-na-inteligencje"],"_links":{"self":[{"href":"http:\/\/klubmamgdynia.pl\/index.php\/wp-json\/wp\/v2\/product\/5317","targetHints":{"allow":["GET"]}}],"collection":[{"href":"http:\/\/klubmamgdynia.pl\/index.php\/wp-json\/wp\/v2\/product"}],"about":[{"href":"http:\/\/klubmamgdynia.pl\/index.php\/wp-json\/wp\/v2\/types\/product"}],"replies":[{"embeddable":true,"href":"http:\/\/klubmamgdynia.pl\/index.php\/wp-json\/wp\/v2\/comments?post=5317"}],"wp:featuredmedia":[{"embeddable":true,"href":"http:\/\/klubmamgdynia.pl\/index.php\/wp-json\/wp\/v2\/media\/5318"}],"wp:attachment":[{"href":"http:\/\/klubmamgdynia.pl\/index.php\/wp-json\/wp\/v2\/media?parent=5317"}],"wp:term":[{"taxonomy":"product_cat","embeddable":true,"href":"http:\/\/klubmamgdynia.pl\/index.php\/wp-json\/wp\/v2\/product_cat?post=5317"},{"taxonomy":"product_tag","embeddable":true,"href":"http:\/\/klubmamgdynia.pl\/index.php\/wp-json\/wp\/v2\/product_tag?post=5317"}],"curies":[{"name":"wp","href":"https:\/\/api.w.org\/{rel}","templated":true}]}}