{"id":5319,"date":"2010-11-15T05:24:16","date_gmt":"2010-11-15T04:24:16","guid":{"rendered":"http:\/\/klubmamgdynia.pl\/index.php\/produkt\/lampka-biurkowa-nocna-lampa-led-rgb-akumulator\/"},"modified":"2026-04-05T21:51:34","modified_gmt":"2026-04-05T19:51:34","slug":"lampka-biurkowa-nocna-lampa-led-rgb-akumulator","status":"publish","type":"product","link":"http:\/\/klubmamgdynia.pl\/index.php\/produkt\/lampka-biurkowa-nocna-lampa-led-rgb-akumulator\/","title":{"rendered":"Lampka Biurkowa Nocna Lampa Led Rgb Akumulator"},"content":{"rendered":"<p>Lampka biurkowa 2w1 LED 5W wbudowany akumulator 2400mAh z funkcj\u0105 zmieniaj\u0105cej kolor lampki nocnejProducent i model: Platinet PDL20BAT bia\u0142aLampa biurkowa z lampk\u0105 nocn\u0105 zmieniaj\u0105c\u0105 kolor i wbudowan\u0105 bateri\u0105.Lampa biurkowa PDL20BAT ma mo\u017cliwo\u015b\u0107 regulowania intensywno\u015bci emitowanego \u015bwiat\u0142a, dzi\u0119ki czemu mo\u017cna j\u0105 stosowa\u0107 w ka\u017cdych warunkach, zar\u00f3wno w pracy, jak i w spoczynku. Podstawa lampy ma wbudowane o\u015bwietlenie nocne, kt\u00f3re mo\u017cna regulowa\u0107 w dowolnym kolorze RGB. Wbudowana bateria o pojemno\u015bci 2400 mAh pozwala na korzystanie z lampy w dowolnym miejscu, niezale\u017cnie od dost\u0119pno\u015bci gniazdek elektrycznych. Standardowe z\u0142\u0105cze micro USB umo\u017cliwia \u0142adowanie akumulatora za pomoc\u0105 tradycyjnej \u0142adowarki USB s\u0142u\u017c\u0105cej do \u0142adowania smartfon\u00f3w lub tablet\u00f3w.Specyfikacja:Model: PDL20BATMarka: PlatinetKolor: bia\u0142y34 wysokiej jako\u015bci diody LEDRegulacja poziomu o\u015bwietleniaDodatkowa lampka nocna z mo\u017cliwo\u015bci\u0105 zmiany koloruADAPTOWANA wbudowana bateriaZasilanie: 5V DC, 500mA w zestawie za\u0142\u0105czony bia\u0142y kabelek USB &#8211; MicroUSBO\u015bwietlenie: 34 LEDStrumie\u0144 \u015bwietlny: 600 lumen\u00f3wTemperatura barwowa: 5500 &#8211; 6500KCRI&gt; 80Kolor: regulacja koloru RGBWbudowana bateria o pojemno\u015bci 2400mAhMateria\u0142: ABSZ\u0142\u0105cze USB do \u0142adowania akumulatoraPrze\u0142\u0105cznik dotykowy i regulacja koloru3 tryby jasno\u015bci (normalny, silny i maksymalny)<\/p>\n<h2>Lampka Biurkowa Nocna Lampa Led Rgb Akumulator <\/h2>\n<p>cookie dough przepis, zagadki o zimie, dekorowanie kanapek dla dzieci, ach \u015bpij kochanie tekst, olaf znaczenie imienia, jak zapakowa\u0107 prezent dla dziecka, dyplomy szablony pdf, flagi do druku, quizy i zagadki wielkanocne, przechowywanie zabawek, atrakcje do 30 km od wroc\u0142awia<\/p>\n<p>yyyyy<\/p>\n<p>&nbsp;<\/p>\n","protected":false},"excerpt":{"rendered":"<p>Lampka biurkowa 2w1 LED 5W wbudowany akumulator 2400mAh z funkcj\u0105 zmieniaj\u0105cej kolor lampki nocnejProducent i model: Platinet PDL20BAT bia\u0142aLampa biurkowa z lampk\u0105 nocn\u0105 zmieniaj\u0105c\u0105 kolor i wbudowan\u0105 bateri\u0105.Lampa biurkowa PDL20BAT ma mo\u017cliwo\u015b\u0107 regulowania intensywno\u015bci emitowanego \u015bwiat\u0142a, dzi\u0119ki czemu mo\u017cna j\u0105 stosowa\u0107 w ka\u017cdych warunkach, zar\u00f3wno w pracy, jak i w spoczynku. Podstawa lampy ma wbudowane [&hellip;]<\/p>\n","protected":false},"featured_media":5320,"comment_status":"closed","ping_status":"open","template":"","meta":[],"product_cat":[138],"product_tag":[719,638,718,672],"class_list":["post-5319","product","type-product","status-publish","has-post-thumbnail","hentry","product_cat-lampki-dzieciece","product_tag-dziecko-cytaty-zlote-mysli","product_tag-miastodzieci","product_tag-prezent-na-roczek-dla-chrzesniaka","product_tag-trudne-zagadki-z-odpowiedziami"],"_links":{"self":[{"href":"http:\/\/klubmamgdynia.pl\/index.php\/wp-json\/wp\/v2\/product\/5319","targetHints":{"allow":["GET"]}}],"collection":[{"href":"http:\/\/klubmamgdynia.pl\/index.php\/wp-json\/wp\/v2\/product"}],"about":[{"href":"http:\/\/klubmamgdynia.pl\/index.php\/wp-json\/wp\/v2\/types\/product"}],"replies":[{"embeddable":true,"href":"http:\/\/klubmamgdynia.pl\/index.php\/wp-json\/wp\/v2\/comments?post=5319"}],"wp:featuredmedia":[{"embeddable":true,"href":"http:\/\/klubmamgdynia.pl\/index.php\/wp-json\/wp\/v2\/media\/5320"}],"wp:attachment":[{"href":"http:\/\/klubmamgdynia.pl\/index.php\/wp-json\/wp\/v2\/media?parent=5319"}],"wp:term":[{"taxonomy":"product_cat","embeddable":true,"href":"http:\/\/klubmamgdynia.pl\/index.php\/wp-json\/wp\/v2\/product_cat?post=5319"},{"taxonomy":"product_tag","embeddable":true,"href":"http:\/\/klubmamgdynia.pl\/index.php\/wp-json\/wp\/v2\/product_tag?post=5319"}],"curies":[{"name":"wp","href":"https:\/\/api.w.org\/{rel}","templated":true}]}}