{"id":5321,"date":"2016-12-18T13:15:00","date_gmt":"2016-12-18T12:15:00","guid":{"rendered":"http:\/\/klubmamgdynia.pl\/index.php\/produkt\/kinderfeets-chodzik-bialy\/"},"modified":"2026-04-23T01:07:36","modified_gmt":"2026-04-22T23:07:36","slug":"kinderfeets-chodzik-bialy","status":"publish","type":"product","link":"http:\/\/klubmamgdynia.pl\/index.php\/produkt\/kinderfeets-chodzik-bialy\/","title":{"rendered":"Kinderfeets Chodzik Bia\u0142y"},"content":{"rendered":"<p>Urocza zabawka, kt\u00f3ra jest zar\u00f3wno chodzikiem, jak i doskona\u0142ym sposobem przechowywania drobnych przedmiot\u00f3w. Zabawka w modnym holenderskim stylu.Chodzik wspiera Twoje dziecko w stawianiu pierwszych krok\u00f3w. Szczeg\u00f3\u0142y: wymiary (D x SZ x W): 50 cm x 35 cm x 45 cm waga: 4,3 kg materia\u0142: drewno brzozowe gumowe ko\u0142a regulowane tylne ko\u0142a \u0142atwy monta\u017c maks. obci\u0105\u017cenie: 20 kg produkt przeznaczony dla dzieci od 12 miesi\u0105ca \u017cycia<\/p>\n<h2>Kinderfeets Chodzik Bia\u0142y Kinderfeets<\/h2>\n<p>zagadki dla dzieci 7 lat, atrakcje do 30 km od wroc\u0142awia, zagadki o wiosnie, stare bajki, znaki drogowe do druku, karty pracy dla dzieci z ukrainy, prezent dla ch\u0142opca 7 lat, quizy miko\u0142ajek, test z dzieci z bullerbyn<\/p>\n<p>yyyyy<\/p>\n<p>&nbsp;<\/p>\n","protected":false},"excerpt":{"rendered":"<p>Urocza zabawka, kt\u00f3ra jest zar\u00f3wno chodzikiem, jak i doskona\u0142ym sposobem przechowywania drobnych przedmiot\u00f3w. Zabawka w modnym holenderskim stylu.Chodzik wspiera Twoje dziecko w stawianiu pierwszych krok\u00f3w. Szczeg\u00f3\u0142y: wymiary (D x SZ x W): 50 cm x 35 cm x 45 cm waga: 4,3 kg materia\u0142: drewno brzozowe gumowe ko\u0142a regulowane tylne ko\u0142a \u0142atwy monta\u017c maks. obci\u0105\u017cenie: [&hellip;]<\/p>\n","protected":false},"featured_media":5322,"comment_status":"closed","ping_status":"open","template":"","meta":[],"product_cat":[349,1333],"product_tag":[750,602,623],"class_list":["post-5321","product","type-product","status-publish","has-post-thumbnail","hentry","product_cat-chodziki","product_cat-kinderfeets","product_tag-imie-kostek","product_tag-quiz-o-zwierzetach-domowych","product_tag-zagadki-logiczne-smieszne"],"_links":{"self":[{"href":"http:\/\/klubmamgdynia.pl\/index.php\/wp-json\/wp\/v2\/product\/5321","targetHints":{"allow":["GET"]}}],"collection":[{"href":"http:\/\/klubmamgdynia.pl\/index.php\/wp-json\/wp\/v2\/product"}],"about":[{"href":"http:\/\/klubmamgdynia.pl\/index.php\/wp-json\/wp\/v2\/types\/product"}],"replies":[{"embeddable":true,"href":"http:\/\/klubmamgdynia.pl\/index.php\/wp-json\/wp\/v2\/comments?post=5321"}],"wp:featuredmedia":[{"embeddable":true,"href":"http:\/\/klubmamgdynia.pl\/index.php\/wp-json\/wp\/v2\/media\/5322"}],"wp:attachment":[{"href":"http:\/\/klubmamgdynia.pl\/index.php\/wp-json\/wp\/v2\/media?parent=5321"}],"wp:term":[{"taxonomy":"product_cat","embeddable":true,"href":"http:\/\/klubmamgdynia.pl\/index.php\/wp-json\/wp\/v2\/product_cat?post=5321"},{"taxonomy":"product_tag","embeddable":true,"href":"http:\/\/klubmamgdynia.pl\/index.php\/wp-json\/wp\/v2\/product_tag?post=5321"}],"curies":[{"name":"wp","href":"https:\/\/api.w.org\/{rel}","templated":true}]}}