{"id":5325,"date":"2014-10-13T16:39:05","date_gmt":"2014-10-13T14:39:05","guid":{"rendered":"http:\/\/klubmamgdynia.pl\/index.php\/produkt\/philips-bhd300-00\/"},"modified":"2026-04-22T21:10:16","modified_gmt":"2026-04-22T19:10:16","slug":"philips-bhd300-00","status":"publish","type":"product","link":"http:\/\/klubmamgdynia.pl\/index.php\/produkt\/philips-bhd300-00\/","title":{"rendered":"PHILIPS BHD300\/00"},"content":{"rendered":"<p>Szybka i wygodna piel\u0119gnacja na co dzie\u0144Suszarka Philips z serii 3000 doskonale sprawdzi si\u0119 podczas codziennego u\u017cytkowania. Otrzyma\u0142a specjaln\u0105 nasadk\u0119 ThermoProtect, by suszenie dla ka\u017cdego rodzaju w\u0142os\u00f3w by\u0142o delikatniejsze. Stylizacj\u0119 u\u0142atwi Ci wysoka efektywno\u015b\u0107 dzia\u0142ania urz\u0105dzenia oraz jego niewielkie rozmiary.                            <\/p>\n<p>Suszenie w ni\u017cszej temperaturze w trosce o\u00a0Twoje w\u0142osyZ suszark\u0105 Philips 3000 nie b\u0119dziesz ju\u017c przegrzewa\u0107 w\u0142os\u00f3w, czego skutkiem b\u0119dzie ich lepsza kondycja. Nasadka ThermoProtect redukuje temperatur\u0119 suszenia o 10\u00b0C, r\u00f3wnocze\u015bnie zachowuj\u0105c pe\u0142n\u0105 wydajno\u015b\u0107 dzia\u0142ania*,\u00a0oferowan\u0105 przez moc 1600 W.<\/p>\n<p>Jak dzia\u0142a nasadka ThermoProtect?Gor\u0105ce powietrze wydmuchiwane z otwor\u00f3w nasadki ThermoProtect \u0142\u0105czy si\u0119 z zimnym powietrzem z otoczenia, obni\u017caj\u0105c temperatur\u0119 suszenia o 10\u00b0C. Dzi\u0119ki temu stylizacja jest bezpieczniejsza dla Twoich w\u0142os\u00f3w.<\/p>\n<p>Jeszcze lepsze rezultaty                            <\/p>\n<p>Zimny nawiewFunkcja zimnego nawiewu na zako\u0144czenie suszenia pomaga uzyska\u0107 idealn\u0105 i tra\u0142\u0105 stylizacj\u0119.                            <\/p>\n<p>Efektywne suszenieSuszarka Philips posiada moc 1600 W oraz silny nadmuch powietrza, zapewniaj\u0105c szybkie i dok\u0142adne suszenie.                            <\/p>\n<p>3-stopniowe ustawieniaSuszarka Philips z serii 3000 oferuje Ci 3 wst\u0119pnie wybrane kombinacje temperatury i pr\u0119dko\u015bci. Bez trudu dopasujesz suszenie do swoich potrzeb.                            <\/p>\n<p>Zaprojektowana z my\u015bl\u0105 o TobieSuszarka ma kompaktowe rozmiary i niewielk\u0105 wag\u0119, co docenisz podczas codziennego u\u017cytkowania. \u0141atwo j\u0105 przechowasz, a tak\u017ce wygodnie zabierzesz ze sob\u0105 w podr\u00f3\u017c.<\/p>\n<p>W zestawie                            <\/p>\n<p>1. Suszarka BHD300\/002. Nasadka ThermoProtect                            <\/p>\n<p>Wybierz suszark\u0119 Philips dla siebie                            <\/p>\n<p>* Technologia ThermoProtect jest aktywowana po za\u0142o\u017ceniu nasadki.** Przy najwy\u017cszym ustawieniu pr\u0119dko\u015bci.<\/p>\n<h2>PHILIPS BHD300\/00 Philips<\/h2>\n<p>karty pracy dla dzieci z ukrainy do druku, pokoloruj wed\u0142ug wzoru, ninjago kolorowanka, pomys\u0142 na prezent dla nastolatki, planety uk\u0142ad s\u0142oneczny dla dzieci do druku, zagadki dla dzieci 4-5 lat online, aaa kotki dwa tekst, kolorowe listki tekst, jak narysowa\u0107 sanie miko\u0142aja, kamila, zagadki rymowanki dla dzieci, cytaty na dzie\u0144 edukacji narodowej, zagadki logiczne na inteligencj\u0119 dla doros\u0142ych, paj\u0105czek na rowerze test, zabawy dla 6 latk\u00f3w, prezent dla dwunastolatka, zagadki o zwierz\u0119tach wiejskich, kr\u00f3tkie \u017cyczenia wielkanocne dla dzieci, piosenki na dobranoc tekst<\/p>\n<p>yyyyy<\/p>\n<p>&nbsp;<\/p>\n","protected":false},"excerpt":{"rendered":"<p>Szybka i wygodna piel\u0119gnacja na co dzie\u0144Suszarka Philips z serii 3000 doskonale sprawdzi si\u0119 podczas codziennego u\u017cytkowania. Otrzyma\u0142a specjaln\u0105 nasadk\u0119 ThermoProtect, by suszenie dla ka\u017cdego rodzaju w\u0142os\u00f3w by\u0142o delikatniejsze. Stylizacj\u0119 u\u0142atwi Ci wysoka efektywno\u015b\u0107 dzia\u0142ania urz\u0105dzenia oraz jego niewielkie rozmiary. Suszenie w ni\u017cszej temperaturze w trosce o\u00a0Twoje w\u0142osyZ suszark\u0105 Philips 3000 nie b\u0119dziesz ju\u017c przegrzewa\u0107 [&hellip;]<\/p>\n","protected":false},"featured_media":5326,"comment_status":"closed","ping_status":"open","template":"","meta":[],"product_cat":[261,262],"product_tag":[772,765,637,599,692,577],"class_list":["post-5325","product","type-product","status-publish","has-post-thumbnail","hentry","product_cat-philips","product_cat-suszarki-do-wlosow","product_tag-45-panstw-europy-i-ich-stolice-quiz","product_tag-atrakcje-dla-dzieci-warszawa","product_tag-niech-zyja-wakacje-tekst","product_tag-prezent-dla-nastolatkow-2021","product_tag-prezenty-na-roczek","product_tag-znaki-drogowe-test"],"_links":{"self":[{"href":"http:\/\/klubmamgdynia.pl\/index.php\/wp-json\/wp\/v2\/product\/5325","targetHints":{"allow":["GET"]}}],"collection":[{"href":"http:\/\/klubmamgdynia.pl\/index.php\/wp-json\/wp\/v2\/product"}],"about":[{"href":"http:\/\/klubmamgdynia.pl\/index.php\/wp-json\/wp\/v2\/types\/product"}],"replies":[{"embeddable":true,"href":"http:\/\/klubmamgdynia.pl\/index.php\/wp-json\/wp\/v2\/comments?post=5325"}],"wp:featuredmedia":[{"embeddable":true,"href":"http:\/\/klubmamgdynia.pl\/index.php\/wp-json\/wp\/v2\/media\/5326"}],"wp:attachment":[{"href":"http:\/\/klubmamgdynia.pl\/index.php\/wp-json\/wp\/v2\/media?parent=5325"}],"wp:term":[{"taxonomy":"product_cat","embeddable":true,"href":"http:\/\/klubmamgdynia.pl\/index.php\/wp-json\/wp\/v2\/product_cat?post=5325"},{"taxonomy":"product_tag","embeddable":true,"href":"http:\/\/klubmamgdynia.pl\/index.php\/wp-json\/wp\/v2\/product_tag?post=5325"}],"curies":[{"name":"wp","href":"https:\/\/api.w.org\/{rel}","templated":true}]}}