{"id":5327,"date":"2020-10-02T20:19:02","date_gmt":"2020-10-02T18:19:02","guid":{"rendered":"http:\/\/klubmamgdynia.pl\/index.php\/produkt\/plus-plus-mini-tuba-jednorozec-100el\/"},"modified":"2026-04-19T21:27:14","modified_gmt":"2026-04-19T19:27:14","slug":"plus-plus-mini-tuba-jednorozec-100el","status":"publish","type":"product","link":"http:\/\/klubmamgdynia.pl\/index.php\/produkt\/plus-plus-mini-tuba-jednorozec-100el\/","title":{"rendered":"Plus-Plus Mini Tuba Jednoro\u017cec 100El."},"content":{"rendered":"<p>Przestrzenne klocki rozwijaj\u0105 dzieci\u0119c\u0105 wyobra\u017ani\u0119.Prosty spos\u00f3b \u0142\u0105czenia daje mo\u017cliwo\u015b\u0107 budowyzar\u00f3wno p\u0142askich, jak i przestrzennych konstrukcji.Dzi\u0119ki klockom dziecko rozwija zdolno\u015bci manualne i kreatywno\u015b\u0107.Klocki s\u0105 produkowane w Danii z najwy\u017csz\u0105 staranno\u015bci\u0105.Charakteryzuj\u0105 si\u0119 wysok\u0105 dok\u0142adno\u015bci\u0105 wykonania.Nie zawieraj\u0105 PVC oraz ftalan\u00f3w, spe\u0142niaj\u0105 europejskie normy bezpiecze\u0144stwa.ZESTAW ZAWIERA:- 100 sztuk klock\u00f3w mini w neonowych kolorach oraz instrukcj\u0119 do u\u0142o\u017cenia jednoro\u017ccaWYMIARY OPAKOWANIA: 28 x 3,2 cmWYMIARY KLOCKA: 2 cmWIEK: od 3 latZestaw jest nowy, zapakowany w plastikow\u0105 tub\u0119.Klocki Plus-Plus otrzyma\u0142y liczne nagrody i wyr\u00f3\u017cnienia:- nagroda w konkursie Najlepszy Produkt Targ\u00f3w KIDS BIZ FAIR 2012 w kategorii zabawka,- wyr\u00f3\u017cnienie w XI edycji konkursu &#8222;\u015awiat przyjazny dziecku&#8221; organizowanegoprzez Komitet Ochrony Praw Dziecka w kwietniu 2013 roku,- nagroda w kategorii &#8222;Zabawki&#8221; (wiek 3-7 i 7-12 lat),- finali\u015bci Ogo\u0301lnopolskiego Konkursu Dobry Wzo\u0301r 2013 organizowanego przez Instytut Wzornictwa Przemys\u0142owegona najlepiej zaprojektowane produkty i us\u0142ugi na polskim rynku.Klocki otrzyma\u0142y prawo do pos\u0142ugiwania si\u0119 znakiem graficznym &#8222;Finalista konkursu Dobry Wzo\u0301r 2013&#8221;,jak r\u00f3wnie\u017c ekspertyz\u0119 produktu przygotowana\u0328 przez eksperto\u0301w Instytutu Wzornictwa Przemys\u0142owego.<\/p>\n<h2>Plus-Plus Mini Tuba Jednoro\u017cec 100El. Plus Plus<\/h2>\n<p>nauka pisania literek do wydruku pdf, imi\u0119 kostek, zagadki logiczne na inteligencj\u0119 dla doros\u0142ych, prezent na roczek dla dziewczynki<\/p>\n<p>yyyyy<\/p>\n<p>&nbsp;<\/p>\n","protected":false},"excerpt":{"rendered":"<p>Przestrzenne klocki rozwijaj\u0105 dzieci\u0119c\u0105 wyobra\u017ani\u0119.Prosty spos\u00f3b \u0142\u0105czenia daje mo\u017cliwo\u015b\u0107 budowyzar\u00f3wno p\u0142askich, jak i przestrzennych konstrukcji.Dzi\u0119ki klockom dziecko rozwija zdolno\u015bci manualne i kreatywno\u015b\u0107.Klocki s\u0105 produkowane w Danii z najwy\u017csz\u0105 staranno\u015bci\u0105.Charakteryzuj\u0105 si\u0119 wysok\u0105 dok\u0142adno\u015bci\u0105 wykonania.Nie zawieraj\u0105 PVC oraz ftalan\u00f3w, spe\u0142niaj\u0105 europejskie normy bezpiecze\u0144stwa.ZESTAW ZAWIERA:- 100 sztuk klock\u00f3w mini w neonowych kolorach oraz instrukcj\u0119 do u\u0142o\u017cenia jednoro\u017ccaWYMIARY OPAKOWANIA: [&hellip;]<\/p>\n","protected":false},"featured_media":5328,"comment_status":"closed","ping_status":"open","template":"","meta":[],"product_cat":[113,996],"product_tag":[740,768,604,635],"class_list":["post-5327","product","type-product","status-publish","has-post-thumbnail","hentry","product_cat-klocki","product_cat-plus-plus","product_tag-fajne-prezenty-dla-nastolatkow","product_tag-krotkie-zagadki-logiczne","product_tag-zagadki-trudne","product_tag-znaki-drogowe-do-druku"],"_links":{"self":[{"href":"http:\/\/klubmamgdynia.pl\/index.php\/wp-json\/wp\/v2\/product\/5327","targetHints":{"allow":["GET"]}}],"collection":[{"href":"http:\/\/klubmamgdynia.pl\/index.php\/wp-json\/wp\/v2\/product"}],"about":[{"href":"http:\/\/klubmamgdynia.pl\/index.php\/wp-json\/wp\/v2\/types\/product"}],"replies":[{"embeddable":true,"href":"http:\/\/klubmamgdynia.pl\/index.php\/wp-json\/wp\/v2\/comments?post=5327"}],"wp:featuredmedia":[{"embeddable":true,"href":"http:\/\/klubmamgdynia.pl\/index.php\/wp-json\/wp\/v2\/media\/5328"}],"wp:attachment":[{"href":"http:\/\/klubmamgdynia.pl\/index.php\/wp-json\/wp\/v2\/media?parent=5327"}],"wp:term":[{"taxonomy":"product_cat","embeddable":true,"href":"http:\/\/klubmamgdynia.pl\/index.php\/wp-json\/wp\/v2\/product_cat?post=5327"},{"taxonomy":"product_tag","embeddable":true,"href":"http:\/\/klubmamgdynia.pl\/index.php\/wp-json\/wp\/v2\/product_tag?post=5327"}],"curies":[{"name":"wp","href":"https:\/\/api.w.org\/{rel}","templated":true}]}}