{"id":5329,"date":"2019-02-06T18:43:05","date_gmt":"2019-02-06T17:43:05","guid":{"rendered":"http:\/\/klubmamgdynia.pl\/index.php\/produkt\/avon-senses-unicorn-fantasy-truskawkowe-mydlo-do-rak-w-plynie-250ml\/"},"modified":"2026-05-17T22:31:49","modified_gmt":"2026-05-17T20:31:49","slug":"avon-senses-unicorn-fantasy-truskawkowe-mydlo-do-rak-w-plynie-250ml","status":"publish","type":"product","link":"http:\/\/klubmamgdynia.pl\/index.php\/produkt\/avon-senses-unicorn-fantasy-truskawkowe-mydlo-do-rak-w-plynie-250ml\/","title":{"rendered":"Avon Senses Unicorn Fantasy Truskawkowe Myd\u0142o Do R\u0105k W P\u0142ynie 250Ml"},"content":{"rendered":"<p>Truskawkowe myd\u0142o w p\u0142ynie dla dzieci z kolekcji Avon Senses Unicorn Fantasy skutecznie oczyszcza sk\u00f3r\u0119 d\u0142oni z wszelkich zanieczyszcze\u0144 i zabrudze\u0144<\/p>\n<h2>Avon Senses Unicorn Fantasy Truskawkowe Myd\u0142o Do R\u0105k W P\u0142ynie 250Ml AVON<\/h2>\n<p>wieliczka bon turystyczny, bajka psi patrol do czytania, kolorowanka kotek, prezent dla 14 latki, kolorowanki harry potter<\/p>\n<p>yyyyy<\/p>\n<p>&nbsp;<\/p>\n","protected":false},"excerpt":{"rendered":"<p>Truskawkowe myd\u0142o w p\u0142ynie dla dzieci z kolekcji Avon Senses Unicorn Fantasy skutecznie oczyszcza sk\u00f3r\u0119 d\u0142oni z wszelkich zanieczyszcze\u0144 i zabrudze\u0144 Avon Senses Unicorn Fantasy Truskawkowe Myd\u0142o Do R\u0105k W P\u0142ynie 250Ml AVON wieliczka bon turystyczny, bajka psi patrol do czytania, kolorowanka kotek, prezent dla 14 latki, kolorowanki harry potter yyyyy &nbsp;<\/p>\n","protected":false},"featured_media":5330,"comment_status":"closed","ping_status":"open","template":"","meta":[],"product_cat":[1334,474],"product_tag":[664,668,837,657,756],"class_list":["post-5329","product","type-product","status-publish","has-post-thumbnail","hentry","product_cat-avon","product_cat-kosmetyki-dla-dzieci-i-niemowlat","product_tag-atrakcje-dla-dzieci-trojmiasto","product_tag-atrakcje-dla-dzieci-wroclaw","product_tag-cicha-noc-po-angielsku","product_tag-lol-kolorowanka","product_tag-zaproszenie-na-urodziny-do-druku"],"_links":{"self":[{"href":"http:\/\/klubmamgdynia.pl\/index.php\/wp-json\/wp\/v2\/product\/5329","targetHints":{"allow":["GET"]}}],"collection":[{"href":"http:\/\/klubmamgdynia.pl\/index.php\/wp-json\/wp\/v2\/product"}],"about":[{"href":"http:\/\/klubmamgdynia.pl\/index.php\/wp-json\/wp\/v2\/types\/product"}],"replies":[{"embeddable":true,"href":"http:\/\/klubmamgdynia.pl\/index.php\/wp-json\/wp\/v2\/comments?post=5329"}],"wp:featuredmedia":[{"embeddable":true,"href":"http:\/\/klubmamgdynia.pl\/index.php\/wp-json\/wp\/v2\/media\/5330"}],"wp:attachment":[{"href":"http:\/\/klubmamgdynia.pl\/index.php\/wp-json\/wp\/v2\/media?parent=5329"}],"wp:term":[{"taxonomy":"product_cat","embeddable":true,"href":"http:\/\/klubmamgdynia.pl\/index.php\/wp-json\/wp\/v2\/product_cat?post=5329"},{"taxonomy":"product_tag","embeddable":true,"href":"http:\/\/klubmamgdynia.pl\/index.php\/wp-json\/wp\/v2\/product_tag?post=5329"}],"curies":[{"name":"wp","href":"https:\/\/api.w.org\/{rel}","templated":true}]}}