{"id":5331,"date":"2016-11-16T19:20:41","date_gmt":"2016-11-16T18:20:41","guid":{"rendered":"http:\/\/klubmamgdynia.pl\/index.php\/produkt\/madej-mata-do-kolorowania-pisakiem-wodnym-ocean-z-mazakiem\/"},"modified":"2026-04-03T19:09:52","modified_gmt":"2026-04-03T17:09:52","slug":"madej-mata-do-kolorowania-pisakiem-wodnym-ocean-z-mazakiem","status":"publish","type":"product","link":"http:\/\/klubmamgdynia.pl\/index.php\/produkt\/madej-mata-do-kolorowania-pisakiem-wodnym-ocean-z-mazakiem\/","title":{"rendered":"Madej Mata do kolorowania pisakiem wodnym Ocean z mazakiem"},"content":{"rendered":"<p>Mata &#8222;Ocean&#8221; Mata do kolorowania pisakiem wodnym &#8222;Ocean&#8221;. W zestawie mazak na wod\u0119.od 3 lat<\/p>\n<h2>Madej Mata do kolorowania pisakiem wodnym Ocean z mazakiem Madej<\/h2>\n<p>u\u015bmiech dziecka wiersz, czerwony kapturek kolorowanka, bezpieczne kosmetyki do makija\u017cu dla dzieci, halloween dla dzieci 2021, bajka terapeutyczna o emocjach, kr\u00f3tkie bajki do czytania, olaf znaczenie imienia, kwiecie\u0144 plecie\u0144 wiersz<\/p>\n<p>yyyyy<\/p>\n<p>&nbsp;<\/p>\n","protected":false},"excerpt":{"rendered":"<p>Mata &#8222;Ocean&#8221; Mata do kolorowania pisakiem wodnym &#8222;Ocean&#8221;. W zestawie mazak na wod\u0119.od 3 lat Madej Mata do kolorowania pisakiem wodnym Ocean z mazakiem Madej u\u015bmiech dziecka wiersz, czerwony kapturek kolorowanka, bezpieczne kosmetyki do makija\u017cu dla dzieci, halloween dla dzieci 2021, bajka terapeutyczna o emocjach, kr\u00f3tkie bajki do czytania, olaf znaczenie imienia, kwiecie\u0144 plecie\u0144 wiersz [&hellip;]<\/p>\n","protected":false},"featured_media":5332,"comment_status":"closed","ping_status":"open","template":"","meta":[],"product_cat":[70,21],"product_tag":[777,578,828,620,849],"class_list":["post-5331","product","type-product","status-publish","has-post-thumbnail","hentry","product_cat-madej","product_cat-zabawki-plastyczne","product_tag-co-na-roczek","product_tag-fajne-zarty-na-prima-aprilis","product_tag-filmy-wigilijne-dla-dzieci","product_tag-quiz-opowiesci-z-narnii","product_tag-zagadki-matematyczne-dla-dzieci"],"_links":{"self":[{"href":"http:\/\/klubmamgdynia.pl\/index.php\/wp-json\/wp\/v2\/product\/5331","targetHints":{"allow":["GET"]}}],"collection":[{"href":"http:\/\/klubmamgdynia.pl\/index.php\/wp-json\/wp\/v2\/product"}],"about":[{"href":"http:\/\/klubmamgdynia.pl\/index.php\/wp-json\/wp\/v2\/types\/product"}],"replies":[{"embeddable":true,"href":"http:\/\/klubmamgdynia.pl\/index.php\/wp-json\/wp\/v2\/comments?post=5331"}],"wp:featuredmedia":[{"embeddable":true,"href":"http:\/\/klubmamgdynia.pl\/index.php\/wp-json\/wp\/v2\/media\/5332"}],"wp:attachment":[{"href":"http:\/\/klubmamgdynia.pl\/index.php\/wp-json\/wp\/v2\/media?parent=5331"}],"wp:term":[{"taxonomy":"product_cat","embeddable":true,"href":"http:\/\/klubmamgdynia.pl\/index.php\/wp-json\/wp\/v2\/product_cat?post=5331"},{"taxonomy":"product_tag","embeddable":true,"href":"http:\/\/klubmamgdynia.pl\/index.php\/wp-json\/wp\/v2\/product_tag?post=5331"}],"curies":[{"name":"wp","href":"https:\/\/api.w.org\/{rel}","templated":true}]}}