{"id":5333,"date":"2016-01-01T10:52:59","date_gmt":"2016-01-01T09:52:59","guid":{"rendered":"http:\/\/klubmamgdynia.pl\/index.php\/produkt\/kinderfeets-podciagniecie-zwierzecego-jednorozca-bambusa\/"},"modified":"2026-04-05T03:15:00","modified_gmt":"2026-04-05T01:15:00","slug":"kinderfeets-podciagniecie-zwierzecego-jednorozca-bambusa","status":"publish","type":"product","link":"http:\/\/klubmamgdynia.pl\/index.php\/produkt\/kinderfeets-podciagniecie-zwierzecego-jednorozca-bambusa\/","title":{"rendered":"Kinderfeets Podci\u0105gni\u0119cie Zwierz\u0119cego Jednoro\u017cca Bambusa"},"content":{"rendered":"<p>Jednoro\u017cec ten przemawia do r\u00f3\u017cnych zmys\u0142\u00f3w Twojego dziecka i stymuluje jego sprawno\u015b\u0107 ruchow\u0105, rozw\u00f3j sensoryczny i poznawczy, wsp\u00f3\u0142prac\u0119 i dzielenie si\u0119. Dzieci mog\u0105 pu\u015bci\u0107 wodze fantazji. Podczas ci\u0105gni\u0119cia s\u0142ycha\u0107 delikatne dzwonienie. Dlaczego bambus? Zastosowanie bambusa ma wiele zalet. Bambus jest mocniejszy od stali i bardziej wytrzyma\u0142y od wi\u0119kszo\u015bci twardych gatunk\u00f3w drewna, co czyni go wszechstronnym i cennym materia\u0142em budowlanym. Dzi\u0119ki temu Balance Board jest wysokiej jako\u015bci i trwa\u0142y. Bambus jest r\u00f3wnie\u017c pod wieloma wzgl\u0119dami przyjazny dla \u015brodowiska. Produkuje on wi\u0119cej tlenu i poch\u0142ania wi\u0119cej dwutlenku w\u0119gla ni\u017c drzewa. Podczas gdy dojrzewanie twardego drewna trwa od 30 do 50 lat, dojrzewanie bambusa trwa od 3 do 5 lat i nie wymaga stosowania pestycyd\u00f3w ani \u015brodk\u00f3w chemicznych w celu zako\u0144czenia procesu dojrzewania. Szczeg\u00f3\u0142y: wymiary (D x SZ x W): 21,5 cm x 11 cm x 19 cm Waga: 460 g materia\u0142: Bambus produkt przeznaczony dla dzieci od 12 miesi\u0105ca \u017cycia<\/p>\n<h2>Kinderfeets Podci\u0105gni\u0119cie Zwierz\u0119cego Jednoro\u017cca Bambusa Kinderfeets<\/h2>\n<p>jak si\u0119 rysuje kota, 1 listopada dzie\u0144 wszystkich \u015bwi\u0119tych kolorowanki, bajka krecik, prezent roczek, zaj\u0105czek z jajka ugotowanego, pomys\u0142 na prima aprilis, zagadki z odpowiedziami dla dzieci, kr\u00f3tkie bajki dla dzieci, renata to nie imi\u0119, \u015bwinka peppa kolorowanka do druku, mia imi\u0119, jagna imi\u0119, 20 pytania do lektury ma\u0142y ksi\u0105\u017c\u0119, testy z lektury opowie\u015bci z narnii lew czarownica i stara szafa<\/p>\n<p>yyyyy<\/p>\n<p>&nbsp;<\/p>\n","protected":false},"excerpt":{"rendered":"<p>Jednoro\u017cec ten przemawia do r\u00f3\u017cnych zmys\u0142\u00f3w Twojego dziecka i stymuluje jego sprawno\u015b\u0107 ruchow\u0105, rozw\u00f3j sensoryczny i poznawczy, wsp\u00f3\u0142prac\u0119 i dzielenie si\u0119. Dzieci mog\u0105 pu\u015bci\u0107 wodze fantazji. Podczas ci\u0105gni\u0119cia s\u0142ycha\u0107 delikatne dzwonienie. Dlaczego bambus? Zastosowanie bambusa ma wiele zalet. Bambus jest mocniejszy od stali i bardziej wytrzyma\u0142y od wi\u0119kszo\u015bci twardych gatunk\u00f3w drewna, co czyni go wszechstronnym [&hellip;]<\/p>\n","protected":false},"featured_media":5334,"comment_status":"closed","ping_status":"open","template":"","meta":[],"product_cat":[1333,963],"product_tag":[837,798,629],"class_list":["post-5333","product","type-product","status-publish","has-post-thumbnail","hentry","product_cat-kinderfeets","product_cat-pozostale-zabawki-dla-niemowlat","product_tag-cicha-noc-po-angielsku","product_tag-prezenty-dla-nastolatki","product_tag-smieszne-zagadki-z-odpowiedziami"],"_links":{"self":[{"href":"http:\/\/klubmamgdynia.pl\/index.php\/wp-json\/wp\/v2\/product\/5333","targetHints":{"allow":["GET"]}}],"collection":[{"href":"http:\/\/klubmamgdynia.pl\/index.php\/wp-json\/wp\/v2\/product"}],"about":[{"href":"http:\/\/klubmamgdynia.pl\/index.php\/wp-json\/wp\/v2\/types\/product"}],"replies":[{"embeddable":true,"href":"http:\/\/klubmamgdynia.pl\/index.php\/wp-json\/wp\/v2\/comments?post=5333"}],"wp:featuredmedia":[{"embeddable":true,"href":"http:\/\/klubmamgdynia.pl\/index.php\/wp-json\/wp\/v2\/media\/5334"}],"wp:attachment":[{"href":"http:\/\/klubmamgdynia.pl\/index.php\/wp-json\/wp\/v2\/media?parent=5333"}],"wp:term":[{"taxonomy":"product_cat","embeddable":true,"href":"http:\/\/klubmamgdynia.pl\/index.php\/wp-json\/wp\/v2\/product_cat?post=5333"},{"taxonomy":"product_tag","embeddable":true,"href":"http:\/\/klubmamgdynia.pl\/index.php\/wp-json\/wp\/v2\/product_tag?post=5333"}],"curies":[{"name":"wp","href":"https:\/\/api.w.org\/{rel}","templated":true}]}}