{"id":5335,"date":"2021-07-12T13:12:09","date_gmt":"2021-07-12T11:12:09","guid":{"rendered":"http:\/\/klubmamgdynia.pl\/index.php\/produkt\/umarex-wiatrowka-hk45-446-mm-5-8185\/"},"modified":"2026-04-07T19:09:43","modified_gmt":"2026-04-07T17:09:43","slug":"umarex-wiatrowka-hk45-446-mm-5-8185","status":"publish","type":"product","link":"http:\/\/klubmamgdynia.pl\/index.php\/produkt\/umarex-wiatrowka-hk45-446-mm-5-8185\/","title":{"rendered":"Umarex Wiatr\u00f3wka Hk45 4,46 Mm (5.8185)"},"content":{"rendered":"<p>Pistolet Heckler &amp; Koch HK45 4,46mmWiatr\u00f3wka pistolet Heckler &amp; Koch HK45 4,46 mm to wierna replika z metalowym zamkiem, strzelaj\u0105ca kulkami stalowymi 4,46 mm, zasilana CO2. Podobnie jak w wersji palnej, wiatr\u00f3wk\u0119 wykonano z metalu i lekkich, wytrzyma\u0142ych polimer\u00f3w. Zastosowanie metalowego zamka, zwi\u0119ksza mas\u0119 pistoletu, przez co mamy wra\u017cenie obcowania z broni\u0105 paln\u0105. Wykorzystane materia\u0142y wysokiej jako\u015bci zapewniaj\u0105 odporno\u015b\u0107 na zu\u017cycie i uszkodzenia mechaniczne spowodowane upadkiem, czy zderzeniem z tward\u0105 powierzchni\u0105.W pneumatycznej replice znalaz\u0142y si\u0119 najwa\u017cniejsze szczeg\u00f3\u0142y konstrukcji H&amp;K 45, tj.:- ergonomiczna profilowana r\u0119koje\u015b\u0107 o antypo\u015blizgowej fakturze, umo\u017cliwiaj\u0105ca pewny chwyt podczas strzelania- bezpiecznik skrzyde\u0142kowy, kt\u00f3rego prze\u0142\u0105czenie zapobiega oddaniu przypadkowego strza\u0142u; takie rozwi\u0105zanie gwarantuje bezpieczn\u0105 zabaw\u0119, nale\u017cy tylko pami\u0119ta\u0107, by odbezpiecza\u0107 wiatr\u00f3wk\u0119 tu\u017c przed oddaniem strza\u0142u, w ten spos\u00f3b unikniemy sytuacji gro\u017anych dla u\u017cytkownika i os\u00f3b postronnych- dwustronna d\u017awignia zwalniaj\u0105ca magazynek, co pozwala na sprawn\u0105 wymian\u0119 magazynka zar\u00f3wno przez osoby prawo-, jak i lewor\u0119czne- dolna szyna Picatinny, na kt\u00f3rej mo\u017cna zamontowa\u0107 dodatkowe akcesoria, takie jak celownik laserowy (przyspieszaj\u0105cy celowanie na ma\u0142ych odleg\u0142o\u015bciach) albo latarka taktyczna (umo\u017cliwiaj\u0105ca kontynuowanie strzelania nawet po zapadni\u0119ciu zmroku- system spustowy Single Action\/Double Action, pozwalaj\u0105cy na skr\u00f3cenie drogi spustu (a co za tym idzie &#8211; oddawanie precyzyjniejszych strza\u0142\u00f3w) oraz strzelanie z wykorzystaniem samonapinacza.Wiatr\u00f3wka H&amp;K 45 posiada metalowy, wyjmowany z r\u0119koje\u015bci magazynek mieszcz\u0105cy 19 \u015brucin stalowych 4,46 mm, dzi\u0119ki kt\u00f3remu mo\u017cemy d\u0142ugo cieszy\u0107 si\u0119 dynamiczn\u0105 zabaw\u0105, bez konieczno\u015bci cz\u0119stego uzupe\u0142niania amunicji. 12-gramowa kapsu\u0142a CO2 montowana jest pod ok\u0142adzin\u0105 r\u0119koje\u015bci, co pozwala na jej szybk\u0105 i wygodn\u0105 wymian\u0119. Spr\u0119\u017cony dwutlenek w\u0119gla wystrzeliwuje kulki z pr\u0119dko\u015bci\u0105 pocz\u0105tkow\u0105 122 m\/sek., co zapewnia zachowanie celno\u015bci i du\u017cej si\u0142y na dystansie do kilkunastu metr\u00f3w. Podczas strzelania rekreacyjnego mo\u017cna przekona\u0107 si\u0119 o du\u017cej mocy wiatr\u00f3wki, ustawiaj\u0105c jako cele puszki lub butelki z wod\u0105, ka\u017cde trafienie to gwarantowany widowiskowy efekt!Pistolet Heckler &amp; Koch HK45 to wiatr\u00f3wka o nowoczesnej linii, ergonomicznej budowie oraz wygodnej obs\u0142udze manualnej, co z pewno\u015bci\u0105 doceni\u0105 wszyscy mi\u0142o\u015bnicy wsp\u00f3\u0142czesnej broni i strzelectwa rekreacyjnego. Firma HK to synonim jako\u015bci i wytrzyma\u0142o\u015bci konstrukcji, zakupiona \u201eczterdziestka pi\u0105tka\u201d z pewno\u015bci\u0105 pos\u0142u\u017cy u\u017cytkownikowi przez d\u0142ugi czas i dostarczy sporo satysfakcji podczas trening\u00f3w strzeleckich oraz spotka\u0144 na \u015bwie\u017cym powietrzu w gronie rodziny i przyjaci\u00f3\u0142.Dane techniczne:- producent: Umarex- materia\u0142: metal + abs- kaliber: 4,5 mm- system DAO (double action only)- typ \u015brutu: kulka stalowa BB 4,46 mm- d\u0142ugo\u015b\u0107 ca\u0142kowita: 203 mm- masa: 690 g- pr\u0119dko\u015b\u0107 pocz\u0105tkowa: 122 m\/s- energia: &lt; 3 JEnergia wylotowa \u015brutu poni\u017cej 17 J. Wiatr\u00f3wka dost\u0119pna bez zezwolenia.<\/p>\n<h2>Umarex Wiatr\u00f3wka Hk45 4,46 Mm (5.8185) Umarex<\/h2>\n<p>kr\u00f3tkie zagadki dla doros\u0142ych, plan lekcji do druku, kolorowanki antystresowe do druku, mapa polski do wydrukowania za darmo, nadia, maska iron man, zabawy dla 5-6 latk\u00f3w, dyplom do druku, szybkie zagadki matematyczne<\/p>\n<p>yyyyy<\/p>\n<p>&nbsp;<\/p>\n","protected":false},"excerpt":{"rendered":"<p>Pistolet Heckler &amp; Koch HK45 4,46mmWiatr\u00f3wka pistolet Heckler &amp; Koch HK45 4,46 mm to wierna replika z metalowym zamkiem, strzelaj\u0105ca kulkami stalowymi 4,46 mm, zasilana CO2. Podobnie jak w wersji palnej, wiatr\u00f3wk\u0119 wykonano z metalu i lekkich, wytrzyma\u0142ych polimer\u00f3w. Zastosowanie metalowego zamka, zwi\u0119ksza mas\u0119 pistoletu, przez co mamy wra\u017cenie obcowania z broni\u0105 paln\u0105. Wykorzystane materia\u0142y [&hellip;]<\/p>\n","protected":false},"featured_media":5336,"comment_status":"closed","ping_status":"open","template":"","meta":[],"product_cat":[1335,1169],"product_tag":[864,723,682,771],"class_list":["post-5335","product","type-product","status-publish","has-post-thumbnail","hentry","product_cat-umarex","product_cat-wiatrowki-i-akcesoria","product_tag-basen-warszawa","product_tag-krotkie-bajki-do-czytania-na-dobranoc","product_tag-przyjazn-cytaty","product_tag-stolice-europy-quiz"],"_links":{"self":[{"href":"http:\/\/klubmamgdynia.pl\/index.php\/wp-json\/wp\/v2\/product\/5335","targetHints":{"allow":["GET"]}}],"collection":[{"href":"http:\/\/klubmamgdynia.pl\/index.php\/wp-json\/wp\/v2\/product"}],"about":[{"href":"http:\/\/klubmamgdynia.pl\/index.php\/wp-json\/wp\/v2\/types\/product"}],"replies":[{"embeddable":true,"href":"http:\/\/klubmamgdynia.pl\/index.php\/wp-json\/wp\/v2\/comments?post=5335"}],"wp:featuredmedia":[{"embeddable":true,"href":"http:\/\/klubmamgdynia.pl\/index.php\/wp-json\/wp\/v2\/media\/5336"}],"wp:attachment":[{"href":"http:\/\/klubmamgdynia.pl\/index.php\/wp-json\/wp\/v2\/media?parent=5335"}],"wp:term":[{"taxonomy":"product_cat","embeddable":true,"href":"http:\/\/klubmamgdynia.pl\/index.php\/wp-json\/wp\/v2\/product_cat?post=5335"},{"taxonomy":"product_tag","embeddable":true,"href":"http:\/\/klubmamgdynia.pl\/index.php\/wp-json\/wp\/v2\/product_tag?post=5335"}],"curies":[{"name":"wp","href":"https:\/\/api.w.org\/{rel}","templated":true}]}}