{"id":5337,"date":"2014-02-10T15:32:35","date_gmt":"2014-02-10T14:32:35","guid":{"rendered":"http:\/\/klubmamgdynia.pl\/index.php\/produkt\/mega-creative-naczynia-kuchenne-metalowe-megacreative-500050-zabawka\/"},"modified":"2026-04-04T00:01:53","modified_gmt":"2026-04-03T22:01:53","slug":"mega-creative-naczynia-kuchenne-metalowe-megacreative-500050-zabawka","status":"publish","type":"product","link":"http:\/\/klubmamgdynia.pl\/index.php\/produkt\/mega-creative-naczynia-kuchenne-metalowe-megacreative-500050-zabawka\/","title":{"rendered":"Mega Creative Naczynia Kuchenne Metalowe Megacreative 500050 &#8211; Zabawka"},"content":{"rendered":"<h2>Mega Creative Naczynia Kuchenne Metalowe Megacreative 500050 &#8211; Zabawka Mega Creative<\/h2>\n<p>bajka krecik, jakie prezenty na roczek, quizy online, podchwytliwe zagadki dla doros\u0142ych, pomys\u0142y na prezent dla nastolatki, cytaty na dzien dziecka, niespotykane imiona \u017ce\u0144skie<\/p>\n<p>yyyyy<\/p>\n<p>&nbsp;<\/p>\n","protected":false},"excerpt":{"rendered":"<p>Mega Creative Naczynia Kuchenne Metalowe Megacreative 500050 &#8211; Zabawka Mega Creative bajka krecik, jakie prezenty na roczek, quizy online, podchwytliwe zagadki dla doros\u0142ych, pomys\u0142y na prezent dla nastolatki, cytaty na dzien dziecka, niespotykane imiona \u017ce\u0144skie yyyyy &nbsp;<\/p>\n","protected":false},"featured_media":5338,"comment_status":"closed","ping_status":"open","template":"","meta":[],"product_cat":[53,64],"product_tag":[772,622,876,653,746],"class_list":["post-5337","product","type-product","status-publish","has-post-thumbnail","hentry","product_cat-kaciki-zabaw","product_cat-mega-creative","product_tag-45-panstw-europy-i-ich-stolice-quiz","product_tag-fajne-zagadki","product_tag-przyjazn","product_tag-warszawa-dla-dzieci","product_tag-zagadki-typu-co-to-jest"],"_links":{"self":[{"href":"http:\/\/klubmamgdynia.pl\/index.php\/wp-json\/wp\/v2\/product\/5337","targetHints":{"allow":["GET"]}}],"collection":[{"href":"http:\/\/klubmamgdynia.pl\/index.php\/wp-json\/wp\/v2\/product"}],"about":[{"href":"http:\/\/klubmamgdynia.pl\/index.php\/wp-json\/wp\/v2\/types\/product"}],"replies":[{"embeddable":true,"href":"http:\/\/klubmamgdynia.pl\/index.php\/wp-json\/wp\/v2\/comments?post=5337"}],"wp:featuredmedia":[{"embeddable":true,"href":"http:\/\/klubmamgdynia.pl\/index.php\/wp-json\/wp\/v2\/media\/5338"}],"wp:attachment":[{"href":"http:\/\/klubmamgdynia.pl\/index.php\/wp-json\/wp\/v2\/media?parent=5337"}],"wp:term":[{"taxonomy":"product_cat","embeddable":true,"href":"http:\/\/klubmamgdynia.pl\/index.php\/wp-json\/wp\/v2\/product_cat?post=5337"},{"taxonomy":"product_tag","embeddable":true,"href":"http:\/\/klubmamgdynia.pl\/index.php\/wp-json\/wp\/v2\/product_tag?post=5337"}],"curies":[{"name":"wp","href":"https:\/\/api.w.org\/{rel}","templated":true}]}}