{"id":5339,"date":"2022-05-22T14:46:57","date_gmt":"2022-05-22T12:46:57","guid":{"rendered":"http:\/\/klubmamgdynia.pl\/index.php\/produkt\/midex-wozek-dla-lalek-do-domu-ogrodu-plastikowy\/"},"modified":"2026-04-06T01:11:22","modified_gmt":"2026-04-05T23:11:22","slug":"midex-wozek-dla-lalek-do-domu-ogrodu-plastikowy","status":"publish","type":"product","link":"http:\/\/klubmamgdynia.pl\/index.php\/produkt\/midex-wozek-dla-lalek-do-domu-ogrodu-plastikowy\/","title":{"rendered":"Midex W\u00f3zek Dla Lalek Do Domu Ogrodu Plastikowy"},"content":{"rendered":"<p>W\u00d3ZEK DLA LALEK do domu ogrodu plastikowyKolorowy w\u00f3zek dla lalek.Solidnie wykonany z wytrzyma\u0142ych materia\u0142\u00f3w, b\u0119dzie idealny podczas spaceru z lalkami.Wymiary w\u00f3zka: 66 x 46 x 26 cm.<\/p>\n<h2>Midex W\u00f3zek Dla Lalek Do Domu Ogrodu Plastikowy Midex<\/h2>\n<p>co kupi\u0107 nastolatkowi, smerfy kolorowanka, kolorowanki konie, jad\u0105 jad\u0105 misie tekst, celina, tupu tup po \u015bniegu tekst, matematyczne zagadki, zabawy z pi\u0142k\u0105 dla dzieci, karty pracy dla uczni\u00f3w z ukrainy, kartka walentynkowa zrobiona przez dzieci, zagadki o lesie, walentynka kolorowanka, zagadki dla przedszkolak\u00f3w, quiz bajki, bajki do czytania, wiosenna kolorowanka, kontynenty dla dzieci do druku, quiz o akademii pana kleksa, zagadki dla starszych dzieci, kalendarz adwentowy diy z rolek<\/p>\n<p>yyyyy<\/p>\n<p>&nbsp;<\/p>\n","protected":false},"excerpt":{"rendered":"<p>W\u00d3ZEK DLA LALEK do domu ogrodu plastikowyKolorowy w\u00f3zek dla lalek.Solidnie wykonany z wytrzyma\u0142ych materia\u0142\u00f3w, b\u0119dzie idealny podczas spaceru z lalkami.Wymiary w\u00f3zka: 66 x 46 x 26 cm. Midex W\u00f3zek Dla Lalek Do Domu Ogrodu Plastikowy Midex co kupi\u0107 nastolatkowi, smerfy kolorowanka, kolorowanki konie, jad\u0105 jad\u0105 misie tekst, celina, tupu tup po \u015bniegu tekst, matematyczne zagadki, [&hellip;]<\/p>\n","protected":false},"featured_media":5340,"comment_status":"closed","ping_status":"open","template":"","meta":[],"product_cat":[1091,1098],"product_tag":[668,847,749,798,620],"class_list":["post-5339","product","type-product","status-publish","has-post-thumbnail","hentry","product_cat-midex","product_cat-wozki-dla-lalek","product_tag-atrakcje-dla-dzieci-wroclaw","product_tag-kolorowanki-pokemon","product_tag-najlepsze-zarty-na-prima-aprilis","product_tag-prezenty-dla-nastolatki","product_tag-quiz-opowiesci-z-narnii"],"_links":{"self":[{"href":"http:\/\/klubmamgdynia.pl\/index.php\/wp-json\/wp\/v2\/product\/5339","targetHints":{"allow":["GET"]}}],"collection":[{"href":"http:\/\/klubmamgdynia.pl\/index.php\/wp-json\/wp\/v2\/product"}],"about":[{"href":"http:\/\/klubmamgdynia.pl\/index.php\/wp-json\/wp\/v2\/types\/product"}],"replies":[{"embeddable":true,"href":"http:\/\/klubmamgdynia.pl\/index.php\/wp-json\/wp\/v2\/comments?post=5339"}],"wp:featuredmedia":[{"embeddable":true,"href":"http:\/\/klubmamgdynia.pl\/index.php\/wp-json\/wp\/v2\/media\/5340"}],"wp:attachment":[{"href":"http:\/\/klubmamgdynia.pl\/index.php\/wp-json\/wp\/v2\/media?parent=5339"}],"wp:term":[{"taxonomy":"product_cat","embeddable":true,"href":"http:\/\/klubmamgdynia.pl\/index.php\/wp-json\/wp\/v2\/product_cat?post=5339"},{"taxonomy":"product_tag","embeddable":true,"href":"http:\/\/klubmamgdynia.pl\/index.php\/wp-json\/wp\/v2\/product_tag?post=5339"}],"curies":[{"name":"wp","href":"https:\/\/api.w.org\/{rel}","templated":true}]}}