{"id":5343,"date":"2016-10-29T00:22:33","date_gmt":"2016-10-28T22:22:33","guid":{"rendered":"http:\/\/klubmamgdynia.pl\/index.php\/produkt\/lampka-nocna-led-batman-z-imieniem-dziecka-polysk\/"},"modified":"2026-04-04T21:39:32","modified_gmt":"2026-04-04T19:39:32","slug":"lampka-nocna-led-batman-z-imieniem-dziecka-polysk","status":"publish","type":"product","link":"http:\/\/klubmamgdynia.pl\/index.php\/produkt\/lampka-nocna-led-batman-z-imieniem-dziecka-polysk\/","title":{"rendered":"Lampka Nocna Led Batman Z Imieniem Dziecka Polysk"},"content":{"rendered":"<p>LAMPKA NOCNA LED BATMAN Z IMIENIEM IMIE DZIECKALAMPKA NOCNA LED BATMAN Z IMIENIEM CZARNA DREWNIANAPrze\u015bliczna nocna lampka ledowa Z IMIENIEM DZIECKA w kszta\u0142cie BATMANA .Lampka zasilana na baterie, dzi\u0119ki czemu jest mobilna i mo\u017cesz j\u0105 postawi\u0107 gdziekolwiek zechcesz, lub zawie\u015bi\u0107 na \u015bcianie.Daje niezwykle delikatne \u015bwiat\u0142o, i tworzy magiczn\u0105 atmosfer\u0119 rozja\u015bniaj\u0105c nawet najstraszniejsze sny.Nocne lampki staj\u0105 si\u0119 nieodzownymi przyjaci\u00f3\u0142mi dzieci, pomagaj\u0105 im zasn\u0105\u0107 w poczuciu bezpiecze\u0144stwa, i czuwaj\u0105 nad spokojnym snem.POMYS\u0141 NA PREZENT \u2013lampka doskonale sprawdzi si\u0119 jako prezent dla dziecka zar\u00f3wno ch\u0142opca jak i dziewczynki.Lampka wykonana z PLEXI wkolorze czarny po\u0142ysk (efekt lustra) .Wymiary: 380 x 250 x 3 mmDo wyboru \u015bwiat\u0142o: r\u00f3\u017cowe, kolorowe, niebieskie, bia\u0142e zimne, biale ciep\u0142eW formularzu podczas sk\u0142adania zam\u00f3wienia prosz\u0119 poda\u0107 IMI\u0118 jakie ma zosta\u0107 umieszczone na lampce oraz kolor lampek.ZAPRASZAMY NA POZOSTA\u0141E NASZE AUKCJE NA KT\u00d3RYCH ZNAJD\u0104 PA\u0143STWO DU\u017bO INNYCHPRODUKT\u00d3W !!\u27a1\ufe0f PODARUJ DZIECKU CO\u015a WYJ\u0104TKOWEGO !! \u2b05\ufe0f&#8221;Kiedy \u015bmieje si\u0119 dziecko, \u015bmieje si\u0119 ca\u0142y \u015bwiat&#8221;<\/p>\n<h2>Lampka Nocna Led Batman Z Imieniem Dziecka Polysk Inny<\/h2>\n<p>dzieci.pl, quizy online, zagadka logiczna, atrakcje dla dzieci wroc\u0142aw i okolice, darmowe kolorowanki do druku, kolorowanka traktor, platformy edukacyjne dla dzieci, kotki kolorowanka, znaczenie imiona justyna, testy z lektury opowie\u015bci z narnii lew czarownica i stara szafa, wiersze o wio\u015bnie jana brzechwy, p\u0142ywalnie warszawa, uk\u0142ad s\u0142oneczny dla dzieci do druku<\/p>\n<p>yyyyy<\/p>\n<p>&nbsp;<\/p>\n","protected":false},"excerpt":{"rendered":"<p>LAMPKA NOCNA LED BATMAN Z IMIENIEM IMIE DZIECKALAMPKA NOCNA LED BATMAN Z IMIENIEM CZARNA DREWNIANAPrze\u015bliczna nocna lampka ledowa Z IMIENIEM DZIECKA w kszta\u0142cie BATMANA .Lampka zasilana na baterie, dzi\u0119ki czemu jest mobilna i mo\u017cesz j\u0105 postawi\u0107 gdziekolwiek zechcesz, lub zawie\u015bi\u0107 na \u015bcianie.Daje niezwykle delikatne \u015bwiat\u0142o, i tworzy magiczn\u0105 atmosfer\u0119 rozja\u015bniaj\u0105c nawet najstraszniejsze sny.Nocne lampki staj\u0105 [&hellip;]<\/p>\n","protected":false},"featured_media":5344,"comment_status":"closed","ping_status":"open","template":"","meta":[],"product_cat":[169,138],"product_tag":[871,844,746,615],"class_list":["post-5343","product","type-product","status-publish","has-post-thumbnail","hentry","product_cat-inny","product_cat-lampki-dzieciece","product_tag-bajka-o-smoku-wawelskim","product_tag-co-kupic-na-roczek","product_tag-zagadki-typu-co-to-jest","product_tag-znane-misie-z-filmow-animowanych"],"_links":{"self":[{"href":"http:\/\/klubmamgdynia.pl\/index.php\/wp-json\/wp\/v2\/product\/5343","targetHints":{"allow":["GET"]}}],"collection":[{"href":"http:\/\/klubmamgdynia.pl\/index.php\/wp-json\/wp\/v2\/product"}],"about":[{"href":"http:\/\/klubmamgdynia.pl\/index.php\/wp-json\/wp\/v2\/types\/product"}],"replies":[{"embeddable":true,"href":"http:\/\/klubmamgdynia.pl\/index.php\/wp-json\/wp\/v2\/comments?post=5343"}],"wp:featuredmedia":[{"embeddable":true,"href":"http:\/\/klubmamgdynia.pl\/index.php\/wp-json\/wp\/v2\/media\/5344"}],"wp:attachment":[{"href":"http:\/\/klubmamgdynia.pl\/index.php\/wp-json\/wp\/v2\/media?parent=5343"}],"wp:term":[{"taxonomy":"product_cat","embeddable":true,"href":"http:\/\/klubmamgdynia.pl\/index.php\/wp-json\/wp\/v2\/product_cat?post=5343"},{"taxonomy":"product_tag","embeddable":true,"href":"http:\/\/klubmamgdynia.pl\/index.php\/wp-json\/wp\/v2\/product_tag?post=5343"}],"curies":[{"name":"wp","href":"https:\/\/api.w.org\/{rel}","templated":true}]}}