{"id":5345,"date":"2024-11-07T20:33:48","date_gmt":"2024-11-07T19:33:48","guid":{"rendered":"http:\/\/klubmamgdynia.pl\/?post_type=product&#038;p=5345"},"modified":"2026-04-06T03:06:42","modified_gmt":"2026-04-06T01:06:42","slug":"light-home-lampa-stojaca-loft-dziecieca-abazur-wzor-led","status":"publish","type":"product","link":"http:\/\/klubmamgdynia.pl\/index.php\/produkt\/light-home-lampa-stojaca-loft-dziecieca-abazur-wzor-led\/","title":{"rendered":"Light Home Lampa Stoj\u0105ca Loft Dzieci\u0119ca Aba\u017cur Wz\u00f3r Led"},"content":{"rendered":"<p>Lampa Stoj\u0105ca Loft Dzieci\u0119ca Aba\u017cur Wz\u00f3r Led<\/p>\n<h2>Light Home Lampa Stoj\u0105ca Loft Dzieci\u0119ca Aba\u017cur Wz\u00f3r Led <\/h2>\n<p>podchwytliwe zagadki z odpowiedziami, oryginalny prezent na roczek dla ch\u0142opca, maurycy, kr\u00f3tkie zagadki, test z lektury pies kt\u00f3ry je\u017adzi\u0142 kolej\u0105, mama cytaty, maski do druku kolorowe, quiz o \u015bwi\u0119tach, bajki dla dziewczynek<\/p>\n<p>yyyyy<\/p>\n<p>&nbsp;<\/p>\n","protected":false},"excerpt":{"rendered":"<p>Lampa Stoj\u0105ca Loft Dzieci\u0119ca Aba\u017cur Wz\u00f3r Led Light Home Lampa Stoj\u0105ca Loft Dzieci\u0119ca Aba\u017cur Wz\u00f3r Led podchwytliwe zagadki z odpowiedziami, oryginalny prezent na roczek dla ch\u0142opca, maurycy, kr\u00f3tkie zagadki, test z lektury pies kt\u00f3ry je\u017adzi\u0142 kolej\u0105, mama cytaty, maski do druku kolorowe, quiz o \u015bwi\u0119tach, bajki dla dziewczynek yyyyy &nbsp;<\/p>\n","protected":false},"featured_media":5346,"comment_status":"closed","ping_status":"open","template":"","meta":[],"product_cat":[138],"product_tag":[829,828,851,644,582,778],"class_list":["post-5345","product","type-product","status-publish","has-post-thumbnail","hentry","product_cat-lampki-dzieciece","product_tag-bajki-do-czytania-na-dobranoc","product_tag-filmy-wigilijne-dla-dzieci","product_tag-jak-narysowac-kota","product_tag-mia","product_tag-nauka-pisania-literek-do-wydruku-pdf","product_tag-zabawki-na-roczek-dla-chlopca"],"_links":{"self":[{"href":"http:\/\/klubmamgdynia.pl\/index.php\/wp-json\/wp\/v2\/product\/5345","targetHints":{"allow":["GET"]}}],"collection":[{"href":"http:\/\/klubmamgdynia.pl\/index.php\/wp-json\/wp\/v2\/product"}],"about":[{"href":"http:\/\/klubmamgdynia.pl\/index.php\/wp-json\/wp\/v2\/types\/product"}],"replies":[{"embeddable":true,"href":"http:\/\/klubmamgdynia.pl\/index.php\/wp-json\/wp\/v2\/comments?post=5345"}],"wp:featuredmedia":[{"embeddable":true,"href":"http:\/\/klubmamgdynia.pl\/index.php\/wp-json\/wp\/v2\/media\/5346"}],"wp:attachment":[{"href":"http:\/\/klubmamgdynia.pl\/index.php\/wp-json\/wp\/v2\/media?parent=5345"}],"wp:term":[{"taxonomy":"product_cat","embeddable":true,"href":"http:\/\/klubmamgdynia.pl\/index.php\/wp-json\/wp\/v2\/product_cat?post=5345"},{"taxonomy":"product_tag","embeddable":true,"href":"http:\/\/klubmamgdynia.pl\/index.php\/wp-json\/wp\/v2\/product_tag?post=5345"}],"curies":[{"name":"wp","href":"https:\/\/api.w.org\/{rel}","templated":true}]}}